{"id":542,"date":"2025-10-07T20:32:30","date_gmt":"2025-10-07T18:32:30","guid":{"rendered":"https:\/\/french-english-lessons.com\/?page_id=542"},"modified":"2025-10-07T20:47:40","modified_gmt":"2025-10-07T18:47:40","slug":"online-casovi-nemackog-i-francuskog-od-a1-do-b2","status":"publish","type":"page","link":"https:\/\/french-english-lessons.com\/sr\/online-casovi-nemackog-i-francuskog-od-a1-do-b2\/","title":{"rendered":"online casovi nemackog i francuskog"},"content":{"rendered":"<div>U\u010dite nema\u010dki i francuski\u00a0<b>online<\/b>\u00a0\u2013 iz udobnosti svog doma i po va\u0161em tempu.<\/div>\n<div dir=\"ltr\">Francuski i nemacki za osnovce i srednjoskolce, pomoc pri ucenju i priprema za kontrolne zadatke ili zavrsne ispite.<\/div>\n<p><b>\u0160ta dobijate?<\/b><\/p>\n<ul>\n<li><b>Individualni pristup<\/b>\u00a0i program prilago\u0111en va\u0161im ciljevima (A1-B2).<\/li>\n<li>Fokus na\u00a0<b>konverzaciji<\/b>\u00a0\u2013 progovorite ve\u0107 na prvom \u010dasu!<\/li>\n<li><b>Fleksibilno zakazivanje<\/b>\u00a0termina (jutarnji\/ve\u010dernji\/vikend \u010dasovi).<\/li>\n<li>Svi materijali (knjige, audio, ve\u017ebe) su\u00a0<b>uklju\u010deni<\/b>\u00a0u cenu.<\/li>\n<li>Priprema za me\u0111unarodne\u00a0<b>ispite<\/b>\u00a0(A1-B2)<\/li>\n<\/ul>\n<p><b>Prestanite da odla\u017eete!<\/b>\u00a0Prijavite se za probni \u010das ve\u0107 danas i uverite se u efikasnost na\u0161e metode.<\/p>\n<div><b>Kontakt:<\/b>\u00a0snezanasmc@yahoo.it<\/div>\n<div dir=\"ltr\"><b>Kontakt putem vibera ili watsapp-a:<\/b><\/div>\n<div dir=\"ltr\"><b>063\/232-446<\/b><\/div>","protected":false},"excerpt":{"rendered":"<p>U\u010dite nema\u010dki i francuski\u00a0online\u00a0\u2013 iz udobnosti svog doma i po va\u0161em tempu. Francuski i nemacki za osnovce i srednjoskolce, pomoc pri ucenju i priprema za kontrolne zadatke ili zavrsne ispite. \u0160ta dobijate? Individualni pristup\u00a0i program prilago\u0111en va\u0161im ciljevima (A1-B2). Fokus na\u00a0konverzaciji\u00a0\u2013 progovorite ve\u0107 na prvom \u010dasu! Fleksibilno zakazivanje\u00a0termina (jutarnji\/ve\u010dernji\/vikend \u010dasovi). Svi materijali (knjige, audio, ve\u017ebe) [&hellip;]<\/p>\n","protected":false},"author":2,"featured_media":543,"parent":0,"menu_order":0,"comment_status":"closed","ping_status":"closed","template":"","meta":{"footnotes":""},"class_list":["post-542","page","type-page","status-publish","has-post-thumbnail","hentry"],"yoast_head":"<!-- This site is optimized with the Yoast SEO plugin v27.5 - https:\/\/yoast.com\/product\/yoast-seo-wordpress\/ -->\n<title>online casovi nemackog i francuskog - French English Lessons<\/title>\n<meta name=\"description\" content=\"online \u010dasovi nema\u010dkog&quot;, &quot;u\u010dite nema\u010dki&quot;, &quot;nemacki od A1 do B2, online casovi francuskog za osnovce i srednjoskolce\" \/>\n<meta name=\"robots\" content=\"index, follow, max-snippet:-1, max-image-preview:large, max-video-preview:-1\" \/>\n<link rel=\"canonical\" href=\"https:\/\/french-english-lessons.com\/sr\/online-casovi-nemackog-i-francuskog-od-a1-do-b2\/\" \/>\n<meta property=\"og:locale\" content=\"sr_RS\" \/>\n<meta property=\"og:type\" content=\"article\" \/>\n<meta property=\"og:title\" content=\"casovi francuskog i nemackog\" \/>\n<meta property=\"og:description\" content=\"online \u010dasovi nema\u010dkog&quot;, &quot;u\u010dite nema\u010dki&quot;, &quot;nemacki od A1 do B2, online casovi francuskog za osnovce i srednjoskolce\" \/>\n<meta property=\"og:url\" content=\"https:\/\/french-english-lessons.com\/sr\/online-casovi-nemackog-i-francuskog-od-a1-do-b2\/\" \/>\n<meta property=\"og:site_name\" content=\"French English Lessons\" \/>\n<meta property=\"article:modified_time\" content=\"2025-10-07T18:47:40+00:00\" \/>\n<meta property=\"og:image\" content=\"https:\/\/french-english-lessons.com\/wp-content\/uploads\/2025\/10\/nemacki-cas.jpg\" \/>\n\t<meta property=\"og:image:width\" content=\"800\" \/>\n\t<meta property=\"og:image:height\" content=\"600\" \/>\n\t<meta property=\"og:image:type\" content=\"image\/jpeg\" \/>\n<meta name=\"twitter:card\" content=\"summary_large_image\" \/>\n<meta name=\"twitter:label1\" content=\"\u041f\u0440\u043e\u0446\u0435\u045a\u0435\u043d\u043e \u0432\u0440\u0435\u043c\u0435 \u0447\u0438\u0442\u0430\u045a\u0430\" \/>\n\t<meta name=\"twitter:data1\" content=\"1 \u043c\u0438\u043d\u0443\u0442\" \/>\n<script type=\"application\/ld+json\" class=\"yoast-schema-graph\">{\"@context\":\"https:\\\/\\\/schema.org\",\"@graph\":[{\"@type\":\"WebPage\",\"@id\":\"https:\\\/\\\/french-english-lessons.com\\\/online-casovi-nemackog-i-francuskog-od-a1-do-b2\\\/\",\"url\":\"https:\\\/\\\/french-english-lessons.com\\\/online-casovi-nemackog-i-francuskog-od-a1-do-b2\\\/\",\"name\":\"online casovi nemackog i francuskog - French English Lessons\",\"isPartOf\":{\"@id\":\"https:\\\/\\\/french-english-lessons.com\\\/#website\"},\"primaryImageOfPage\":{\"@id\":\"https:\\\/\\\/french-english-lessons.com\\\/online-casovi-nemackog-i-francuskog-od-a1-do-b2\\\/#primaryimage\"},\"image\":{\"@id\":\"https:\\\/\\\/french-english-lessons.com\\\/online-casovi-nemackog-i-francuskog-od-a1-do-b2\\\/#primaryimage\"},\"thumbnailUrl\":\"https:\\\/\\\/french-english-lessons.com\\\/wp-content\\\/uploads\\\/2025\\\/10\\\/nemacki-cas.jpg\",\"datePublished\":\"2025-10-07T18:32:30+00:00\",\"dateModified\":\"2025-10-07T18:47:40+00:00\",\"description\":\"online \u010dasovi nema\u010dkog\\\", \\\"u\u010dite nema\u010dki\\\", \\\"nemacki od A1 do B2, online casovi francuskog za osnovce i srednjoskolce\",\"breadcrumb\":{\"@id\":\"https:\\\/\\\/french-english-lessons.com\\\/online-casovi-nemackog-i-francuskog-od-a1-do-b2\\\/#breadcrumb\"},\"inLanguage\":\"sr-RS\",\"potentialAction\":[{\"@type\":\"ReadAction\",\"target\":[\"https:\\\/\\\/french-english-lessons.com\\\/online-casovi-nemackog-i-francuskog-od-a1-do-b2\\\/\"]}]},{\"@type\":\"ImageObject\",\"inLanguage\":\"sr-RS\",\"@id\":\"https:\\\/\\\/french-english-lessons.com\\\/online-casovi-nemackog-i-francuskog-od-a1-do-b2\\\/#primaryimage\",\"url\":\"https:\\\/\\\/french-english-lessons.com\\\/wp-content\\\/uploads\\\/2025\\\/10\\\/nemacki-cas.jpg\",\"contentUrl\":\"https:\\\/\\\/french-english-lessons.com\\\/wp-content\\\/uploads\\\/2025\\\/10\\\/nemacki-cas.jpg\",\"width\":800,\"height\":600},{\"@type\":\"BreadcrumbList\",\"@id\":\"https:\\\/\\\/french-english-lessons.com\\\/online-casovi-nemackog-i-francuskog-od-a1-do-b2\\\/#breadcrumb\",\"itemListElement\":[{\"@type\":\"ListItem\",\"position\":1,\"name\":\"Home\",\"item\":\"https:\\\/\\\/french-english-lessons.com\\\/\"},{\"@type\":\"ListItem\",\"position\":2,\"name\":\"online casovi nemackog i francuskog\"}]},{\"@type\":\"WebSite\",\"@id\":\"https:\\\/\\\/french-english-lessons.com\\\/#website\",\"url\":\"https:\\\/\\\/french-english-lessons.com\\\/\",\"name\":\"French English Lessons\",\"description\":\"\",\"potentialAction\":[{\"@type\":\"SearchAction\",\"target\":{\"@type\":\"EntryPoint\",\"urlTemplate\":\"https:\\\/\\\/french-english-lessons.com\\\/?s={search_term_string}\"},\"query-input\":{\"@type\":\"PropertyValueSpecification\",\"valueRequired\":true,\"valueName\":\"search_term_string\"}}],\"inLanguage\":\"sr-RS\"}]}<\/script>\n<!-- \/ Yoast SEO plugin. -->","yoast_head_json":{"title":"online casovi nemackog i francuskog - French English Lessons","description":"online \u010dasovi nema\u010dkog\", \"u\u010dite nema\u010dki\", \"nemacki od A1 do B2, online casovi francuskog za osnovce i srednjoskolce","robots":{"index":"index","follow":"follow","max-snippet":"max-snippet:-1","max-image-preview":"max-image-preview:large","max-video-preview":"max-video-preview:-1"},"canonical":"https:\/\/french-english-lessons.com\/sr\/online-casovi-nemackog-i-francuskog-od-a1-do-b2\/","og_locale":"sr_RS","og_type":"article","og_title":"casovi francuskog i nemackog","og_description":"online \u010dasovi nema\u010dkog\", \"u\u010dite nema\u010dki\", \"nemacki od A1 do B2, online casovi francuskog za osnovce i srednjoskolce","og_url":"https:\/\/french-english-lessons.com\/sr\/online-casovi-nemackog-i-francuskog-od-a1-do-b2\/","og_site_name":"French English Lessons","article_modified_time":"2025-10-07T18:47:40+00:00","og_image":[{"width":800,"height":600,"url":"https:\/\/french-english-lessons.com\/wp-content\/uploads\/2025\/10\/nemacki-cas.jpg","type":"image\/jpeg"}],"twitter_card":"summary_large_image","twitter_misc":{"\u041f\u0440\u043e\u0446\u0435\u045a\u0435\u043d\u043e \u0432\u0440\u0435\u043c\u0435 \u0447\u0438\u0442\u0430\u045a\u0430":"1 \u043c\u0438\u043d\u0443\u0442"},"schema":{"@context":"https:\/\/schema.org","@graph":[{"@type":"WebPage","@id":"https:\/\/french-english-lessons.com\/online-casovi-nemackog-i-francuskog-od-a1-do-b2\/","url":"https:\/\/french-english-lessons.com\/online-casovi-nemackog-i-francuskog-od-a1-do-b2\/","name":"online casovi nemackog i francuskog - French English Lessons","isPartOf":{"@id":"https:\/\/french-english-lessons.com\/#website"},"primaryImageOfPage":{"@id":"https:\/\/french-english-lessons.com\/online-casovi-nemackog-i-francuskog-od-a1-do-b2\/#primaryimage"},"image":{"@id":"https:\/\/french-english-lessons.com\/online-casovi-nemackog-i-francuskog-od-a1-do-b2\/#primaryimage"},"thumbnailUrl":"https:\/\/french-english-lessons.com\/wp-content\/uploads\/2025\/10\/nemacki-cas.jpg","datePublished":"2025-10-07T18:32:30+00:00","dateModified":"2025-10-07T18:47:40+00:00","description":"online \u010dasovi nema\u010dkog\", \"u\u010dite nema\u010dki\", \"nemacki od A1 do B2, online casovi francuskog za osnovce i srednjoskolce","breadcrumb":{"@id":"https:\/\/french-english-lessons.com\/online-casovi-nemackog-i-francuskog-od-a1-do-b2\/#breadcrumb"},"inLanguage":"sr-RS","potentialAction":[{"@type":"ReadAction","target":["https:\/\/french-english-lessons.com\/online-casovi-nemackog-i-francuskog-od-a1-do-b2\/"]}]},{"@type":"ImageObject","inLanguage":"sr-RS","@id":"https:\/\/french-english-lessons.com\/online-casovi-nemackog-i-francuskog-od-a1-do-b2\/#primaryimage","url":"https:\/\/french-english-lessons.com\/wp-content\/uploads\/2025\/10\/nemacki-cas.jpg","contentUrl":"https:\/\/french-english-lessons.com\/wp-content\/uploads\/2025\/10\/nemacki-cas.jpg","width":800,"height":600},{"@type":"BreadcrumbList","@id":"https:\/\/french-english-lessons.com\/online-casovi-nemackog-i-francuskog-od-a1-do-b2\/#breadcrumb","itemListElement":[{"@type":"ListItem","position":1,"name":"Home","item":"https:\/\/french-english-lessons.com\/"},{"@type":"ListItem","position":2,"name":"online casovi nemackog i francuskog"}]},{"@type":"WebSite","@id":"https:\/\/french-english-lessons.com\/#website","url":"https:\/\/french-english-lessons.com\/","name":"French English Lessons","description":"","potentialAction":[{"@type":"SearchAction","target":{"@type":"EntryPoint","urlTemplate":"https:\/\/french-english-lessons.com\/?s={search_term_string}"},"query-input":{"@type":"PropertyValueSpecification","valueRequired":true,"valueName":"search_term_string"}}],"inLanguage":"sr-RS"}]}},"_links":{"self":[{"href":"https:\/\/french-english-lessons.com\/sr\/wp-json\/wp\/v2\/pages\/542","targetHints":{"allow":["GET"]}}],"collection":[{"href":"https:\/\/french-english-lessons.com\/sr\/wp-json\/wp\/v2\/pages"}],"about":[{"href":"https:\/\/french-english-lessons.com\/sr\/wp-json\/wp\/v2\/types\/page"}],"author":[{"embeddable":true,"href":"https:\/\/french-english-lessons.com\/sr\/wp-json\/wp\/v2\/users\/2"}],"replies":[{"embeddable":true,"href":"https:\/\/french-english-lessons.com\/sr\/wp-json\/wp\/v2\/comments?post=542"}],"version-history":[{"count":3,"href":"https:\/\/french-english-lessons.com\/sr\/wp-json\/wp\/v2\/pages\/542\/revisions"}],"predecessor-version":[{"id":546,"href":"https:\/\/french-english-lessons.com\/sr\/wp-json\/wp\/v2\/pages\/542\/revisions\/546"}],"wp:featuredmedia":[{"embeddable":true,"href":"https:\/\/french-english-lessons.com\/sr\/wp-json\/wp\/v2\/media\/543"}],"wp:attachment":[{"href":"https:\/\/french-english-lessons.com\/sr\/wp-json\/wp\/v2\/media?parent=542"}],"curies":[{"name":"wp","href":"https:\/\/api.w.org\/{rel}","templated":true}]}}