{"id":333,"date":"2024-12-11T16:51:35","date_gmt":"2024-12-11T15:51:35","guid":{"rendered":"https:\/\/french-english-lessons.com\/?page_id=333"},"modified":"2024-12-11T17:08:11","modified_gmt":"2024-12-11T16:08:11","slug":"cours-intensifs-danglais-pour-etrangers","status":"publish","type":"page","link":"https:\/\/french-english-lessons.com\/sr\/cours-intensifs-danglais-pour-etrangers\/","title":{"rendered":"Cours intensifs d&rsquo;anglais pour \u00e9trangers"},"content":{"rendered":"<div data-elementor-type=\"wp-page\" data-elementor-id=\"333\" class=\"elementor elementor-333\" data-elementor-post-type=\"page\">\n\t\t\t\t<div class=\"elementor-element elementor-element-4cc00f7 e-flex e-con-boxed e-con e-parent\" data-id=\"4cc00f7\" data-element_type=\"container\" data-e-type=\"container\" data-settings=\"{&quot;jet_parallax_layout_list&quot;:[]}\">\n\t\t\t\t\t<div class=\"e-con-inner\">\n\t\t\t\t<div class=\"elementor-element elementor-element-8ef7caa elementor-widget elementor-widget-heading\" data-id=\"8ef7caa\" data-element_type=\"widget\" data-e-type=\"widget\" data-widget_type=\"heading.default\">\n\t\t\t\t<div class=\"elementor-widget-container\">\n\t\t\t\t\t<h1 class=\"elementor-heading-title elementor-size-default\">Cours intensifs d&rsquo;anglais pour \u00e9trangers<\/h1>\t\t\t\t<\/div>\n\t\t\t\t<\/div>\n\t\t\t\t<div class=\"elementor-element elementor-element-4ba2d91 elementor-widget elementor-widget-text-editor\" data-id=\"4ba2d91\" data-element_type=\"widget\" data-e-type=\"widget\" data-widget_type=\"text-editor.default\">\n\t\t\t\t<div class=\"elementor-widget-container\">\n\t\t\t\t\t\t\t\t\t<p>Vous avez besoin de progresser rapidement en anglais pour vos \u00e9tudes, votre travail ou vos projets personnels ? Nos cours intensifs d\u2019anglais pour \u00e9trangers sont con\u00e7us pour vous permettre d\u2019acqu\u00e9rir les comp\u00e9tences linguistiques n\u00e9cessaires en un temps record. Avec un programme structur\u00e9 et des s\u00e9ances fr\u00e9quentes, vous apprendrez \u00e0 parler, comprendre, lire et \u00e9crire l\u2019anglais efficacement. Ces cours s\u2019adressent \u00e0 tous ceux qui souhaitent une immersion rapide et cibl\u00e9e pour atteindre leurs objectifs.<\/p>\t\t\t\t\t\t\t\t<\/div>\n\t\t\t\t<\/div>\n\t\t\t\t<div class=\"elementor-element elementor-element-4579990 elementor-widget elementor-widget-button\" data-id=\"4579990\" data-element_type=\"widget\" data-e-type=\"widget\" data-widget_type=\"button.default\">\n\t\t\t\t<div class=\"elementor-widget-container\">\n\t\t\t\t\t\t\t\t\t<div class=\"elementor-button-wrapper\">\n\t\t\t\t\t<a class=\"elementor-button elementor-button-link elementor-size-sm\" href=\"https:\/\/french-english-lessons.com\/sr\/contact\/\">\n\t\t\t\t\t\t<span class=\"elementor-button-content-wrapper\">\n\t\t\t\t\t\t\t\t\t<span class=\"elementor-button-text\">Contactez-moi<\/span>\n\t\t\t\t\t<\/span>\n\t\t\t\t\t<\/a>\n\t\t\t\t<\/div>\n\t\t\t\t\t\t\t\t<\/div>\n\t\t\t\t<\/div>\n\t\t\t\t\t<\/div>\n\t\t\t\t<\/div>\n\t\t<div class=\"elementor-element elementor-element-d1d8076 e-flex e-con-boxed e-con e-parent\" data-id=\"d1d8076\" data-element_type=\"container\" data-e-type=\"container\" data-settings=\"{&quot;background_background&quot;:&quot;classic&quot;,&quot;jet_parallax_layout_list&quot;:[]}\">\n\t\t\t\t\t<div class=\"e-con-inner\">\n\t\t\t\t<div class=\"elementor-element elementor-element-5c29eb5 elementor-widget elementor-widget-heading\" data-id=\"5c29eb5\" data-element_type=\"widget\" data-e-type=\"widget\" data-widget_type=\"heading.default\">\n\t\t\t\t<div class=\"elementor-widget-container\">\n\t\t\t\t\t<h2 class=\"elementor-heading-title elementor-size-default\">Pourquoi choisir nos cours intensifs d\u2019anglais pour \u00e9trangers ?\n<\/h2>\t\t\t\t<\/div>\n\t\t\t\t<\/div>\n\t\t\t\t<div class=\"elementor-element elementor-element-e579d8d elementor-widget elementor-widget-text-editor\" data-id=\"e579d8d\" data-element_type=\"widget\" data-e-type=\"widget\" data-widget_type=\"text-editor.default\">\n\t\t\t\t<div class=\"elementor-widget-container\">\n\t\t\t\t\t\t\t\t\t<p>Nos cours intensifs se distinguent par une approche immersive et personnalis\u00e9e. En suivant ce programme, vous b\u00e9n\u00e9ficiez :<\/p><ul><li>D\u2019un apprentissage acc\u00e9l\u00e9r\u00e9 pour des r\u00e9sultats visibles en peu de temps.<\/li><li>D\u2019un accompagnement sur mesure adapt\u00e9 \u00e0 vos besoins et \u00e0 votre niveau.<\/li><li>D\u2019une flexibilit\u00e9 d\u2019horaires pour s\u2019adapter \u00e0 votre emploi du temps.<\/li><\/ul><p>Avec mes certifications TEFL et TESOL, et plusieurs ann\u00e9es d\u2019exp\u00e9rience, je m\u2019engage \u00e0 vous offrir un enseignement de qualit\u00e9 qui combine th\u00e9orie et pratique. Vous serez plong\u00e9 dans des situations vari\u00e9es et motivantes pour d\u00e9velopper votre ma\u00eetrise de l\u2019anglais dans un cadre dynamique.<\/p>\t\t\t\t\t\t\t\t<\/div>\n\t\t\t\t<\/div>\n\t\t\t\t<div class=\"elementor-element elementor-element-97520e5 elementor-widget elementor-widget-button\" data-id=\"97520e5\" data-element_type=\"widget\" data-e-type=\"widget\" data-widget_type=\"button.default\">\n\t\t\t\t<div class=\"elementor-widget-container\">\n\t\t\t\t\t\t\t\t\t<div class=\"elementor-button-wrapper\">\n\t\t\t\t\t<a class=\"elementor-button elementor-button-link elementor-size-sm\" href=\"https:\/\/french-english-lessons.com\/sr\/contact\/\">\n\t\t\t\t\t\t<span class=\"elementor-button-content-wrapper\">\n\t\t\t\t\t\t\t\t\t<span class=\"elementor-button-text\">Contactez-moi<\/span>\n\t\t\t\t\t<\/span>\n\t\t\t\t\t<\/a>\n\t\t\t\t<\/div>\n\t\t\t\t\t\t\t\t<\/div>\n\t\t\t\t<\/div>\n\t\t\t\t\t<\/div>\n\t\t\t\t<\/div>\n\t\t<div class=\"elementor-element elementor-element-294683e e-flex e-con-boxed e-con e-parent\" data-id=\"294683e\" data-element_type=\"container\" data-e-type=\"container\" data-settings=\"{&quot;jet_parallax_layout_list&quot;:[]}\">\n\t\t\t\t\t<div class=\"e-con-inner\">\n\t\t\t\t<div class=\"elementor-element elementor-element-2fe2029 elementor-widget elementor-widget-heading\" data-id=\"2fe2029\" data-element_type=\"widget\" data-e-type=\"widget\" data-widget_type=\"heading.default\">\n\t\t\t\t<div class=\"elementor-widget-container\">\n\t\t\t\t\t<h2 class=\"elementor-heading-title elementor-size-default\">Comment fonctionnent nos cours intensifs d\u2019anglais pour \u00e9trangers ?\n<\/h2>\t\t\t\t<\/div>\n\t\t\t\t<\/div>\n\t\t\t\t<div class=\"elementor-element elementor-element-cc119b9 elementor-widget elementor-widget-text-editor\" data-id=\"cc119b9\" data-element_type=\"widget\" data-e-type=\"widget\" data-widget_type=\"text-editor.default\">\n\t\t\t\t<div class=\"elementor-widget-container\">\n\t\t\t\t\t\t\t\t\t<p>Les cours intensifs se d\u00e9roulent enti\u00e8rement en ligne, offrant un acc\u00e8s facile o\u00f9 que vous soyez. Apr\u00e8s une \u00e9valuation initiale pour identifier vos objectifs, nous concevons un programme intensif comprenant :<\/p><ul><li>Des s\u00e9ances fr\u00e9quentes (quotidiennes ou plusieurs fois par semaine).<\/li><li>Une pratique intensive de l\u2019expression orale et de la compr\u00e9hension \u00e9crite.<\/li><li>Des exercices interactifs pour renforcer la grammaire et enrichir le vocabulaire.<\/li><li>Des mises en situation pratiques et des dialogues pour am\u00e9liorer la fluidit\u00e9.<\/li><\/ul><p>Gr\u00e2ce \u00e0 des outils comme Zoom ou Skype, les cours sont interactifs, engageants et ax\u00e9s sur des r\u00e9sultats rapides.<\/p>\t\t\t\t\t\t\t\t<\/div>\n\t\t\t\t<\/div>\n\t\t\t\t<div class=\"elementor-element elementor-element-6960911 elementor-widget elementor-widget-button\" data-id=\"6960911\" data-element_type=\"widget\" data-e-type=\"widget\" data-widget_type=\"button.default\">\n\t\t\t\t<div class=\"elementor-widget-container\">\n\t\t\t\t\t\t\t\t\t<div class=\"elementor-button-wrapper\">\n\t\t\t\t\t<a class=\"elementor-button elementor-button-link elementor-size-sm\" href=\"https:\/\/french-english-lessons.com\/sr\/contact\/\">\n\t\t\t\t\t\t<span class=\"elementor-button-content-wrapper\">\n\t\t\t\t\t\t\t\t\t<span class=\"elementor-button-text\">Contactez-moi<\/span>\n\t\t\t\t\t<\/span>\n\t\t\t\t\t<\/a>\n\t\t\t\t<\/div>\n\t\t\t\t\t\t\t\t<\/div>\n\t\t\t\t<\/div>\n\t\t\t\t\t<\/div>\n\t\t\t\t<\/div>\n\t\t<div class=\"elementor-element elementor-element-66f8c59 e-flex e-con-boxed e-con e-parent\" data-id=\"66f8c59\" data-element_type=\"container\" data-e-type=\"container\" data-settings=\"{&quot;background_background&quot;:&quot;classic&quot;,&quot;jet_parallax_layout_list&quot;:[]}\">\n\t\t\t\t\t<div class=\"e-con-inner\">\n\t\t\t\t<div class=\"elementor-element elementor-element-c1bbe2c elementor-widget elementor-widget-heading\" data-id=\"c1bbe2c\" data-element_type=\"widget\" data-e-type=\"widget\" data-widget_type=\"heading.default\">\n\t\t\t\t<div class=\"elementor-widget-container\">\n\t\t\t\t\t<h2 class=\"elementor-heading-title elementor-size-default\">Les avantages de nos cours intensifs d\u2019anglais pour \u00e9trangers\n<\/h2>\t\t\t\t<\/div>\n\t\t\t\t<\/div>\n\t\t\t\t<div class=\"elementor-element elementor-element-fa1c8cb elementor-widget elementor-widget-text-editor\" data-id=\"fa1c8cb\" data-element_type=\"widget\" data-e-type=\"widget\" data-widget_type=\"text-editor.default\">\n\t\t\t\t<div class=\"elementor-widget-container\">\n\t\t\t\t\t\t\t\t\t<p>Avec nos cours intensifs, vous b\u00e9n\u00e9ficierez de nombreux avantages :<\/p><ul><li>Une progression rapide et mesurable en anglais.<\/li><li>La possibilit\u00e9 de vous pr\u00e9parer \u00e0 un examen, un voyage ou une opportunit\u00e9 professionnelle.<\/li><li>Un apprentissage dynamique et stimulant gr\u00e2ce \u00e0 des s\u00e9ances r\u00e9guli\u00e8res et engageantes.<\/li><li>Un suivi personnalis\u00e9 pour r\u00e9pondre \u00e0 vos besoins sp\u00e9cifiques.<\/li><\/ul><p>Ces cours sont parfaits pour ceux qui souhaitent apprendre l\u2019anglais en immersion ou qui ont un d\u00e9lai court pour atteindre un niveau souhait\u00e9.<\/p>\t\t\t\t\t\t\t\t<\/div>\n\t\t\t\t<\/div>\n\t\t\t\t<div class=\"elementor-element elementor-element-5e4faac elementor-widget elementor-widget-button\" data-id=\"5e4faac\" data-element_type=\"widget\" data-e-type=\"widget\" data-widget_type=\"button.default\">\n\t\t\t\t<div class=\"elementor-widget-container\">\n\t\t\t\t\t\t\t\t\t<div class=\"elementor-button-wrapper\">\n\t\t\t\t\t<a class=\"elementor-button elementor-button-link elementor-size-sm\" href=\"https:\/\/french-english-lessons.com\/sr\/contact\/\">\n\t\t\t\t\t\t<span class=\"elementor-button-content-wrapper\">\n\t\t\t\t\t\t\t\t\t<span class=\"elementor-button-text\">Contactez-moi<\/span>\n\t\t\t\t\t<\/span>\n\t\t\t\t\t<\/a>\n\t\t\t\t<\/div>\n\t\t\t\t\t\t\t\t<\/div>\n\t\t\t\t<\/div>\n\t\t\t\t\t<\/div>\n\t\t\t\t<\/div>\n\t\t<div class=\"elementor-element elementor-element-f1e1b7f e-flex e-con-boxed e-con e-parent\" data-id=\"f1e1b7f\" data-element_type=\"container\" data-e-type=\"container\" data-settings=\"{&quot;jet_parallax_layout_list&quot;:[]}\">\n\t\t\t\t\t<div class=\"e-con-inner\">\n\t\t\t\t<div class=\"elementor-element elementor-element-56b217e elementor-widget elementor-widget-heading\" data-id=\"56b217e\" data-element_type=\"widget\" data-e-type=\"widget\" data-widget_type=\"heading.default\">\n\t\t\t\t<div class=\"elementor-widget-container\">\n\t\t\t\t\t<h2 class=\"elementor-heading-title elementor-size-default\">\nFAQ - Questions fr\u00e9quentes\n<\/h2>\t\t\t\t<\/div>\n\t\t\t\t<\/div>\n\t\t\t\t<div class=\"elementor-element elementor-element-d6c170e elementor-widget elementor-widget-text-editor\" data-id=\"d6c170e\" data-element_type=\"widget\" data-e-type=\"widget\" data-widget_type=\"text-editor.default\">\n\t\t\t\t<div class=\"elementor-widget-container\">\n\t\t\t\t\t\t\t\t\t<p><strong>\u00c0 qui s\u2019adressent ces cours ?<\/strong><br \/>Ils s\u2019adressent aux d\u00e9butants comme aux apprenants avanc\u00e9s qui souhaitent progresser rapidement.<\/p><p><strong>Quel est le format des cours ?<\/strong><br \/>Les cours sont organis\u00e9s en ligne via Zoom ou Skype, avec des s\u00e9ances interactives et des exercices vari\u00e9s.<\/p><p><strong>Combien de temps dure le programme intensif ?<\/strong><br \/>La dur\u00e9e est personnalis\u00e9e en fonction de vos objectifs, mais des r\u00e9sultats sont visibles en quelques semaines.<\/p><p><strong>Les cours sont-ils adapt\u00e9s \u00e0 des objectifs sp\u00e9cifiques ?<\/strong><br \/>Oui, le programme peut \u00eatre adapt\u00e9 \u00e0 vos besoins, que ce soit pour un examen, un projet professionnel ou un voyage.<\/p>\t\t\t\t\t\t\t\t<\/div>\n\t\t\t\t<\/div>\n\t\t\t\t<div class=\"elementor-element elementor-element-0718090 elementor-widget elementor-widget-button\" data-id=\"0718090\" data-element_type=\"widget\" data-e-type=\"widget\" data-widget_type=\"button.default\">\n\t\t\t\t<div class=\"elementor-widget-container\">\n\t\t\t\t\t\t\t\t\t<div class=\"elementor-button-wrapper\">\n\t\t\t\t\t<a class=\"elementor-button elementor-button-link elementor-size-sm\" href=\"https:\/\/french-english-lessons.com\/sr\/contact\/\">\n\t\t\t\t\t\t<span class=\"elementor-button-content-wrapper\">\n\t\t\t\t\t\t\t\t\t<span class=\"elementor-button-text\">Contactez-moi<\/span>\n\t\t\t\t\t<\/span>\n\t\t\t\t\t<\/a>\n\t\t\t\t<\/div>\n\t\t\t\t\t\t\t\t<\/div>\n\t\t\t\t<\/div>\n\t\t\t\t\t<\/div>\n\t\t\t\t<\/div>\n\t\t\t\t<\/div>","protected":false},"excerpt":{"rendered":"<p>Vous avez besoin de progresser rapidement en anglais pour vos \u00e9tudes, votre travail ou vos projets personnels ? Nos cours intensifs d\u2019anglais pour \u00e9trangers sont con\u00e7us pour vous permettre d\u2019acqu\u00e9rir les comp\u00e9tences linguistiques n\u00e9cessaires en un temps record. Avec un programme structur\u00e9 et des s\u00e9ances fr\u00e9quentes, vous apprendrez \u00e0 parler, comprendre, lire et \u00e9crire l\u2019anglais [&hellip;]<\/p>\n","protected":false},"author":1,"featured_media":0,"parent":0,"menu_order":0,"comment_status":"closed","ping_status":"closed","template":"elementor_header_footer","meta":{"footnotes":""},"class_list":["post-333","page","type-page","status-publish","hentry"],"yoast_head":"<!-- This site is optimized with the Yoast SEO plugin v27.5 - https:\/\/yoast.com\/product\/yoast-seo-wordpress\/ -->\n<title>Cours intensifs d&#039;anglais pour \u00e9trangers - French English Lessons<\/title>\n<meta name=\"robots\" content=\"index, follow, max-snippet:-1, max-image-preview:large, max-video-preview:-1\" \/>\n<link rel=\"canonical\" href=\"https:\/\/french-english-lessons.com\/sr\/cours-intensifs-danglais-pour-etrangers\/\" \/>\n<meta property=\"og:locale\" content=\"sr_RS\" \/>\n<meta property=\"og:type\" content=\"article\" \/>\n<meta property=\"og:title\" content=\"Cours intensifs d&#039;anglais pour \u00e9trangers - French English Lessons\" \/>\n<meta property=\"og:description\" content=\"Vous avez besoin de progresser rapidement en anglais pour vos \u00e9tudes, votre travail ou vos projets personnels ? Nos cours intensifs d\u2019anglais pour \u00e9trangers sont con\u00e7us pour vous permettre d\u2019acqu\u00e9rir les comp\u00e9tences linguistiques n\u00e9cessaires en un temps record. Avec un programme structur\u00e9 et des s\u00e9ances fr\u00e9quentes, vous apprendrez \u00e0 parler, comprendre, lire et \u00e9crire l\u2019anglais [&hellip;]\" \/>\n<meta property=\"og:url\" content=\"https:\/\/french-english-lessons.com\/sr\/cours-intensifs-danglais-pour-etrangers\/\" \/>\n<meta property=\"og:site_name\" content=\"French English Lessons\" \/>\n<meta property=\"article:modified_time\" content=\"2024-12-11T16:08:11+00:00\" \/>\n<meta name=\"twitter:card\" content=\"summary_large_image\" \/>\n<meta name=\"twitter:label1\" content=\"\u041f\u0440\u043e\u0446\u0435\u045a\u0435\u043d\u043e \u0432\u0440\u0435\u043c\u0435 \u0447\u0438\u0442\u0430\u045a\u0430\" \/>\n\t<meta name=\"twitter:data1\" content=\"3 \u043c\u0438\u043d\u0443\u0442\u0430\" \/>\n<script type=\"application\/ld+json\" class=\"yoast-schema-graph\">{\"@context\":\"https:\\\/\\\/schema.org\",\"@graph\":[{\"@type\":\"WebPage\",\"@id\":\"https:\\\/\\\/french-english-lessons.com\\\/cours-intensifs-danglais-pour-etrangers\\\/\",\"url\":\"https:\\\/\\\/french-english-lessons.com\\\/cours-intensifs-danglais-pour-etrangers\\\/\",\"name\":\"Cours intensifs d'anglais pour \u00e9trangers - French English Lessons\",\"isPartOf\":{\"@id\":\"https:\\\/\\\/french-english-lessons.com\\\/#website\"},\"datePublished\":\"2024-12-11T15:51:35+00:00\",\"dateModified\":\"2024-12-11T16:08:11+00:00\",\"breadcrumb\":{\"@id\":\"https:\\\/\\\/french-english-lessons.com\\\/cours-intensifs-danglais-pour-etrangers\\\/#breadcrumb\"},\"inLanguage\":\"sr-RS\",\"potentialAction\":[{\"@type\":\"ReadAction\",\"target\":[\"https:\\\/\\\/french-english-lessons.com\\\/cours-intensifs-danglais-pour-etrangers\\\/\"]}]},{\"@type\":\"BreadcrumbList\",\"@id\":\"https:\\\/\\\/french-english-lessons.com\\\/cours-intensifs-danglais-pour-etrangers\\\/#breadcrumb\",\"itemListElement\":[{\"@type\":\"ListItem\",\"position\":1,\"name\":\"Home\",\"item\":\"https:\\\/\\\/french-english-lessons.com\\\/\"},{\"@type\":\"ListItem\",\"position\":2,\"name\":\"Cours intensifs d&rsquo;anglais pour \u00e9trangers\"}]},{\"@type\":\"WebSite\",\"@id\":\"https:\\\/\\\/french-english-lessons.com\\\/#website\",\"url\":\"https:\\\/\\\/french-english-lessons.com\\\/\",\"name\":\"French English Lessons\",\"description\":\"\",\"potentialAction\":[{\"@type\":\"SearchAction\",\"target\":{\"@type\":\"EntryPoint\",\"urlTemplate\":\"https:\\\/\\\/french-english-lessons.com\\\/?s={search_term_string}\"},\"query-input\":{\"@type\":\"PropertyValueSpecification\",\"valueRequired\":true,\"valueName\":\"search_term_string\"}}],\"inLanguage\":\"sr-RS\"}]}<\/script>\n<!-- \/ Yoast SEO plugin. -->","yoast_head_json":{"title":"Cours intensifs d'anglais pour \u00e9trangers - French English Lessons","robots":{"index":"index","follow":"follow","max-snippet":"max-snippet:-1","max-image-preview":"max-image-preview:large","max-video-preview":"max-video-preview:-1"},"canonical":"https:\/\/french-english-lessons.com\/sr\/cours-intensifs-danglais-pour-etrangers\/","og_locale":"sr_RS","og_type":"article","og_title":"Cours intensifs d'anglais pour \u00e9trangers - French English Lessons","og_description":"Vous avez besoin de progresser rapidement en anglais pour vos \u00e9tudes, votre travail ou vos projets personnels ? Nos cours intensifs d\u2019anglais pour \u00e9trangers sont con\u00e7us pour vous permettre d\u2019acqu\u00e9rir les comp\u00e9tences linguistiques n\u00e9cessaires en un temps record. Avec un programme structur\u00e9 et des s\u00e9ances fr\u00e9quentes, vous apprendrez \u00e0 parler, comprendre, lire et \u00e9crire l\u2019anglais [&hellip;]","og_url":"https:\/\/french-english-lessons.com\/sr\/cours-intensifs-danglais-pour-etrangers\/","og_site_name":"French English Lessons","article_modified_time":"2024-12-11T16:08:11+00:00","twitter_card":"summary_large_image","twitter_misc":{"\u041f\u0440\u043e\u0446\u0435\u045a\u0435\u043d\u043e \u0432\u0440\u0435\u043c\u0435 \u0447\u0438\u0442\u0430\u045a\u0430":"3 \u043c\u0438\u043d\u0443\u0442\u0430"},"schema":{"@context":"https:\/\/schema.org","@graph":[{"@type":"WebPage","@id":"https:\/\/french-english-lessons.com\/cours-intensifs-danglais-pour-etrangers\/","url":"https:\/\/french-english-lessons.com\/cours-intensifs-danglais-pour-etrangers\/","name":"Cours intensifs d'anglais pour \u00e9trangers - French English Lessons","isPartOf":{"@id":"https:\/\/french-english-lessons.com\/#website"},"datePublished":"2024-12-11T15:51:35+00:00","dateModified":"2024-12-11T16:08:11+00:00","breadcrumb":{"@id":"https:\/\/french-english-lessons.com\/cours-intensifs-danglais-pour-etrangers\/#breadcrumb"},"inLanguage":"sr-RS","potentialAction":[{"@type":"ReadAction","target":["https:\/\/french-english-lessons.com\/cours-intensifs-danglais-pour-etrangers\/"]}]},{"@type":"BreadcrumbList","@id":"https:\/\/french-english-lessons.com\/cours-intensifs-danglais-pour-etrangers\/#breadcrumb","itemListElement":[{"@type":"ListItem","position":1,"name":"Home","item":"https:\/\/french-english-lessons.com\/"},{"@type":"ListItem","position":2,"name":"Cours intensifs d&rsquo;anglais pour \u00e9trangers"}]},{"@type":"WebSite","@id":"https:\/\/french-english-lessons.com\/#website","url":"https:\/\/french-english-lessons.com\/","name":"French English Lessons","description":"","potentialAction":[{"@type":"SearchAction","target":{"@type":"EntryPoint","urlTemplate":"https:\/\/french-english-lessons.com\/?s={search_term_string}"},"query-input":{"@type":"PropertyValueSpecification","valueRequired":true,"valueName":"search_term_string"}}],"inLanguage":"sr-RS"}]}},"_links":{"self":[{"href":"https:\/\/french-english-lessons.com\/sr\/wp-json\/wp\/v2\/pages\/333","targetHints":{"allow":["GET"]}}],"collection":[{"href":"https:\/\/french-english-lessons.com\/sr\/wp-json\/wp\/v2\/pages"}],"about":[{"href":"https:\/\/french-english-lessons.com\/sr\/wp-json\/wp\/v2\/types\/page"}],"author":[{"embeddable":true,"href":"https:\/\/french-english-lessons.com\/sr\/wp-json\/wp\/v2\/users\/1"}],"replies":[{"embeddable":true,"href":"https:\/\/french-english-lessons.com\/sr\/wp-json\/wp\/v2\/comments?post=333"}],"version-history":[{"count":10,"href":"https:\/\/french-english-lessons.com\/sr\/wp-json\/wp\/v2\/pages\/333\/revisions"}],"predecessor-version":[{"id":442,"href":"https:\/\/french-english-lessons.com\/sr\/wp-json\/wp\/v2\/pages\/333\/revisions\/442"}],"wp:attachment":[{"href":"https:\/\/french-english-lessons.com\/sr\/wp-json\/wp\/v2\/media?parent=333"}],"curies":[{"name":"wp","href":"https:\/\/api.w.org\/{rel}","templated":true}]}}