{"id":283,"date":"2024-11-27T17:17:29","date_gmt":"2024-11-27T16:17:29","guid":{"rendered":"https:\/\/french-english-lessons.com\/?page_id=283"},"modified":"2024-11-27T17:18:32","modified_gmt":"2024-11-27T16:18:32","slug":"cours-de-grammaire-francaise-pour-etrangers","status":"publish","type":"page","link":"https:\/\/french-english-lessons.com\/sr\/cours-de-grammaire-francaise-pour-etrangers\/","title":{"rendered":"Cours de grammaire fran\u00e7aise pour \u00e9trangers"},"content":{"rendered":"<div data-elementor-type=\"wp-page\" data-elementor-id=\"283\" class=\"elementor elementor-283\" data-elementor-post-type=\"page\">\n\t\t\t\t<div class=\"elementor-element elementor-element-49c189d e-flex e-con-boxed e-con e-parent\" data-id=\"49c189d\" data-element_type=\"container\" data-e-type=\"container\" data-settings=\"{&quot;jet_parallax_layout_list&quot;:[]}\">\n\t\t\t\t\t<div class=\"e-con-inner\">\n\t\t\t\t<div class=\"elementor-element elementor-element-6dfa99e elementor-widget elementor-widget-heading\" data-id=\"6dfa99e\" data-element_type=\"widget\" data-e-type=\"widget\" data-widget_type=\"heading.default\">\n\t\t\t\t<div class=\"elementor-widget-container\">\n\t\t\t\t\t<h1 class=\"elementor-heading-title elementor-size-default\">Cours de grammaire fran\u00e7aise pour \u00e9trangers : ma\u00eetrisez les r\u00e8gles facilement\n\n<\/h1>\t\t\t\t<\/div>\n\t\t\t\t<\/div>\n\t\t\t\t<div class=\"elementor-element elementor-element-ef8f459 elementor-widget elementor-widget-text-editor\" data-id=\"ef8f459\" data-element_type=\"widget\" data-e-type=\"widget\" data-widget_type=\"text-editor.default\">\n\t\t\t\t<div class=\"elementor-widget-container\">\n\t\t\t\t\t\t\t\t\t<p>La grammaire fran\u00e7aise peut parfois sembler complexe, mais avec une m\u00e9thode adapt\u00e9e, elle devient accessible et logique. Nos <strong>cours de grammaire fran\u00e7aise pour \u00e9trangers<\/strong> sont con\u00e7us pour vous aider \u00e0 comprendre et appliquer les r\u00e8gles de grammaire dans des contextes concrets. Que vous soyez d\u00e9butant ou avanc\u00e9, nos le\u00e7ons vous permettront d\u2019am\u00e9liorer votre pr\u00e9cision et votre confiance dans l\u2019utilisation du fran\u00e7ais.<\/p>\t\t\t\t\t\t\t\t<\/div>\n\t\t\t\t<\/div>\n\t\t\t\t<div class=\"elementor-element elementor-element-1bc64b3 elementor-widget elementor-widget-button\" data-id=\"1bc64b3\" data-element_type=\"widget\" data-e-type=\"widget\" data-widget_type=\"button.default\">\n\t\t\t\t<div class=\"elementor-widget-container\">\n\t\t\t\t\t\t\t\t\t<div class=\"elementor-button-wrapper\">\n\t\t\t\t\t<a class=\"elementor-button elementor-button-link elementor-size-sm\" href=\"https:\/\/french-english-lessons.com\/sr\/contact\/\">\n\t\t\t\t\t\t<span class=\"elementor-button-content-wrapper\">\n\t\t\t\t\t\t\t\t\t<span class=\"elementor-button-text\">Contactez-moi<\/span>\n\t\t\t\t\t<\/span>\n\t\t\t\t\t<\/a>\n\t\t\t\t<\/div>\n\t\t\t\t\t\t\t\t<\/div>\n\t\t\t\t<\/div>\n\t\t\t\t\t<\/div>\n\t\t\t\t<\/div>\n\t\t<div class=\"elementor-element elementor-element-3ed0ba3 e-flex e-con-boxed e-con e-parent\" data-id=\"3ed0ba3\" data-element_type=\"container\" data-e-type=\"container\" data-settings=\"{&quot;background_background&quot;:&quot;classic&quot;,&quot;jet_parallax_layout_list&quot;:[]}\">\n\t\t\t\t\t<div class=\"e-con-inner\">\n\t\t\t\t<div class=\"elementor-element elementor-element-78d29cf elementor-widget elementor-widget-heading\" data-id=\"78d29cf\" data-element_type=\"widget\" data-e-type=\"widget\" data-widget_type=\"heading.default\">\n\t\t\t\t<div class=\"elementor-widget-container\">\n\t\t\t\t\t<h2 class=\"elementor-heading-title elementor-size-default\">Pourquoi suivre des cours de grammaire fran\u00e7aise pour \u00e9trangers\u202f?\n\n<\/h2>\t\t\t\t<\/div>\n\t\t\t\t<\/div>\n\t\t\t\t<div class=\"elementor-element elementor-element-e2b4e54 elementor-widget elementor-widget-text-editor\" data-id=\"e2b4e54\" data-element_type=\"widget\" data-e-type=\"widget\" data-widget_type=\"text-editor.default\">\n\t\t\t\t<div class=\"elementor-widget-container\">\n\t\t\t\t\t\t\t\t\t<p>Comprendre la grammaire est essentiel pour communiquer correctement en fran\u00e7ais. Ces cours vous permettent de ma\u00eetriser les bases grammaticales comme les articles, les accords ou les conjugaisons, tout en explorant des aspects plus avanc\u00e9s comme les subjonctifs ou les phrases complexes. En travaillant sur des exemples pratiques et des exercices interactifs, vous apprendrez \u00e0 utiliser la grammaire de mani\u00e8re naturelle dans vos conversations, vos \u00e9crits ou vos examens de langue.<\/p>\t\t\t\t\t\t\t\t<\/div>\n\t\t\t\t<\/div>\n\t\t\t\t<div class=\"elementor-element elementor-element-1ed20f0 elementor-widget elementor-widget-button\" data-id=\"1ed20f0\" data-element_type=\"widget\" data-e-type=\"widget\" data-widget_type=\"button.default\">\n\t\t\t\t<div class=\"elementor-widget-container\">\n\t\t\t\t\t\t\t\t\t<div class=\"elementor-button-wrapper\">\n\t\t\t\t\t<a class=\"elementor-button elementor-button-link elementor-size-sm\" href=\"https:\/\/french-english-lessons.com\/sr\/contact\/\">\n\t\t\t\t\t\t<span class=\"elementor-button-content-wrapper\">\n\t\t\t\t\t\t\t\t\t<span class=\"elementor-button-text\">Contactez-moi<\/span>\n\t\t\t\t\t<\/span>\n\t\t\t\t\t<\/a>\n\t\t\t\t<\/div>\n\t\t\t\t\t\t\t\t<\/div>\n\t\t\t\t<\/div>\n\t\t\t\t\t<\/div>\n\t\t\t\t<\/div>\n\t\t<div class=\"elementor-element elementor-element-fc54dbb e-flex e-con-boxed e-con e-parent\" data-id=\"fc54dbb\" data-element_type=\"container\" data-e-type=\"container\" data-settings=\"{&quot;jet_parallax_layout_list&quot;:[]}\">\n\t\t\t\t\t<div class=\"e-con-inner\">\n\t\t\t\t<div class=\"elementor-element elementor-element-68be735 elementor-widget elementor-widget-heading\" data-id=\"68be735\" data-element_type=\"widget\" data-e-type=\"widget\" data-widget_type=\"heading.default\">\n\t\t\t\t<div class=\"elementor-widget-container\">\n\t\t\t\t\t<h2 class=\"elementor-heading-title elementor-size-default\">Comment fonctionnent nos cours de grammaire fran\u00e7aise pour \u00e9trangers\u202f?\n\n<\/h2>\t\t\t\t<\/div>\n\t\t\t\t<\/div>\n\t\t\t\t<div class=\"elementor-element elementor-element-05cd412 elementor-widget elementor-widget-text-editor\" data-id=\"05cd412\" data-element_type=\"widget\" data-e-type=\"widget\" data-widget_type=\"text-editor.default\">\n\t\t\t\t<div class=\"elementor-widget-container\">\n\t\t\t\t\t\t\t\t\t<p>Les cours sont enti\u00e8rement en ligne et adapt\u00e9s \u00e0 votre niveau. Lors de la premi\u00e8re s\u00e9ance, nous \u00e9valuerons vos besoins pour cr\u00e9er un programme personnalis\u00e9. Les le\u00e7ons incluent des explications claires et des exercices pratiques sur des points sp\u00e9cifiques comme les accords, les temps verbaux ou les pronoms. Nous utilisons des outils interactifs et des supports vari\u00e9s pour rendre l\u2019apprentissage dynamique et engageant. Chaque cours est con\u00e7u pour vous permettre d\u2019appliquer imm\u00e9diatement ce que vous avez appris.<\/p>\t\t\t\t\t\t\t\t<\/div>\n\t\t\t\t<\/div>\n\t\t\t\t<div class=\"elementor-element elementor-element-1bd466e elementor-widget elementor-widget-button\" data-id=\"1bd466e\" data-element_type=\"widget\" data-e-type=\"widget\" data-widget_type=\"button.default\">\n\t\t\t\t<div class=\"elementor-widget-container\">\n\t\t\t\t\t\t\t\t\t<div class=\"elementor-button-wrapper\">\n\t\t\t\t\t<a class=\"elementor-button elementor-button-link elementor-size-sm\" href=\"https:\/\/french-english-lessons.com\/sr\/contact\/\">\n\t\t\t\t\t\t<span class=\"elementor-button-content-wrapper\">\n\t\t\t\t\t\t\t\t\t<span class=\"elementor-button-text\">Contactez-moi<\/span>\n\t\t\t\t\t<\/span>\n\t\t\t\t\t<\/a>\n\t\t\t\t<\/div>\n\t\t\t\t\t\t\t\t<\/div>\n\t\t\t\t<\/div>\n\t\t\t\t\t<\/div>\n\t\t\t\t<\/div>\n\t\t<div class=\"elementor-element elementor-element-de52d37 e-flex e-con-boxed e-con e-parent\" data-id=\"de52d37\" data-element_type=\"container\" data-e-type=\"container\" data-settings=\"{&quot;background_background&quot;:&quot;classic&quot;,&quot;jet_parallax_layout_list&quot;:[]}\">\n\t\t\t\t\t<div class=\"e-con-inner\">\n\t\t\t\t<div class=\"elementor-element elementor-element-228e210 elementor-widget elementor-widget-heading\" data-id=\"228e210\" data-element_type=\"widget\" data-e-type=\"widget\" data-widget_type=\"heading.default\">\n\t\t\t\t<div class=\"elementor-widget-container\">\n\t\t\t\t\t<h2 class=\"elementor-heading-title elementor-size-default\">Les b\u00e9n\u00e9fices d\u2019apprendre la grammaire fran\u00e7aise avec nous\n\n<\/h2>\t\t\t\t<\/div>\n\t\t\t\t<\/div>\n\t\t\t\t<div class=\"elementor-element elementor-element-ee1a282 elementor-widget elementor-widget-text-editor\" data-id=\"ee1a282\" data-element_type=\"widget\" data-e-type=\"widget\" data-widget_type=\"text-editor.default\">\n\t\t\t\t<div class=\"elementor-widget-container\">\n\t\t\t\t\t\t\t\t\t<p>En suivant nos <strong>cours de grammaire fran\u00e7aise pour \u00e9trangers<\/strong>, vous d\u00e9velopperez une ma\u00eetrise solide des r\u00e8gles grammaticales. Cela am\u00e9liorera non seulement votre pr\u00e9cision, mais aussi votre capacit\u00e9 \u00e0 vous exprimer de mani\u00e8re fluide et naturelle. Vous apprendrez \u00e0 \u00e9viter les erreurs courantes et \u00e0 utiliser des structures grammaticales adapt\u00e9es \u00e0 diff\u00e9rents contextes. Que ce soit pour \u00e9crire des emails professionnels, r\u00e9diger un essai ou tenir une conversation, ces cours vous donneront une base essentielle pour r\u00e9ussir.<\/p>\t\t\t\t\t\t\t\t<\/div>\n\t\t\t\t<\/div>\n\t\t\t\t<div class=\"elementor-element elementor-element-986c6ca elementor-widget elementor-widget-button\" data-id=\"986c6ca\" data-element_type=\"widget\" data-e-type=\"widget\" data-widget_type=\"button.default\">\n\t\t\t\t<div class=\"elementor-widget-container\">\n\t\t\t\t\t\t\t\t\t<div class=\"elementor-button-wrapper\">\n\t\t\t\t\t<a class=\"elementor-button elementor-button-link elementor-size-sm\" href=\"https:\/\/french-english-lessons.com\/sr\/contact\/\">\n\t\t\t\t\t\t<span class=\"elementor-button-content-wrapper\">\n\t\t\t\t\t\t\t\t\t<span class=\"elementor-button-text\">Contactez-moi<\/span>\n\t\t\t\t\t<\/span>\n\t\t\t\t\t<\/a>\n\t\t\t\t<\/div>\n\t\t\t\t\t\t\t\t<\/div>\n\t\t\t\t<\/div>\n\t\t\t\t\t<\/div>\n\t\t\t\t<\/div>\n\t\t<div class=\"elementor-element elementor-element-526818e e-flex e-con-boxed e-con e-parent\" data-id=\"526818e\" data-element_type=\"container\" data-e-type=\"container\" data-settings=\"{&quot;jet_parallax_layout_list&quot;:[]}\">\n\t\t\t\t\t<div class=\"e-con-inner\">\n\t\t\t\t<div class=\"elementor-element elementor-element-0447cfd elementor-widget elementor-widget-heading\" data-id=\"0447cfd\" data-element_type=\"widget\" data-e-type=\"widget\" data-widget_type=\"heading.default\">\n\t\t\t\t<div class=\"elementor-widget-container\">\n\t\t\t\t\t<h2 class=\"elementor-heading-title elementor-size-default\">R\u00e9servez vos cours de grammaire fran\u00e7aise pour \u00e9trangers d\u00e8s maintenant\n\n<\/h2>\t\t\t\t<\/div>\n\t\t\t\t<\/div>\n\t\t\t\t<div class=\"elementor-element elementor-element-4dcf883 elementor-widget elementor-widget-text-editor\" data-id=\"4dcf883\" data-element_type=\"widget\" data-e-type=\"widget\" data-widget_type=\"text-editor.default\">\n\t\t\t\t<div class=\"elementor-widget-container\">\n\t\t\t\t\t\t\t\t\t<p>N\u2019attendez plus pour perfectionner votre ma\u00eetrise du fran\u00e7ais. R\u00e9servez votre premi\u00e8re s\u00e9ance de <strong>cours de grammaire fran\u00e7aise pour \u00e9trangers<\/strong> d\u00e8s aujourd\u2019hui et d\u00e9couvrez une m\u00e9thode efficace pour apprendre les r\u00e8gles avec facilit\u00e9. Que vous soyez d\u00e9butant ou avanc\u00e9, nos cours s\u2019adaptent \u00e0 vos besoins et vous permettront d\u2019atteindre vos objectifs linguistiques rapidement.<\/p>\t\t\t\t\t\t\t\t<\/div>\n\t\t\t\t<\/div>\n\t\t\t\t<div class=\"elementor-element elementor-element-01973a9 elementor-widget elementor-widget-button\" data-id=\"01973a9\" data-element_type=\"widget\" data-e-type=\"widget\" data-widget_type=\"button.default\">\n\t\t\t\t<div class=\"elementor-widget-container\">\n\t\t\t\t\t\t\t\t\t<div class=\"elementor-button-wrapper\">\n\t\t\t\t\t<a class=\"elementor-button elementor-button-link elementor-size-sm\" href=\"https:\/\/french-english-lessons.com\/sr\/contact\/\">\n\t\t\t\t\t\t<span class=\"elementor-button-content-wrapper\">\n\t\t\t\t\t\t\t\t\t<span class=\"elementor-button-text\">Contactez-moi<\/span>\n\t\t\t\t\t<\/span>\n\t\t\t\t\t<\/a>\n\t\t\t\t<\/div>\n\t\t\t\t\t\t\t\t<\/div>\n\t\t\t\t<\/div>\n\t\t\t\t\t<\/div>\n\t\t\t\t<\/div>\n\t\t<div class=\"elementor-element elementor-element-f2fb15e e-flex e-con-boxed e-con e-parent\" data-id=\"f2fb15e\" data-element_type=\"container\" data-e-type=\"container\" data-settings=\"{&quot;background_background&quot;:&quot;classic&quot;,&quot;jet_parallax_layout_list&quot;:[]}\">\n\t\t\t\t\t<div class=\"e-con-inner\">\n\t\t\t\t<div class=\"elementor-element elementor-element-2783d3a elementor-widget elementor-widget-heading\" data-id=\"2783d3a\" data-element_type=\"widget\" data-e-type=\"widget\" data-widget_type=\"heading.default\">\n\t\t\t\t<div class=\"elementor-widget-container\">\n\t\t\t\t\t<h2 class=\"elementor-heading-title elementor-size-default\">FAQ - Questions fr\u00e9quentes\n<\/h2>\t\t\t\t<\/div>\n\t\t\t\t<\/div>\n\t\t\t\t<div class=\"elementor-element elementor-element-f86e785 elementor-widget elementor-widget-text-editor\" data-id=\"f86e785\" data-element_type=\"widget\" data-e-type=\"widget\" data-widget_type=\"text-editor.default\">\n\t\t\t\t<div class=\"elementor-widget-container\">\n\t\t\t\t\t\t\t\t\t<p><strong>Ces cours sont-ils adapt\u00e9s \u00e0 tous les niveaux\u202f?<\/strong><br \/>Oui, nos cours sont con\u00e7us pour tous les niveaux, des d\u00e9butants qui souhaitent apprendre les bases aux avanc\u00e9s qui veulent approfondir leur connaissance des subtilit\u00e9s grammaticales.<\/p><p><strong>Quels sujets sont abord\u00e9s dans les cours\u202f?<\/strong><br \/>Nous couvrons des sujets vari\u00e9s comme les conjugaisons, les accords, les pr\u00e9positions, les pronoms et les structures complexes, selon vos besoins.<\/p><p><strong>Combien de temps faut-il pour ma\u00eetriser la grammaire fran\u00e7aise\u202f?<\/strong><br \/>Cela d\u00e9pend de votre niveau initial et de vos objectifs. Avec une pratique r\u00e9guli\u00e8re, des progr\u00e8s significatifs peuvent \u00eatre observ\u00e9s en quelques semaines.<\/p><p><strong>Les cours incluent-ils des exercices pratiques\u202f?<\/strong><br \/>Oui, chaque le\u00e7on comprend des exercices interactifs et des mises en pratique pour consolider vos connaissances.<\/p>\t\t\t\t\t\t\t\t<\/div>\n\t\t\t\t<\/div>\n\t\t\t\t<div class=\"elementor-element elementor-element-d9e6520 elementor-widget elementor-widget-button\" data-id=\"d9e6520\" data-element_type=\"widget\" data-e-type=\"widget\" data-widget_type=\"button.default\">\n\t\t\t\t<div class=\"elementor-widget-container\">\n\t\t\t\t\t\t\t\t\t<div class=\"elementor-button-wrapper\">\n\t\t\t\t\t<a class=\"elementor-button elementor-button-link elementor-size-sm\" href=\"https:\/\/french-english-lessons.com\/sr\/contact\/\">\n\t\t\t\t\t\t<span class=\"elementor-button-content-wrapper\">\n\t\t\t\t\t\t\t\t\t<span class=\"elementor-button-text\">Contactez-moi<\/span>\n\t\t\t\t\t<\/span>\n\t\t\t\t\t<\/a>\n\t\t\t\t<\/div>\n\t\t\t\t\t\t\t\t<\/div>\n\t\t\t\t<\/div>\n\t\t\t\t\t<\/div>\n\t\t\t\t<\/div>\n\t\t\t\t<\/div>","protected":false},"excerpt":{"rendered":"<p>Cours de grammaire fran\u00e7aise pour \u00e9trangers : ma\u00eetrisez les r\u00e8gles facilement La grammaire fran\u00e7aise peut parfois sembler complexe, mais avec une m\u00e9thode adapt\u00e9e, elle devient accessible et logique. Nos cours de grammaire fran\u00e7aise pour \u00e9trangers sont con\u00e7us pour vous aider \u00e0 comprendre et appliquer les r\u00e8gles de grammaire dans des contextes concrets. Que vous soyez [&hellip;]<\/p>\n","protected":false},"author":1,"featured_media":0,"parent":0,"menu_order":0,"comment_status":"closed","ping_status":"closed","template":"elementor_header_footer","meta":{"footnotes":""},"class_list":["post-283","page","type-page","status-publish","hentry"],"yoast_head":"<!-- This site is optimized with the Yoast SEO plugin v27.5 - https:\/\/yoast.com\/product\/yoast-seo-wordpress\/ -->\n<title>Cours de grammaire fran\u00e7aise pour \u00e9trangers - French English Lessons<\/title>\n<meta name=\"description\" content=\"Apprenez la grammaire fran\u00e7aise avec des cours personnalis\u00e9s pour \u00e9trangers. Simplifiez les r\u00e8gles et perfectionnez votre ma\u00eetrise du fran\u00e7ais. R\u00e9servez votre place maintenant\u202f!\" \/>\n<meta name=\"robots\" content=\"index, follow, max-snippet:-1, max-image-preview:large, max-video-preview:-1\" \/>\n<link rel=\"canonical\" href=\"https:\/\/french-english-lessons.com\/sr\/cours-de-grammaire-francaise-pour-etrangers\/\" \/>\n<meta property=\"og:locale\" content=\"sr_RS\" \/>\n<meta property=\"og:type\" content=\"article\" \/>\n<meta property=\"og:title\" content=\"Cours de grammaire fran\u00e7aise pour \u00e9trangers - French English Lessons\" \/>\n<meta property=\"og:description\" content=\"Apprenez la grammaire fran\u00e7aise avec des cours personnalis\u00e9s pour \u00e9trangers. Simplifiez les r\u00e8gles et perfectionnez votre ma\u00eetrise du fran\u00e7ais. R\u00e9servez votre place maintenant\u202f!\" \/>\n<meta property=\"og:url\" content=\"https:\/\/french-english-lessons.com\/sr\/cours-de-grammaire-francaise-pour-etrangers\/\" \/>\n<meta property=\"og:site_name\" content=\"French English Lessons\" \/>\n<meta property=\"article:modified_time\" content=\"2024-11-27T16:18:32+00:00\" \/>\n<meta name=\"twitter:card\" content=\"summary_large_image\" \/>\n<meta name=\"twitter:label1\" content=\"\u041f\u0440\u043e\u0446\u0435\u045a\u0435\u043d\u043e \u0432\u0440\u0435\u043c\u0435 \u0447\u0438\u0442\u0430\u045a\u0430\" \/>\n\t<meta name=\"twitter:data1\" content=\"3 \u043c\u0438\u043d\u0443\u0442\u0430\" \/>\n<script type=\"application\/ld+json\" class=\"yoast-schema-graph\">{\"@context\":\"https:\\\/\\\/schema.org\",\"@graph\":[{\"@type\":\"WebPage\",\"@id\":\"https:\\\/\\\/french-english-lessons.com\\\/cours-de-grammaire-francaise-pour-etrangers\\\/\",\"url\":\"https:\\\/\\\/french-english-lessons.com\\\/cours-de-grammaire-francaise-pour-etrangers\\\/\",\"name\":\"Cours de grammaire fran\u00e7aise pour \u00e9trangers - French English Lessons\",\"isPartOf\":{\"@id\":\"https:\\\/\\\/french-english-lessons.com\\\/#website\"},\"datePublished\":\"2024-11-27T16:17:29+00:00\",\"dateModified\":\"2024-11-27T16:18:32+00:00\",\"description\":\"Apprenez la grammaire fran\u00e7aise avec des cours personnalis\u00e9s pour \u00e9trangers. Simplifiez les r\u00e8gles et perfectionnez votre ma\u00eetrise du fran\u00e7ais. R\u00e9servez votre place maintenant\u202f!\",\"breadcrumb\":{\"@id\":\"https:\\\/\\\/french-english-lessons.com\\\/cours-de-grammaire-francaise-pour-etrangers\\\/#breadcrumb\"},\"inLanguage\":\"sr-RS\",\"potentialAction\":[{\"@type\":\"ReadAction\",\"target\":[\"https:\\\/\\\/french-english-lessons.com\\\/cours-de-grammaire-francaise-pour-etrangers\\\/\"]}]},{\"@type\":\"BreadcrumbList\",\"@id\":\"https:\\\/\\\/french-english-lessons.com\\\/cours-de-grammaire-francaise-pour-etrangers\\\/#breadcrumb\",\"itemListElement\":[{\"@type\":\"ListItem\",\"position\":1,\"name\":\"Home\",\"item\":\"https:\\\/\\\/french-english-lessons.com\\\/\"},{\"@type\":\"ListItem\",\"position\":2,\"name\":\"Cours de grammaire fran\u00e7aise pour \u00e9trangers\"}]},{\"@type\":\"WebSite\",\"@id\":\"https:\\\/\\\/french-english-lessons.com\\\/#website\",\"url\":\"https:\\\/\\\/french-english-lessons.com\\\/\",\"name\":\"French English Lessons\",\"description\":\"\",\"potentialAction\":[{\"@type\":\"SearchAction\",\"target\":{\"@type\":\"EntryPoint\",\"urlTemplate\":\"https:\\\/\\\/french-english-lessons.com\\\/?s={search_term_string}\"},\"query-input\":{\"@type\":\"PropertyValueSpecification\",\"valueRequired\":true,\"valueName\":\"search_term_string\"}}],\"inLanguage\":\"sr-RS\"}]}<\/script>\n<!-- \/ Yoast SEO plugin. -->","yoast_head_json":{"title":"Cours de grammaire fran\u00e7aise pour \u00e9trangers - French English Lessons","description":"Apprenez la grammaire fran\u00e7aise avec des cours personnalis\u00e9s pour \u00e9trangers. Simplifiez les r\u00e8gles et perfectionnez votre ma\u00eetrise du fran\u00e7ais. R\u00e9servez votre place maintenant\u202f!","robots":{"index":"index","follow":"follow","max-snippet":"max-snippet:-1","max-image-preview":"max-image-preview:large","max-video-preview":"max-video-preview:-1"},"canonical":"https:\/\/french-english-lessons.com\/sr\/cours-de-grammaire-francaise-pour-etrangers\/","og_locale":"sr_RS","og_type":"article","og_title":"Cours de grammaire fran\u00e7aise pour \u00e9trangers - French English Lessons","og_description":"Apprenez la grammaire fran\u00e7aise avec des cours personnalis\u00e9s pour \u00e9trangers. Simplifiez les r\u00e8gles et perfectionnez votre ma\u00eetrise du fran\u00e7ais. R\u00e9servez votre place maintenant\u202f!","og_url":"https:\/\/french-english-lessons.com\/sr\/cours-de-grammaire-francaise-pour-etrangers\/","og_site_name":"French English Lessons","article_modified_time":"2024-11-27T16:18:32+00:00","twitter_card":"summary_large_image","twitter_misc":{"\u041f\u0440\u043e\u0446\u0435\u045a\u0435\u043d\u043e \u0432\u0440\u0435\u043c\u0435 \u0447\u0438\u0442\u0430\u045a\u0430":"3 \u043c\u0438\u043d\u0443\u0442\u0430"},"schema":{"@context":"https:\/\/schema.org","@graph":[{"@type":"WebPage","@id":"https:\/\/french-english-lessons.com\/cours-de-grammaire-francaise-pour-etrangers\/","url":"https:\/\/french-english-lessons.com\/cours-de-grammaire-francaise-pour-etrangers\/","name":"Cours de grammaire fran\u00e7aise pour \u00e9trangers - French English Lessons","isPartOf":{"@id":"https:\/\/french-english-lessons.com\/#website"},"datePublished":"2024-11-27T16:17:29+00:00","dateModified":"2024-11-27T16:18:32+00:00","description":"Apprenez la grammaire fran\u00e7aise avec des cours personnalis\u00e9s pour \u00e9trangers. Simplifiez les r\u00e8gles et perfectionnez votre ma\u00eetrise du fran\u00e7ais. R\u00e9servez votre place maintenant\u202f!","breadcrumb":{"@id":"https:\/\/french-english-lessons.com\/cours-de-grammaire-francaise-pour-etrangers\/#breadcrumb"},"inLanguage":"sr-RS","potentialAction":[{"@type":"ReadAction","target":["https:\/\/french-english-lessons.com\/cours-de-grammaire-francaise-pour-etrangers\/"]}]},{"@type":"BreadcrumbList","@id":"https:\/\/french-english-lessons.com\/cours-de-grammaire-francaise-pour-etrangers\/#breadcrumb","itemListElement":[{"@type":"ListItem","position":1,"name":"Home","item":"https:\/\/french-english-lessons.com\/"},{"@type":"ListItem","position":2,"name":"Cours de grammaire fran\u00e7aise pour \u00e9trangers"}]},{"@type":"WebSite","@id":"https:\/\/french-english-lessons.com\/#website","url":"https:\/\/french-english-lessons.com\/","name":"French English Lessons","description":"","potentialAction":[{"@type":"SearchAction","target":{"@type":"EntryPoint","urlTemplate":"https:\/\/french-english-lessons.com\/?s={search_term_string}"},"query-input":{"@type":"PropertyValueSpecification","valueRequired":true,"valueName":"search_term_string"}}],"inLanguage":"sr-RS"}]}},"_links":{"self":[{"href":"https:\/\/french-english-lessons.com\/sr\/wp-json\/wp\/v2\/pages\/283","targetHints":{"allow":["GET"]}}],"collection":[{"href":"https:\/\/french-english-lessons.com\/sr\/wp-json\/wp\/v2\/pages"}],"about":[{"href":"https:\/\/french-english-lessons.com\/sr\/wp-json\/wp\/v2\/types\/page"}],"author":[{"embeddable":true,"href":"https:\/\/french-english-lessons.com\/sr\/wp-json\/wp\/v2\/users\/1"}],"replies":[{"embeddable":true,"href":"https:\/\/french-english-lessons.com\/sr\/wp-json\/wp\/v2\/comments?post=283"}],"version-history":[{"count":4,"href":"https:\/\/french-english-lessons.com\/sr\/wp-json\/wp\/v2\/pages\/283\/revisions"}],"predecessor-version":[{"id":287,"href":"https:\/\/french-english-lessons.com\/sr\/wp-json\/wp\/v2\/pages\/283\/revisions\/287"}],"wp:attachment":[{"href":"https:\/\/french-english-lessons.com\/sr\/wp-json\/wp\/v2\/media?parent=283"}],"curies":[{"name":"wp","href":"https:\/\/api.w.org\/{rel}","templated":true}]}}