{"id":278,"date":"2024-11-27T17:14:33","date_gmt":"2024-11-27T16:14:33","guid":{"rendered":"https:\/\/french-english-lessons.com\/?page_id=278"},"modified":"2024-11-27T17:15:31","modified_gmt":"2024-11-27T16:15:31","slug":"apprendre-le-francais-en-ligne-pour-debutants","status":"publish","type":"page","link":"https:\/\/french-english-lessons.com\/sr\/apprendre-le-francais-en-ligne-pour-debutants\/","title":{"rendered":"Apprendre le fran\u00e7ais en ligne pour d\u00e9butants"},"content":{"rendered":"<div data-elementor-type=\"wp-page\" data-elementor-id=\"278\" class=\"elementor elementor-278\" data-elementor-post-type=\"page\">\n\t\t\t\t<div class=\"elementor-element elementor-element-6dcd89a e-flex e-con-boxed e-con e-parent\" data-id=\"6dcd89a\" data-element_type=\"container\" data-e-type=\"container\" data-settings=\"{&quot;jet_parallax_layout_list&quot;:[]}\">\n\t\t\t\t\t<div class=\"e-con-inner\">\n\t\t\t\t<div class=\"elementor-element elementor-element-c87891a elementor-widget elementor-widget-heading\" data-id=\"c87891a\" data-element_type=\"widget\" data-e-type=\"widget\" data-widget_type=\"heading.default\">\n\t\t\t\t<div class=\"elementor-widget-container\">\n\t\t\t\t\t<h1 class=\"elementor-heading-title elementor-size-default\">Apprendre le fran\u00e7ais en ligne pour d\u00e9butants : d\u00e9marrez votre parcours linguistique\n\n<\/h1>\t\t\t\t<\/div>\n\t\t\t\t<\/div>\n\t\t\t\t<div class=\"elementor-element elementor-element-ca16a6d elementor-widget elementor-widget-text-editor\" data-id=\"ca16a6d\" data-element_type=\"widget\" data-e-type=\"widget\" data-widget_type=\"text-editor.default\">\n\t\t\t\t<div class=\"elementor-widget-container\">\n\t\t\t\t\t\t\t\t\t<p>D\u00e9couvrir une nouvelle langue peut sembler intimidant, mais avec nos cours en ligne sp\u00e9cialement con\u00e7us pour d\u00e9butants, <strong>apprendre le fran\u00e7ais en ligne<\/strong> devient simple et agr\u00e9able. Que vous souhaitiez voyager, vous installer dans un pays francophone ou simplement enrichir vos connaissances, nos le\u00e7ons sont adapt\u00e9es \u00e0 vos besoins. Gr\u00e2ce \u00e0 une approche interactive et personnalis\u00e9e, vous apprendrez \u00e0 comprendre et \u00e0 parler fran\u00e7ais d\u00e8s les premi\u00e8res s\u00e9ances.<\/p>\t\t\t\t\t\t\t\t<\/div>\n\t\t\t\t<\/div>\n\t\t\t\t<div class=\"elementor-element elementor-element-87e8f90 elementor-widget elementor-widget-button\" data-id=\"87e8f90\" data-element_type=\"widget\" data-e-type=\"widget\" data-widget_type=\"button.default\">\n\t\t\t\t<div class=\"elementor-widget-container\">\n\t\t\t\t\t\t\t\t\t<div class=\"elementor-button-wrapper\">\n\t\t\t\t\t<a class=\"elementor-button elementor-button-link elementor-size-sm\" href=\"https:\/\/french-english-lessons.com\/sr\/contact\/\">\n\t\t\t\t\t\t<span class=\"elementor-button-content-wrapper\">\n\t\t\t\t\t\t\t\t\t<span class=\"elementor-button-text\">Contactez-moi<\/span>\n\t\t\t\t\t<\/span>\n\t\t\t\t\t<\/a>\n\t\t\t\t<\/div>\n\t\t\t\t\t\t\t\t<\/div>\n\t\t\t\t<\/div>\n\t\t\t\t\t<\/div>\n\t\t\t\t<\/div>\n\t\t<div class=\"elementor-element elementor-element-c5e305d e-flex e-con-boxed e-con e-parent\" data-id=\"c5e305d\" data-element_type=\"container\" data-e-type=\"container\" data-settings=\"{&quot;background_background&quot;:&quot;classic&quot;,&quot;jet_parallax_layout_list&quot;:[]}\">\n\t\t\t\t\t<div class=\"e-con-inner\">\n\t\t\t\t<div class=\"elementor-element elementor-element-9fd2a3e elementor-widget elementor-widget-heading\" data-id=\"9fd2a3e\" data-element_type=\"widget\" data-e-type=\"widget\" data-widget_type=\"heading.default\">\n\t\t\t\t<div class=\"elementor-widget-container\">\n\t\t\t\t\t<h2 class=\"elementor-heading-title elementor-size-default\">Pourquoi apprendre le fran\u00e7ais en ligne pour d\u00e9butants\u202f?\n\n<\/h2>\t\t\t\t<\/div>\n\t\t\t\t<\/div>\n\t\t\t\t<div class=\"elementor-element elementor-element-f500675 elementor-widget elementor-widget-text-editor\" data-id=\"f500675\" data-element_type=\"widget\" data-e-type=\"widget\" data-widget_type=\"text-editor.default\">\n\t\t\t\t<div class=\"elementor-widget-container\">\n\t\t\t\t\t\t\t\t\t<p>Apprendre le fran\u00e7ais en ligne vous offre une flexibilit\u00e9 totale. Vous pouvez suivre les cours depuis chez vous, \u00e0 votre rythme, sans contrainte de d\u00e9placement. Nos cours sont parfaits pour les d\u00e9butants qui souhaitent commencer avec les bases et progresser rapidement. Avec un professeur exp\u00e9riment\u00e9, chaque le\u00e7on est con\u00e7ue pour vous initier \u00e0 la grammaire, au vocabulaire, et \u00e0 la prononciation fran\u00e7aise de mani\u00e8re claire et pratique. Vous d\u00e9couvrirez aussi des expressions utiles pour communiquer dans des situations du quotidien.<\/p>\t\t\t\t\t\t\t\t<\/div>\n\t\t\t\t<\/div>\n\t\t\t\t<div class=\"elementor-element elementor-element-9a0d7de elementor-widget elementor-widget-button\" data-id=\"9a0d7de\" data-element_type=\"widget\" data-e-type=\"widget\" data-widget_type=\"button.default\">\n\t\t\t\t<div class=\"elementor-widget-container\">\n\t\t\t\t\t\t\t\t\t<div class=\"elementor-button-wrapper\">\n\t\t\t\t\t<a class=\"elementor-button elementor-button-link elementor-size-sm\" href=\"https:\/\/french-english-lessons.com\/sr\/contact\/\">\n\t\t\t\t\t\t<span class=\"elementor-button-content-wrapper\">\n\t\t\t\t\t\t\t\t\t<span class=\"elementor-button-text\">Contactez-moi<\/span>\n\t\t\t\t\t<\/span>\n\t\t\t\t\t<\/a>\n\t\t\t\t<\/div>\n\t\t\t\t\t\t\t\t<\/div>\n\t\t\t\t<\/div>\n\t\t\t\t\t<\/div>\n\t\t\t\t<\/div>\n\t\t<div class=\"elementor-element elementor-element-bed5479 e-flex e-con-boxed e-con e-parent\" data-id=\"bed5479\" data-element_type=\"container\" data-e-type=\"container\" data-settings=\"{&quot;jet_parallax_layout_list&quot;:[]}\">\n\t\t\t\t\t<div class=\"e-con-inner\">\n\t\t\t\t<div class=\"elementor-element elementor-element-94e4398 elementor-widget elementor-widget-heading\" data-id=\"94e4398\" data-element_type=\"widget\" data-e-type=\"widget\" data-widget_type=\"heading.default\">\n\t\t\t\t<div class=\"elementor-widget-container\">\n\t\t\t\t\t<h2 class=\"elementor-heading-title elementor-size-default\">Comment fonctionnent nos cours pour apprendre le fran\u00e7ais en ligne pour d\u00e9butants\u202f?\n\n<\/h2>\t\t\t\t<\/div>\n\t\t\t\t<\/div>\n\t\t\t\t<div class=\"elementor-element elementor-element-21b2f21 elementor-widget elementor-widget-text-editor\" data-id=\"21b2f21\" data-element_type=\"widget\" data-e-type=\"widget\" data-widget_type=\"text-editor.default\">\n\t\t\t\t<div class=\"elementor-widget-container\">\n\t\t\t\t\t\t\t\t\t<p>Nos cours sont enti\u00e8rement en ligne et accessibles via des outils comme Zoom ou Skype. Lors de la premi\u00e8re s\u00e9ance, une \u00e9valuation simple nous permet de comprendre votre niveau et vos objectifs. Ensuite, chaque le\u00e7on est personnalis\u00e9e pour vous aider \u00e0 progresser dans les quatre comp\u00e9tences linguistiques principales\u202f: compr\u00e9hension orale, compr\u00e9hension \u00e9crite, expression orale et expression \u00e9crite. Vous participerez \u00e0 des exercices interactifs, des jeux de r\u00f4le, et des discussions qui rendent l\u2019apprentissage vivant et motivant.<\/p>\t\t\t\t\t\t\t\t<\/div>\n\t\t\t\t<\/div>\n\t\t\t\t<div class=\"elementor-element elementor-element-b4f82a0 elementor-widget elementor-widget-button\" data-id=\"b4f82a0\" data-element_type=\"widget\" data-e-type=\"widget\" data-widget_type=\"button.default\">\n\t\t\t\t<div class=\"elementor-widget-container\">\n\t\t\t\t\t\t\t\t\t<div class=\"elementor-button-wrapper\">\n\t\t\t\t\t<a class=\"elementor-button elementor-button-link elementor-size-sm\" href=\"https:\/\/french-english-lessons.com\/sr\/contact\/\">\n\t\t\t\t\t\t<span class=\"elementor-button-content-wrapper\">\n\t\t\t\t\t\t\t\t\t<span class=\"elementor-button-text\">Contactez-moi<\/span>\n\t\t\t\t\t<\/span>\n\t\t\t\t\t<\/a>\n\t\t\t\t<\/div>\n\t\t\t\t\t\t\t\t<\/div>\n\t\t\t\t<\/div>\n\t\t\t\t\t<\/div>\n\t\t\t\t<\/div>\n\t\t<div class=\"elementor-element elementor-element-65b7ae5 e-flex e-con-boxed e-con e-parent\" data-id=\"65b7ae5\" data-element_type=\"container\" data-e-type=\"container\" data-settings=\"{&quot;background_background&quot;:&quot;classic&quot;,&quot;jet_parallax_layout_list&quot;:[]}\">\n\t\t\t\t\t<div class=\"e-con-inner\">\n\t\t\t\t<div class=\"elementor-element elementor-element-d1e33a9 elementor-widget elementor-widget-heading\" data-id=\"d1e33a9\" data-element_type=\"widget\" data-e-type=\"widget\" data-widget_type=\"heading.default\">\n\t\t\t\t<div class=\"elementor-widget-container\">\n\t\t\t\t\t<h2 class=\"elementor-heading-title elementor-size-default\">Les b\u00e9n\u00e9fices d\u2019apprendre le fran\u00e7ais en ligne pour d\u00e9butants\n\n<\/h2>\t\t\t\t<\/div>\n\t\t\t\t<\/div>\n\t\t\t\t<div class=\"elementor-element elementor-element-fdae649 elementor-widget elementor-widget-text-editor\" data-id=\"fdae649\" data-element_type=\"widget\" data-e-type=\"widget\" data-widget_type=\"text-editor.default\">\n\t\t\t\t<div class=\"elementor-widget-container\">\n\t\t\t\t\t\t\t\t\t<p>Nos cours vous permettent d\u2019acqu\u00e9rir une base solide en fran\u00e7ais, m\u00eame si vous partez de z\u00e9ro. Vous apprendrez \u00e0 construire des phrases simples, \u00e0 comprendre les bases grammaticales et \u00e0 prononcer correctement les mots en fran\u00e7ais. L\u2019apprentissage en ligne vous offre aussi la possibilit\u00e9 d\u2019avoir un suivi personnalis\u00e9, des retours instantan\u00e9s sur vos erreurs et des ajustements en fonction de vos besoins. En quelques semaines, vous gagnerez en confiance et serez capable de tenir une conversation simple en fran\u00e7ais.<\/p>\t\t\t\t\t\t\t\t<\/div>\n\t\t\t\t<\/div>\n\t\t\t\t<div class=\"elementor-element elementor-element-74a4e2b elementor-widget elementor-widget-button\" data-id=\"74a4e2b\" data-element_type=\"widget\" data-e-type=\"widget\" data-widget_type=\"button.default\">\n\t\t\t\t<div class=\"elementor-widget-container\">\n\t\t\t\t\t\t\t\t\t<div class=\"elementor-button-wrapper\">\n\t\t\t\t\t<a class=\"elementor-button elementor-button-link elementor-size-sm\" href=\"https:\/\/french-english-lessons.com\/sr\/contact\/\">\n\t\t\t\t\t\t<span class=\"elementor-button-content-wrapper\">\n\t\t\t\t\t\t\t\t\t<span class=\"elementor-button-text\">Contactez-moi<\/span>\n\t\t\t\t\t<\/span>\n\t\t\t\t\t<\/a>\n\t\t\t\t<\/div>\n\t\t\t\t\t\t\t\t<\/div>\n\t\t\t\t<\/div>\n\t\t\t\t\t<\/div>\n\t\t\t\t<\/div>\n\t\t<div class=\"elementor-element elementor-element-46e475e e-flex e-con-boxed e-con e-parent\" data-id=\"46e475e\" data-element_type=\"container\" data-e-type=\"container\" data-settings=\"{&quot;jet_parallax_layout_list&quot;:[]}\">\n\t\t\t\t\t<div class=\"e-con-inner\">\n\t\t\t\t<div class=\"elementor-element elementor-element-0d54c91 elementor-widget elementor-widget-heading\" data-id=\"0d54c91\" data-element_type=\"widget\" data-e-type=\"widget\" data-widget_type=\"heading.default\">\n\t\t\t\t<div class=\"elementor-widget-container\">\n\t\t\t\t\t<h2 class=\"elementor-heading-title elementor-size-default\">R\u00e9servez vos cours pour apprendre le fran\u00e7ais en ligne pour d\u00e9butants d\u00e8s maintenant\n\n<\/h2>\t\t\t\t<\/div>\n\t\t\t\t<\/div>\n\t\t\t\t<div class=\"elementor-element elementor-element-007fb89 elementor-widget elementor-widget-text-editor\" data-id=\"007fb89\" data-element_type=\"widget\" data-e-type=\"widget\" data-widget_type=\"text-editor.default\">\n\t\t\t\t<div class=\"elementor-widget-container\">\n\t\t\t\t\t\t\t\t\t<p>Si vous \u00eates pr\u00eat \u00e0 commencer votre apprentissage, nos cours sont faits pour vous. R\u00e9servez votre premi\u00e8re s\u00e9ance aujourd\u2019hui et d\u00e9couvrez comment nos le\u00e7ons peuvent transformer votre exp\u00e9rience linguistique. Avec une m\u00e9thode interactive et adapt\u00e9e \u00e0 votre rythme, apprendre le fran\u00e7ais en ligne pour d\u00e9butants devient une aventure passionnante et enrichissante. Faites le premier pas vers la ma\u00eetrise du fran\u00e7ais d\u00e8s maintenant\u202f!<\/p>\t\t\t\t\t\t\t\t<\/div>\n\t\t\t\t<\/div>\n\t\t\t\t<div class=\"elementor-element elementor-element-fb1c2be elementor-widget elementor-widget-button\" data-id=\"fb1c2be\" data-element_type=\"widget\" data-e-type=\"widget\" data-widget_type=\"button.default\">\n\t\t\t\t<div class=\"elementor-widget-container\">\n\t\t\t\t\t\t\t\t\t<div class=\"elementor-button-wrapper\">\n\t\t\t\t\t<a class=\"elementor-button elementor-button-link elementor-size-sm\" href=\"https:\/\/french-english-lessons.com\/sr\/contact\/\">\n\t\t\t\t\t\t<span class=\"elementor-button-content-wrapper\">\n\t\t\t\t\t\t\t\t\t<span class=\"elementor-button-text\">Contactez-moi<\/span>\n\t\t\t\t\t<\/span>\n\t\t\t\t\t<\/a>\n\t\t\t\t<\/div>\n\t\t\t\t\t\t\t\t<\/div>\n\t\t\t\t<\/div>\n\t\t\t\t\t<\/div>\n\t\t\t\t<\/div>\n\t\t<div class=\"elementor-element elementor-element-b8a0c08 e-flex e-con-boxed e-con e-parent\" data-id=\"b8a0c08\" data-element_type=\"container\" data-e-type=\"container\" data-settings=\"{&quot;background_background&quot;:&quot;classic&quot;,&quot;jet_parallax_layout_list&quot;:[]}\">\n\t\t\t\t\t<div class=\"e-con-inner\">\n\t\t\t\t<div class=\"elementor-element elementor-element-ae58402 elementor-widget elementor-widget-heading\" data-id=\"ae58402\" data-element_type=\"widget\" data-e-type=\"widget\" data-widget_type=\"heading.default\">\n\t\t\t\t<div class=\"elementor-widget-container\">\n\t\t\t\t\t<h2 class=\"elementor-heading-title elementor-size-default\">FAQ - Questions fr\u00e9quentes\n<\/h2>\t\t\t\t<\/div>\n\t\t\t\t<\/div>\n\t\t\t\t<div class=\"elementor-element elementor-element-5faaf69 elementor-widget elementor-widget-text-editor\" data-id=\"5faaf69\" data-element_type=\"widget\" data-e-type=\"widget\" data-widget_type=\"text-editor.default\">\n\t\t\t\t<div class=\"elementor-widget-container\">\n\t\t\t\t\t\t\t\t\t<p><strong>Ces cours sont-ils vraiment adapt\u00e9s aux d\u00e9butants\u202f?<\/strong><br \/>Oui, ces cours sont con\u00e7us pour ceux qui commencent \u00e0 apprendre le fran\u00e7ais. Nous progressons pas \u00e0 pas pour construire une base solide.<\/p><p><strong>Dois-je avoir un mat\u00e9riel particulier pour suivre les cours\u202f?<\/strong><br \/>Tout ce dont vous avez besoin est un ordinateur ou une tablette avec une connexion internet stable, et un casque ou des \u00e9couteurs pour un meilleur son.<\/p><p><strong>Combien de temps faut-il pour apprendre les bases\u202f?<\/strong><br \/>Cela d\u00e9pend de votre implication et de la fr\u00e9quence des cours. En g\u00e9n\u00e9ral, vous pourrez tenir une conversation simple apr\u00e8s quelques semaines.<\/p><p><strong>Puis-je apprendre \u00e0 parler fran\u00e7ais sans conna\u00eetre la grammaire complexe\u202f?<\/strong><br \/>Oui, nous mettons l\u2019accent sur la pratique et les phrases simples pour que vous puissiez communiquer d\u00e8s le d\u00e9but, sans \u00eatre submerg\u00e9 par la grammaire.<\/p>\t\t\t\t\t\t\t\t<\/div>\n\t\t\t\t<\/div>\n\t\t\t\t<div class=\"elementor-element elementor-element-adc58eb elementor-widget elementor-widget-button\" data-id=\"adc58eb\" data-element_type=\"widget\" data-e-type=\"widget\" data-widget_type=\"button.default\">\n\t\t\t\t<div class=\"elementor-widget-container\">\n\t\t\t\t\t\t\t\t\t<div class=\"elementor-button-wrapper\">\n\t\t\t\t\t<a class=\"elementor-button elementor-button-link elementor-size-sm\" href=\"https:\/\/french-english-lessons.com\/sr\/contact\/\">\n\t\t\t\t\t\t<span class=\"elementor-button-content-wrapper\">\n\t\t\t\t\t\t\t\t\t<span class=\"elementor-button-text\">Contactez-moi<\/span>\n\t\t\t\t\t<\/span>\n\t\t\t\t\t<\/a>\n\t\t\t\t<\/div>\n\t\t\t\t\t\t\t\t<\/div>\n\t\t\t\t<\/div>\n\t\t\t\t\t<\/div>\n\t\t\t\t<\/div>\n\t\t\t\t<\/div>","protected":false},"excerpt":{"rendered":"<p>Apprendre le fran\u00e7ais en ligne pour d\u00e9butants : d\u00e9marrez votre parcours linguistique D\u00e9couvrir une nouvelle langue peut sembler intimidant, mais avec nos cours en ligne sp\u00e9cialement con\u00e7us pour d\u00e9butants, apprendre le fran\u00e7ais en ligne devient simple et agr\u00e9able. Que vous souhaitiez voyager, vous installer dans un pays francophone ou simplement enrichir vos connaissances, nos le\u00e7ons [&hellip;]<\/p>\n","protected":false},"author":1,"featured_media":0,"parent":0,"menu_order":0,"comment_status":"closed","ping_status":"closed","template":"elementor_header_footer","meta":{"footnotes":""},"class_list":["post-278","page","type-page","status-publish","hentry"],"yoast_head":"<!-- This site is optimized with the Yoast SEO plugin v27.5 - https:\/\/yoast.com\/product\/yoast-seo-wordpress\/ -->\n<title>Apprendre le fran\u00e7ais en ligne pour d\u00e9butants - French English Lessons<\/title>\n<meta name=\"description\" content=\"Apprenez le fran\u00e7ais en ligne pour d\u00e9butants avec des cours interactifs et adapt\u00e9s \u00e0 votre rythme. Parlez fran\u00e7ais rapidement et facilement. Commencez d\u00e8s aujourd\u2019hui\u202f!\" \/>\n<meta name=\"robots\" content=\"index, follow, max-snippet:-1, max-image-preview:large, max-video-preview:-1\" \/>\n<link rel=\"canonical\" href=\"https:\/\/french-english-lessons.com\/sr\/apprendre-le-francais-en-ligne-pour-debutants\/\" \/>\n<meta property=\"og:locale\" content=\"sr_RS\" \/>\n<meta property=\"og:type\" content=\"article\" \/>\n<meta property=\"og:title\" content=\"Apprendre le fran\u00e7ais en ligne pour d\u00e9butants - French English Lessons\" \/>\n<meta property=\"og:description\" content=\"Apprenez le fran\u00e7ais en ligne pour d\u00e9butants avec des cours interactifs et adapt\u00e9s \u00e0 votre rythme. Parlez fran\u00e7ais rapidement et facilement. Commencez d\u00e8s aujourd\u2019hui\u202f!\" \/>\n<meta property=\"og:url\" content=\"https:\/\/french-english-lessons.com\/sr\/apprendre-le-francais-en-ligne-pour-debutants\/\" \/>\n<meta property=\"og:site_name\" content=\"French English Lessons\" \/>\n<meta property=\"article:modified_time\" content=\"2024-11-27T16:15:31+00:00\" \/>\n<meta name=\"twitter:card\" content=\"summary_large_image\" \/>\n<meta name=\"twitter:label1\" content=\"\u041f\u0440\u043e\u0446\u0435\u045a\u0435\u043d\u043e \u0432\u0440\u0435\u043c\u0435 \u0447\u0438\u0442\u0430\u045a\u0430\" \/>\n\t<meta name=\"twitter:data1\" content=\"3 \u043c\u0438\u043d\u0443\u0442\u0430\" \/>\n<script type=\"application\/ld+json\" class=\"yoast-schema-graph\">{\"@context\":\"https:\\\/\\\/schema.org\",\"@graph\":[{\"@type\":\"WebPage\",\"@id\":\"https:\\\/\\\/french-english-lessons.com\\\/apprendre-le-francais-en-ligne-pour-debutants\\\/\",\"url\":\"https:\\\/\\\/french-english-lessons.com\\\/apprendre-le-francais-en-ligne-pour-debutants\\\/\",\"name\":\"Apprendre le fran\u00e7ais en ligne pour d\u00e9butants - French English Lessons\",\"isPartOf\":{\"@id\":\"https:\\\/\\\/french-english-lessons.com\\\/#website\"},\"datePublished\":\"2024-11-27T16:14:33+00:00\",\"dateModified\":\"2024-11-27T16:15:31+00:00\",\"description\":\"Apprenez le fran\u00e7ais en ligne pour d\u00e9butants avec des cours interactifs et adapt\u00e9s \u00e0 votre rythme. Parlez fran\u00e7ais rapidement et facilement. Commencez d\u00e8s aujourd\u2019hui\u202f!\",\"breadcrumb\":{\"@id\":\"https:\\\/\\\/french-english-lessons.com\\\/apprendre-le-francais-en-ligne-pour-debutants\\\/#breadcrumb\"},\"inLanguage\":\"sr-RS\",\"potentialAction\":[{\"@type\":\"ReadAction\",\"target\":[\"https:\\\/\\\/french-english-lessons.com\\\/apprendre-le-francais-en-ligne-pour-debutants\\\/\"]}]},{\"@type\":\"BreadcrumbList\",\"@id\":\"https:\\\/\\\/french-english-lessons.com\\\/apprendre-le-francais-en-ligne-pour-debutants\\\/#breadcrumb\",\"itemListElement\":[{\"@type\":\"ListItem\",\"position\":1,\"name\":\"Home\",\"item\":\"https:\\\/\\\/french-english-lessons.com\\\/\"},{\"@type\":\"ListItem\",\"position\":2,\"name\":\"Apprendre le fran\u00e7ais en ligne pour d\u00e9butants\"}]},{\"@type\":\"WebSite\",\"@id\":\"https:\\\/\\\/french-english-lessons.com\\\/#website\",\"url\":\"https:\\\/\\\/french-english-lessons.com\\\/\",\"name\":\"French English Lessons\",\"description\":\"\",\"potentialAction\":[{\"@type\":\"SearchAction\",\"target\":{\"@type\":\"EntryPoint\",\"urlTemplate\":\"https:\\\/\\\/french-english-lessons.com\\\/?s={search_term_string}\"},\"query-input\":{\"@type\":\"PropertyValueSpecification\",\"valueRequired\":true,\"valueName\":\"search_term_string\"}}],\"inLanguage\":\"sr-RS\"}]}<\/script>\n<!-- \/ Yoast SEO plugin. -->","yoast_head_json":{"title":"Apprendre le fran\u00e7ais en ligne pour d\u00e9butants - French English Lessons","description":"Apprenez le fran\u00e7ais en ligne pour d\u00e9butants avec des cours interactifs et adapt\u00e9s \u00e0 votre rythme. Parlez fran\u00e7ais rapidement et facilement. Commencez d\u00e8s aujourd\u2019hui\u202f!","robots":{"index":"index","follow":"follow","max-snippet":"max-snippet:-1","max-image-preview":"max-image-preview:large","max-video-preview":"max-video-preview:-1"},"canonical":"https:\/\/french-english-lessons.com\/sr\/apprendre-le-francais-en-ligne-pour-debutants\/","og_locale":"sr_RS","og_type":"article","og_title":"Apprendre le fran\u00e7ais en ligne pour d\u00e9butants - French English Lessons","og_description":"Apprenez le fran\u00e7ais en ligne pour d\u00e9butants avec des cours interactifs et adapt\u00e9s \u00e0 votre rythme. Parlez fran\u00e7ais rapidement et facilement. Commencez d\u00e8s aujourd\u2019hui\u202f!","og_url":"https:\/\/french-english-lessons.com\/sr\/apprendre-le-francais-en-ligne-pour-debutants\/","og_site_name":"French English Lessons","article_modified_time":"2024-11-27T16:15:31+00:00","twitter_card":"summary_large_image","twitter_misc":{"\u041f\u0440\u043e\u0446\u0435\u045a\u0435\u043d\u043e \u0432\u0440\u0435\u043c\u0435 \u0447\u0438\u0442\u0430\u045a\u0430":"3 \u043c\u0438\u043d\u0443\u0442\u0430"},"schema":{"@context":"https:\/\/schema.org","@graph":[{"@type":"WebPage","@id":"https:\/\/french-english-lessons.com\/apprendre-le-francais-en-ligne-pour-debutants\/","url":"https:\/\/french-english-lessons.com\/apprendre-le-francais-en-ligne-pour-debutants\/","name":"Apprendre le fran\u00e7ais en ligne pour d\u00e9butants - French English Lessons","isPartOf":{"@id":"https:\/\/french-english-lessons.com\/#website"},"datePublished":"2024-11-27T16:14:33+00:00","dateModified":"2024-11-27T16:15:31+00:00","description":"Apprenez le fran\u00e7ais en ligne pour d\u00e9butants avec des cours interactifs et adapt\u00e9s \u00e0 votre rythme. Parlez fran\u00e7ais rapidement et facilement. Commencez d\u00e8s aujourd\u2019hui\u202f!","breadcrumb":{"@id":"https:\/\/french-english-lessons.com\/apprendre-le-francais-en-ligne-pour-debutants\/#breadcrumb"},"inLanguage":"sr-RS","potentialAction":[{"@type":"ReadAction","target":["https:\/\/french-english-lessons.com\/apprendre-le-francais-en-ligne-pour-debutants\/"]}]},{"@type":"BreadcrumbList","@id":"https:\/\/french-english-lessons.com\/apprendre-le-francais-en-ligne-pour-debutants\/#breadcrumb","itemListElement":[{"@type":"ListItem","position":1,"name":"Home","item":"https:\/\/french-english-lessons.com\/"},{"@type":"ListItem","position":2,"name":"Apprendre le fran\u00e7ais en ligne pour d\u00e9butants"}]},{"@type":"WebSite","@id":"https:\/\/french-english-lessons.com\/#website","url":"https:\/\/french-english-lessons.com\/","name":"French English Lessons","description":"","potentialAction":[{"@type":"SearchAction","target":{"@type":"EntryPoint","urlTemplate":"https:\/\/french-english-lessons.com\/?s={search_term_string}"},"query-input":{"@type":"PropertyValueSpecification","valueRequired":true,"valueName":"search_term_string"}}],"inLanguage":"sr-RS"}]}},"_links":{"self":[{"href":"https:\/\/french-english-lessons.com\/sr\/wp-json\/wp\/v2\/pages\/278","targetHints":{"allow":["GET"]}}],"collection":[{"href":"https:\/\/french-english-lessons.com\/sr\/wp-json\/wp\/v2\/pages"}],"about":[{"href":"https:\/\/french-english-lessons.com\/sr\/wp-json\/wp\/v2\/types\/page"}],"author":[{"embeddable":true,"href":"https:\/\/french-english-lessons.com\/sr\/wp-json\/wp\/v2\/users\/1"}],"replies":[{"embeddable":true,"href":"https:\/\/french-english-lessons.com\/sr\/wp-json\/wp\/v2\/comments?post=278"}],"version-history":[{"count":4,"href":"https:\/\/french-english-lessons.com\/sr\/wp-json\/wp\/v2\/pages\/278\/revisions"}],"predecessor-version":[{"id":282,"href":"https:\/\/french-english-lessons.com\/sr\/wp-json\/wp\/v2\/pages\/278\/revisions\/282"}],"wp:attachment":[{"href":"https:\/\/french-english-lessons.com\/sr\/wp-json\/wp\/v2\/media?parent=278"}],"curies":[{"name":"wp","href":"https:\/\/api.w.org\/{rel}","templated":true}]}}