{"id":266,"date":"2024-11-27T17:10:34","date_gmt":"2024-11-27T16:10:34","guid":{"rendered":"https:\/\/french-english-lessons.com\/?page_id=266"},"modified":"2024-11-27T17:11:50","modified_gmt":"2024-11-27T16:11:50","slug":"preparation-aux-examens-delf-dalf-pour-etrangers","status":"publish","type":"page","link":"https:\/\/french-english-lessons.com\/sr\/preparation-aux-examens-delf-dalf-pour-etrangers\/","title":{"rendered":"Pr\u00e9paration aux examens DELF\/DALF pour \u00e9trangers"},"content":{"rendered":"<div data-elementor-type=\"wp-page\" data-elementor-id=\"266\" class=\"elementor elementor-266\" data-elementor-post-type=\"page\">\n\t\t\t\t<div class=\"elementor-element elementor-element-a2d2899 e-flex e-con-boxed e-con e-parent\" data-id=\"a2d2899\" data-element_type=\"container\" data-e-type=\"container\" data-settings=\"{&quot;jet_parallax_layout_list&quot;:[]}\">\n\t\t\t\t\t<div class=\"e-con-inner\">\n\t\t\t\t<div class=\"elementor-element elementor-element-16ae1d7 elementor-widget elementor-widget-heading\" data-id=\"16ae1d7\" data-element_type=\"widget\" data-e-type=\"widget\" data-widget_type=\"heading.default\">\n\t\t\t\t<div class=\"elementor-widget-container\">\n\t\t\t\t\t<h1 class=\"elementor-heading-title elementor-size-default\">Pr\u00e9paration aux examens DELF\/DALF pour \u00e9trangers : atteignez vos objectifs de certification\n\n<\/h1>\t\t\t\t<\/div>\n\t\t\t\t<\/div>\n\t\t\t\t<div class=\"elementor-element elementor-element-10a7154 elementor-widget elementor-widget-text-editor\" data-id=\"10a7154\" data-element_type=\"widget\" data-e-type=\"widget\" data-widget_type=\"text-editor.default\">\n\t\t\t\t<div class=\"elementor-widget-container\">\n\t\t\t\t\t\t\t\t\t<p>Passer les examens <strong>DELF<\/strong> (Dipl\u00f4me d\u2019\u00c9tudes en Langue Fran\u00e7aise) ou <strong>DALF<\/strong> (Dipl\u00f4me Approfondi de Langue Fran\u00e7aise) est une \u00e9tape importante pour valider vos comp\u00e9tences en fran\u00e7ais. Nos cours de pr\u00e9paration sont sp\u00e9cialement con\u00e7us pour aider les \u00e9trangers \u00e0 r\u00e9ussir ces certifications avec un programme adapt\u00e9 \u00e0 votre niveau et vos besoins. Que ce soit pour vos \u00e9tudes, votre travail ou votre projet de vie en France, nous vous accompagnons tout au long de votre pr\u00e9paration pour maximiser vos chances de r\u00e9ussite.<\/p>\t\t\t\t\t\t\t\t<\/div>\n\t\t\t\t<\/div>\n\t\t\t\t<div class=\"elementor-element elementor-element-06759e0 elementor-widget elementor-widget-button\" data-id=\"06759e0\" data-element_type=\"widget\" data-e-type=\"widget\" data-widget_type=\"button.default\">\n\t\t\t\t<div class=\"elementor-widget-container\">\n\t\t\t\t\t\t\t\t\t<div class=\"elementor-button-wrapper\">\n\t\t\t\t\t<a class=\"elementor-button elementor-button-link elementor-size-sm\" href=\"https:\/\/french-english-lessons.com\/sr\/contact\/\">\n\t\t\t\t\t\t<span class=\"elementor-button-content-wrapper\">\n\t\t\t\t\t\t\t\t\t<span class=\"elementor-button-text\">Contactez-moi<\/span>\n\t\t\t\t\t<\/span>\n\t\t\t\t\t<\/a>\n\t\t\t\t<\/div>\n\t\t\t\t\t\t\t\t<\/div>\n\t\t\t\t<\/div>\n\t\t\t\t\t<\/div>\n\t\t\t\t<\/div>\n\t\t<div class=\"elementor-element elementor-element-f72d0ce e-flex e-con-boxed e-con e-parent\" data-id=\"f72d0ce\" data-element_type=\"container\" data-e-type=\"container\" data-settings=\"{&quot;background_background&quot;:&quot;classic&quot;,&quot;jet_parallax_layout_list&quot;:[]}\">\n\t\t\t\t\t<div class=\"e-con-inner\">\n\t\t\t\t<div class=\"elementor-element elementor-element-30695c8 elementor-widget elementor-widget-heading\" data-id=\"30695c8\" data-element_type=\"widget\" data-e-type=\"widget\" data-widget_type=\"heading.default\">\n\t\t\t\t<div class=\"elementor-widget-container\">\n\t\t\t\t\t<h2 class=\"elementor-heading-title elementor-size-default\">Pourquoi suivre une pr\u00e9paration aux examens DELF\/DALF pour \u00e9trangers\u202f?\n\n<\/h2>\t\t\t\t<\/div>\n\t\t\t\t<\/div>\n\t\t\t\t<div class=\"elementor-element elementor-element-b7b392e elementor-widget elementor-widget-text-editor\" data-id=\"b7b392e\" data-element_type=\"widget\" data-e-type=\"widget\" data-widget_type=\"text-editor.default\">\n\t\t\t\t<div class=\"elementor-widget-container\">\n\t\t\t\t\t\t\t\t\t<p>Les examens DELF et DALF sont reconnus internationalement et certifient votre ma\u00eetrise de la langue fran\u00e7aise. Ils ouvrent des portes dans le monde acad\u00e9mique et professionnel, en particulier dans les pays francophones. Nos cours de pr\u00e9paration ciblent les quatre comp\u00e9tences \u00e9valu\u00e9es lors de ces examens\u202f: compr\u00e9hension orale, compr\u00e9hension \u00e9crite, expression orale et expression \u00e9crite. Avec des exercices pratiques et des simulations d\u2019examens, vous serez pr\u00eat \u00e0 relever tous les d\u00e9fis et \u00e0 r\u00e9pondre aux exigences des \u00e9preuves.<\/p>\t\t\t\t\t\t\t\t<\/div>\n\t\t\t\t<\/div>\n\t\t\t\t<div class=\"elementor-element elementor-element-631aebc elementor-widget elementor-widget-button\" data-id=\"631aebc\" data-element_type=\"widget\" data-e-type=\"widget\" data-widget_type=\"button.default\">\n\t\t\t\t<div class=\"elementor-widget-container\">\n\t\t\t\t\t\t\t\t\t<div class=\"elementor-button-wrapper\">\n\t\t\t\t\t<a class=\"elementor-button elementor-button-link elementor-size-sm\" href=\"https:\/\/french-english-lessons.com\/sr\/contact\/\">\n\t\t\t\t\t\t<span class=\"elementor-button-content-wrapper\">\n\t\t\t\t\t\t\t\t\t<span class=\"elementor-button-text\">Contactez-moi<\/span>\n\t\t\t\t\t<\/span>\n\t\t\t\t\t<\/a>\n\t\t\t\t<\/div>\n\t\t\t\t\t\t\t\t<\/div>\n\t\t\t\t<\/div>\n\t\t\t\t\t<\/div>\n\t\t\t\t<\/div>\n\t\t<div class=\"elementor-element elementor-element-7d38b1c e-flex e-con-boxed e-con e-parent\" data-id=\"7d38b1c\" data-element_type=\"container\" data-e-type=\"container\" data-settings=\"{&quot;jet_parallax_layout_list&quot;:[]}\">\n\t\t\t\t\t<div class=\"e-con-inner\">\n\t\t\t\t<div class=\"elementor-element elementor-element-bea89c7 elementor-widget elementor-widget-heading\" data-id=\"bea89c7\" data-element_type=\"widget\" data-e-type=\"widget\" data-widget_type=\"heading.default\">\n\t\t\t\t<div class=\"elementor-widget-container\">\n\t\t\t\t\t<h2 class=\"elementor-heading-title elementor-size-default\">Comment se d\u00e9roule la pr\u00e9paration aux examens DELF\/DALF pour \u00e9trangers\u202f?\n\n<\/h2>\t\t\t\t<\/div>\n\t\t\t\t<\/div>\n\t\t\t\t<div class=\"elementor-element elementor-element-f5ab706 elementor-widget elementor-widget-text-editor\" data-id=\"f5ab706\" data-element_type=\"widget\" data-e-type=\"widget\" data-widget_type=\"text-editor.default\">\n\t\t\t\t<div class=\"elementor-widget-container\">\n\t\t\t\t\t\t\t\t\t<p>La pr\u00e9paration se fait en ligne, dans un cadre flexible et adapt\u00e9 \u00e0 votre emploi du temps. Chaque s\u00e9ance est construite autour des crit\u00e8res d\u2019\u00e9valuation des examens DELF ou DALF, avec des exercices sp\u00e9cifiques pour chaque comp\u00e9tence. Nous travaillons sur des sujets similaires \u00e0 ceux des examens, en vous entra\u00eenant sur des productions \u00e9crites, des compr\u00e9hensions de texte, des dialogues et des mises en situation. Vous aurez \u00e9galement acc\u00e8s \u00e0 des conseils personnalis\u00e9s pour renforcer vos points faibles et optimiser vos performances.<\/p>\t\t\t\t\t\t\t\t<\/div>\n\t\t\t\t<\/div>\n\t\t\t\t<div class=\"elementor-element elementor-element-cdf28d0 elementor-widget elementor-widget-button\" data-id=\"cdf28d0\" data-element_type=\"widget\" data-e-type=\"widget\" data-widget_type=\"button.default\">\n\t\t\t\t<div class=\"elementor-widget-container\">\n\t\t\t\t\t\t\t\t\t<div class=\"elementor-button-wrapper\">\n\t\t\t\t\t<a class=\"elementor-button elementor-button-link elementor-size-sm\" href=\"https:\/\/french-english-lessons.com\/sr\/contact\/\">\n\t\t\t\t\t\t<span class=\"elementor-button-content-wrapper\">\n\t\t\t\t\t\t\t\t\t<span class=\"elementor-button-text\">Contactez-moi<\/span>\n\t\t\t\t\t<\/span>\n\t\t\t\t\t<\/a>\n\t\t\t\t<\/div>\n\t\t\t\t\t\t\t\t<\/div>\n\t\t\t\t<\/div>\n\t\t\t\t\t<\/div>\n\t\t\t\t<\/div>\n\t\t<div class=\"elementor-element elementor-element-4053f8a e-flex e-con-boxed e-con e-parent\" data-id=\"4053f8a\" data-element_type=\"container\" data-e-type=\"container\" data-settings=\"{&quot;background_background&quot;:&quot;classic&quot;,&quot;jet_parallax_layout_list&quot;:[]}\">\n\t\t\t\t\t<div class=\"e-con-inner\">\n\t\t\t\t<div class=\"elementor-element elementor-element-b2ac065 elementor-widget elementor-widget-heading\" data-id=\"b2ac065\" data-element_type=\"widget\" data-e-type=\"widget\" data-widget_type=\"heading.default\">\n\t\t\t\t<div class=\"elementor-widget-container\">\n\t\t\t\t\t<h2 class=\"elementor-heading-title elementor-size-default\">Les avantages de notre pr\u00e9paration aux examens DELF\/DALF pour \u00e9trangers\n\n<\/h2>\t\t\t\t<\/div>\n\t\t\t\t<\/div>\n\t\t\t\t<div class=\"elementor-element elementor-element-282f61b elementor-widget elementor-widget-text-editor\" data-id=\"282f61b\" data-element_type=\"widget\" data-e-type=\"widget\" data-widget_type=\"text-editor.default\">\n\t\t\t\t<div class=\"elementor-widget-container\">\n\t\t\t\t\t\t\t\t\t<p>Nos cours offrent un accompagnement sur-mesure, adapt\u00e9 \u00e0 votre niveau et \u00e0 votre objectif. Vous b\u00e9n\u00e9ficierez de ressources p\u00e9dagogiques vari\u00e9es, d\u2019entra\u00eenements r\u00e9guliers et de retours d\u00e9taill\u00e9s sur vos progr\u00e8s. Cette m\u00e9thode vous permet de d\u00e9velopper la confiance n\u00e9cessaire pour r\u00e9ussir vos examens. De plus, vous apprendrez \u00e0 g\u00e9rer votre temps et \u00e0 structurer vos r\u00e9ponses pour maximiser vos r\u00e9sultats. Que vous pr\u00e9pariez le DELF (A1 \u00e0 B2) ou le DALF (C1 \u00e0 C2), nos cours sont con\u00e7us pour r\u00e9pondre aux exigences de chaque niveau.<\/p>\t\t\t\t\t\t\t\t<\/div>\n\t\t\t\t<\/div>\n\t\t\t\t<div class=\"elementor-element elementor-element-23e72f7 elementor-widget elementor-widget-button\" data-id=\"23e72f7\" data-element_type=\"widget\" data-e-type=\"widget\" data-widget_type=\"button.default\">\n\t\t\t\t<div class=\"elementor-widget-container\">\n\t\t\t\t\t\t\t\t\t<div class=\"elementor-button-wrapper\">\n\t\t\t\t\t<a class=\"elementor-button elementor-button-link elementor-size-sm\" href=\"https:\/\/french-english-lessons.com\/sr\/contact\/\">\n\t\t\t\t\t\t<span class=\"elementor-button-content-wrapper\">\n\t\t\t\t\t\t\t\t\t<span class=\"elementor-button-text\">Contactez-moi<\/span>\n\t\t\t\t\t<\/span>\n\t\t\t\t\t<\/a>\n\t\t\t\t<\/div>\n\t\t\t\t\t\t\t\t<\/div>\n\t\t\t\t<\/div>\n\t\t\t\t\t<\/div>\n\t\t\t\t<\/div>\n\t\t<div class=\"elementor-element elementor-element-f6a4cc5 e-flex e-con-boxed e-con e-parent\" data-id=\"f6a4cc5\" data-element_type=\"container\" data-e-type=\"container\" data-settings=\"{&quot;jet_parallax_layout_list&quot;:[]}\">\n\t\t\t\t\t<div class=\"e-con-inner\">\n\t\t\t\t<div class=\"elementor-element elementor-element-6e4b12c elementor-widget elementor-widget-heading\" data-id=\"6e4b12c\" data-element_type=\"widget\" data-e-type=\"widget\" data-widget_type=\"heading.default\">\n\t\t\t\t<div class=\"elementor-widget-container\">\n\t\t\t\t\t<h2 class=\"elementor-heading-title elementor-size-default\">R\u00e9servez votre pr\u00e9paration aux examens DELF\/DALF d\u00e8s aujourd\u2019hui\n\n<\/h2>\t\t\t\t<\/div>\n\t\t\t\t<\/div>\n\t\t\t\t<div class=\"elementor-element elementor-element-a41bda7 elementor-widget elementor-widget-text-editor\" data-id=\"a41bda7\" data-element_type=\"widget\" data-e-type=\"widget\" data-widget_type=\"text-editor.default\">\n\t\t\t\t<div class=\"elementor-widget-container\">\n\t\t\t\t\t\t\t\t\t<p>Ne laissez rien au hasard dans votre pr\u00e9paration. Avec nos cours de <strong>pr\u00e9paration aux examens DELF\/DALF pour \u00e9trangers<\/strong>, vous serez pr\u00eat \u00e0 affronter les \u00e9preuves en toute s\u00e9r\u00e9nit\u00e9. R\u00e9servez votre premier cours d\u00e8s maintenant pour commencer \u00e0 travailler sur vos objectifs linguistiques. Gr\u00e2ce \u00e0 une m\u00e9thode efficace et \u00e0 un accompagnement personnalis\u00e9, vous pourrez d\u00e9crocher votre certification et avancer sereinement dans vos projets.<\/p>\t\t\t\t\t\t\t\t<\/div>\n\t\t\t\t<\/div>\n\t\t\t\t<div class=\"elementor-element elementor-element-d36b6e3 elementor-widget elementor-widget-button\" data-id=\"d36b6e3\" data-element_type=\"widget\" data-e-type=\"widget\" data-widget_type=\"button.default\">\n\t\t\t\t<div class=\"elementor-widget-container\">\n\t\t\t\t\t\t\t\t\t<div class=\"elementor-button-wrapper\">\n\t\t\t\t\t<a class=\"elementor-button elementor-button-link elementor-size-sm\" href=\"https:\/\/french-english-lessons.com\/sr\/contact\/\">\n\t\t\t\t\t\t<span class=\"elementor-button-content-wrapper\">\n\t\t\t\t\t\t\t\t\t<span class=\"elementor-button-text\">Contactez-moi<\/span>\n\t\t\t\t\t<\/span>\n\t\t\t\t\t<\/a>\n\t\t\t\t<\/div>\n\t\t\t\t\t\t\t\t<\/div>\n\t\t\t\t<\/div>\n\t\t\t\t\t<\/div>\n\t\t\t\t<\/div>\n\t\t<div class=\"elementor-element elementor-element-a04738c e-flex e-con-boxed e-con e-parent\" data-id=\"a04738c\" data-element_type=\"container\" data-e-type=\"container\" data-settings=\"{&quot;background_background&quot;:&quot;classic&quot;,&quot;jet_parallax_layout_list&quot;:[]}\">\n\t\t\t\t\t<div class=\"e-con-inner\">\n\t\t\t\t<div class=\"elementor-element elementor-element-865a7c6 elementor-widget elementor-widget-heading\" data-id=\"865a7c6\" data-element_type=\"widget\" data-e-type=\"widget\" data-widget_type=\"heading.default\">\n\t\t\t\t<div class=\"elementor-widget-container\">\n\t\t\t\t\t<h2 class=\"elementor-heading-title elementor-size-default\">FAQ - Questions fr\u00e9quentes\n<\/h2>\t\t\t\t<\/div>\n\t\t\t\t<\/div>\n\t\t\t\t<div class=\"elementor-element elementor-element-7d7c52b elementor-widget elementor-widget-text-editor\" data-id=\"7d7c52b\" data-element_type=\"widget\" data-e-type=\"widget\" data-widget_type=\"text-editor.default\">\n\t\t\t\t<div class=\"elementor-widget-container\">\n\t\t\t\t\t\t\t\t\t<p><strong>\u00c0 qui s\u2019adressent ces cours\u202f?<\/strong><br \/>Ces cours sont destin\u00e9s aux \u00e9trangers qui souhaitent obtenir une certification officielle en fran\u00e7ais, quel que soit leur niveau (A1 \u00e0 C2).<\/p><p><strong>Quels niveaux pr\u00e9parez-vous\u202f?<\/strong><br \/>Nous pr\u00e9parons tous les niveaux du DELF (A1 \u00e0 B2) et du DALF (C1 et C2), en fonction de vos besoins.<\/p><p><strong>Combien de temps faut-il pour se pr\u00e9parer\u202f?<\/strong><br \/>Cela d\u00e9pend de votre niveau initial et de l\u2019examen vis\u00e9. Une pr\u00e9paration moyenne dure de 4 \u00e0 12 semaines avec des s\u00e9ances r\u00e9guli\u00e8res.<\/p><p><strong>Puis-je faire des simulations d\u2019examen\u202f?<\/strong><br \/>Oui, nous organisons des simulations d\u2019\u00e9preuves pour vous familiariser avec le format de l\u2019examen et vous entra\u00eener dans des conditions r\u00e9elles.<\/p>\t\t\t\t\t\t\t\t<\/div>\n\t\t\t\t<\/div>\n\t\t\t\t<div class=\"elementor-element elementor-element-04838df elementor-widget elementor-widget-button\" data-id=\"04838df\" data-element_type=\"widget\" data-e-type=\"widget\" data-widget_type=\"button.default\">\n\t\t\t\t<div class=\"elementor-widget-container\">\n\t\t\t\t\t\t\t\t\t<div class=\"elementor-button-wrapper\">\n\t\t\t\t\t<a class=\"elementor-button elementor-button-link elementor-size-sm\" href=\"https:\/\/french-english-lessons.com\/sr\/contact\/\">\n\t\t\t\t\t\t<span class=\"elementor-button-content-wrapper\">\n\t\t\t\t\t\t\t\t\t<span class=\"elementor-button-text\">Contactez-moi<\/span>\n\t\t\t\t\t<\/span>\n\t\t\t\t\t<\/a>\n\t\t\t\t<\/div>\n\t\t\t\t\t\t\t\t<\/div>\n\t\t\t\t<\/div>\n\t\t\t\t\t<\/div>\n\t\t\t\t<\/div>\n\t\t\t\t<\/div>","protected":false},"excerpt":{"rendered":"<p>Pr\u00e9paration aux examens DELF\/DALF pour \u00e9trangers : atteignez vos objectifs de certification Passer les examens DELF (Dipl\u00f4me d\u2019\u00c9tudes en Langue Fran\u00e7aise) ou DALF (Dipl\u00f4me Approfondi de Langue Fran\u00e7aise) est une \u00e9tape importante pour valider vos comp\u00e9tences en fran\u00e7ais. Nos cours de pr\u00e9paration sont sp\u00e9cialement con\u00e7us pour aider les \u00e9trangers \u00e0 r\u00e9ussir ces certifications avec un [&hellip;]<\/p>\n","protected":false},"author":1,"featured_media":0,"parent":0,"menu_order":0,"comment_status":"closed","ping_status":"closed","template":"elementor_header_footer","meta":{"footnotes":""},"class_list":["post-266","page","type-page","status-publish","hentry"],"yoast_head":"<!-- This site is optimized with the Yoast SEO plugin v27.5 - https:\/\/yoast.com\/product\/yoast-seo-wordpress\/ -->\n<title>Pr\u00e9paration aux examens DELF\/DALF pour \u00e9trangers - French English Lessons<\/title>\n<meta name=\"description\" content=\"Pr\u00e9parez-vous aux examens DELF\/DALF avec des cours personnalis\u00e9s pour \u00e9trangers. M\u00e9thode efficace et adapt\u00e9e \u00e0 vos objectifs. R\u00e9servez votre formation maintenant\u202f!\" \/>\n<meta name=\"robots\" content=\"index, follow, max-snippet:-1, max-image-preview:large, max-video-preview:-1\" \/>\n<link rel=\"canonical\" href=\"https:\/\/french-english-lessons.com\/sr\/preparation-aux-examens-delf-dalf-pour-etrangers\/\" \/>\n<meta property=\"og:locale\" content=\"sr_RS\" \/>\n<meta property=\"og:type\" content=\"article\" \/>\n<meta property=\"og:title\" content=\"Pr\u00e9paration aux examens DELF\/DALF pour \u00e9trangers - French English Lessons\" \/>\n<meta property=\"og:description\" content=\"Pr\u00e9parez-vous aux examens DELF\/DALF avec des cours personnalis\u00e9s pour \u00e9trangers. M\u00e9thode efficace et adapt\u00e9e \u00e0 vos objectifs. R\u00e9servez votre formation maintenant\u202f!\" \/>\n<meta property=\"og:url\" content=\"https:\/\/french-english-lessons.com\/sr\/preparation-aux-examens-delf-dalf-pour-etrangers\/\" \/>\n<meta property=\"og:site_name\" content=\"French English Lessons\" \/>\n<meta property=\"article:modified_time\" content=\"2024-11-27T16:11:50+00:00\" \/>\n<meta name=\"twitter:card\" content=\"summary_large_image\" \/>\n<meta name=\"twitter:label1\" content=\"\u041f\u0440\u043e\u0446\u0435\u045a\u0435\u043d\u043e \u0432\u0440\u0435\u043c\u0435 \u0447\u0438\u0442\u0430\u045a\u0430\" \/>\n\t<meta name=\"twitter:data1\" content=\"3 \u043c\u0438\u043d\u0443\u0442\u0430\" \/>\n<script type=\"application\/ld+json\" class=\"yoast-schema-graph\">{\"@context\":\"https:\\\/\\\/schema.org\",\"@graph\":[{\"@type\":\"WebPage\",\"@id\":\"https:\\\/\\\/french-english-lessons.com\\\/preparation-aux-examens-delf-dalf-pour-etrangers\\\/\",\"url\":\"https:\\\/\\\/french-english-lessons.com\\\/preparation-aux-examens-delf-dalf-pour-etrangers\\\/\",\"name\":\"Pr\u00e9paration aux examens DELF\\\/DALF pour \u00e9trangers - French English Lessons\",\"isPartOf\":{\"@id\":\"https:\\\/\\\/french-english-lessons.com\\\/#website\"},\"datePublished\":\"2024-11-27T16:10:34+00:00\",\"dateModified\":\"2024-11-27T16:11:50+00:00\",\"description\":\"Pr\u00e9parez-vous aux examens DELF\\\/DALF avec des cours personnalis\u00e9s pour \u00e9trangers. M\u00e9thode efficace et adapt\u00e9e \u00e0 vos objectifs. R\u00e9servez votre formation maintenant\u202f!\",\"breadcrumb\":{\"@id\":\"https:\\\/\\\/french-english-lessons.com\\\/preparation-aux-examens-delf-dalf-pour-etrangers\\\/#breadcrumb\"},\"inLanguage\":\"sr-RS\",\"potentialAction\":[{\"@type\":\"ReadAction\",\"target\":[\"https:\\\/\\\/french-english-lessons.com\\\/preparation-aux-examens-delf-dalf-pour-etrangers\\\/\"]}]},{\"@type\":\"BreadcrumbList\",\"@id\":\"https:\\\/\\\/french-english-lessons.com\\\/preparation-aux-examens-delf-dalf-pour-etrangers\\\/#breadcrumb\",\"itemListElement\":[{\"@type\":\"ListItem\",\"position\":1,\"name\":\"Home\",\"item\":\"https:\\\/\\\/french-english-lessons.com\\\/\"},{\"@type\":\"ListItem\",\"position\":2,\"name\":\"Pr\u00e9paration aux examens DELF\\\/DALF pour \u00e9trangers\"}]},{\"@type\":\"WebSite\",\"@id\":\"https:\\\/\\\/french-english-lessons.com\\\/#website\",\"url\":\"https:\\\/\\\/french-english-lessons.com\\\/\",\"name\":\"French English Lessons\",\"description\":\"\",\"potentialAction\":[{\"@type\":\"SearchAction\",\"target\":{\"@type\":\"EntryPoint\",\"urlTemplate\":\"https:\\\/\\\/french-english-lessons.com\\\/?s={search_term_string}\"},\"query-input\":{\"@type\":\"PropertyValueSpecification\",\"valueRequired\":true,\"valueName\":\"search_term_string\"}}],\"inLanguage\":\"sr-RS\"}]}<\/script>\n<!-- \/ Yoast SEO plugin. -->","yoast_head_json":{"title":"Pr\u00e9paration aux examens DELF\/DALF pour \u00e9trangers - French English Lessons","description":"Pr\u00e9parez-vous aux examens DELF\/DALF avec des cours personnalis\u00e9s pour \u00e9trangers. M\u00e9thode efficace et adapt\u00e9e \u00e0 vos objectifs. R\u00e9servez votre formation maintenant\u202f!","robots":{"index":"index","follow":"follow","max-snippet":"max-snippet:-1","max-image-preview":"max-image-preview:large","max-video-preview":"max-video-preview:-1"},"canonical":"https:\/\/french-english-lessons.com\/sr\/preparation-aux-examens-delf-dalf-pour-etrangers\/","og_locale":"sr_RS","og_type":"article","og_title":"Pr\u00e9paration aux examens DELF\/DALF pour \u00e9trangers - French English Lessons","og_description":"Pr\u00e9parez-vous aux examens DELF\/DALF avec des cours personnalis\u00e9s pour \u00e9trangers. M\u00e9thode efficace et adapt\u00e9e \u00e0 vos objectifs. R\u00e9servez votre formation maintenant\u202f!","og_url":"https:\/\/french-english-lessons.com\/sr\/preparation-aux-examens-delf-dalf-pour-etrangers\/","og_site_name":"French English Lessons","article_modified_time":"2024-11-27T16:11:50+00:00","twitter_card":"summary_large_image","twitter_misc":{"\u041f\u0440\u043e\u0446\u0435\u045a\u0435\u043d\u043e \u0432\u0440\u0435\u043c\u0435 \u0447\u0438\u0442\u0430\u045a\u0430":"3 \u043c\u0438\u043d\u0443\u0442\u0430"},"schema":{"@context":"https:\/\/schema.org","@graph":[{"@type":"WebPage","@id":"https:\/\/french-english-lessons.com\/preparation-aux-examens-delf-dalf-pour-etrangers\/","url":"https:\/\/french-english-lessons.com\/preparation-aux-examens-delf-dalf-pour-etrangers\/","name":"Pr\u00e9paration aux examens DELF\/DALF pour \u00e9trangers - French English Lessons","isPartOf":{"@id":"https:\/\/french-english-lessons.com\/#website"},"datePublished":"2024-11-27T16:10:34+00:00","dateModified":"2024-11-27T16:11:50+00:00","description":"Pr\u00e9parez-vous aux examens DELF\/DALF avec des cours personnalis\u00e9s pour \u00e9trangers. M\u00e9thode efficace et adapt\u00e9e \u00e0 vos objectifs. R\u00e9servez votre formation maintenant\u202f!","breadcrumb":{"@id":"https:\/\/french-english-lessons.com\/preparation-aux-examens-delf-dalf-pour-etrangers\/#breadcrumb"},"inLanguage":"sr-RS","potentialAction":[{"@type":"ReadAction","target":["https:\/\/french-english-lessons.com\/preparation-aux-examens-delf-dalf-pour-etrangers\/"]}]},{"@type":"BreadcrumbList","@id":"https:\/\/french-english-lessons.com\/preparation-aux-examens-delf-dalf-pour-etrangers\/#breadcrumb","itemListElement":[{"@type":"ListItem","position":1,"name":"Home","item":"https:\/\/french-english-lessons.com\/"},{"@type":"ListItem","position":2,"name":"Pr\u00e9paration aux examens DELF\/DALF pour \u00e9trangers"}]},{"@type":"WebSite","@id":"https:\/\/french-english-lessons.com\/#website","url":"https:\/\/french-english-lessons.com\/","name":"French English Lessons","description":"","potentialAction":[{"@type":"SearchAction","target":{"@type":"EntryPoint","urlTemplate":"https:\/\/french-english-lessons.com\/?s={search_term_string}"},"query-input":{"@type":"PropertyValueSpecification","valueRequired":true,"valueName":"search_term_string"}}],"inLanguage":"sr-RS"}]}},"_links":{"self":[{"href":"https:\/\/french-english-lessons.com\/sr\/wp-json\/wp\/v2\/pages\/266","targetHints":{"allow":["GET"]}}],"collection":[{"href":"https:\/\/french-english-lessons.com\/sr\/wp-json\/wp\/v2\/pages"}],"about":[{"href":"https:\/\/french-english-lessons.com\/sr\/wp-json\/wp\/v2\/types\/page"}],"author":[{"embeddable":true,"href":"https:\/\/french-english-lessons.com\/sr\/wp-json\/wp\/v2\/users\/1"}],"replies":[{"embeddable":true,"href":"https:\/\/french-english-lessons.com\/sr\/wp-json\/wp\/v2\/comments?post=266"}],"version-history":[{"count":4,"href":"https:\/\/french-english-lessons.com\/sr\/wp-json\/wp\/v2\/pages\/266\/revisions"}],"predecessor-version":[{"id":270,"href":"https:\/\/french-english-lessons.com\/sr\/wp-json\/wp\/v2\/pages\/266\/revisions\/270"}],"wp:attachment":[{"href":"https:\/\/french-english-lessons.com\/sr\/wp-json\/wp\/v2\/media?parent=266"}],"curies":[{"name":"wp","href":"https:\/\/api.w.org\/{rel}","templated":true}]}}