{"id":225,"date":"2024-11-27T16:40:38","date_gmt":"2024-11-27T15:40:38","guid":{"rendered":"https:\/\/french-english-lessons.com\/?page_id=225"},"modified":"2024-11-27T16:47:58","modified_gmt":"2024-11-27T15:47:58","slug":"cours-de-francais-pour-debutants-etrangers","status":"publish","type":"page","link":"https:\/\/french-english-lessons.com\/sr\/cours-de-francais-pour-debutants-etrangers\/","title":{"rendered":"Cours de fran\u00e7ais pour d\u00e9butants \u00e9trangers"},"content":{"rendered":"<div data-elementor-type=\"wp-page\" data-elementor-id=\"225\" class=\"elementor elementor-225\" data-elementor-post-type=\"page\">\n\t\t\t\t<div class=\"elementor-element elementor-element-634804f e-flex e-con-boxed e-con e-parent\" data-id=\"634804f\" data-element_type=\"container\" data-e-type=\"container\" data-settings=\"{&quot;jet_parallax_layout_list&quot;:[]}\">\n\t\t\t\t\t<div class=\"e-con-inner\">\n\t\t\t\t<div class=\"elementor-element elementor-element-573bd16 elementor-widget elementor-widget-heading\" data-id=\"573bd16\" data-element_type=\"widget\" data-e-type=\"widget\" data-widget_type=\"heading.default\">\n\t\t\t\t<div class=\"elementor-widget-container\">\n\t\t\t\t\t<h1 class=\"elementor-heading-title elementor-size-default\">Cours de fran\u00e7ais pour d\u00e9butants \u00e9trangers en ligne\n\n<\/h1>\t\t\t\t<\/div>\n\t\t\t\t<\/div>\n\t\t\t\t<div class=\"elementor-element elementor-element-d240db8 elementor-widget elementor-widget-text-editor\" data-id=\"d240db8\" data-element_type=\"widget\" data-e-type=\"widget\" data-widget_type=\"text-editor.default\">\n\t\t\t\t<div class=\"elementor-widget-container\">\n\t\t\t\t\t\t\t\t\t<p><strong>Apprendre le fran\u00e7ais pour les d\u00e9butants \u00e9trangers<\/strong> est d\u00e9sormais accessible \u00e0 tous gr\u00e2ce \u00e0 des cours en ligne adapt\u00e9s et personnalis\u00e9s. Que vous soyez expatri\u00e9, \u00e9tudiant ou simplement curieux d\u2019apprendre une nouvelle langue, ces cours vous permettront de progresser rapidement et efficacement. Avec des m\u00e9thodes modernes et interactives, vous apprendrez \u00e0 parler fran\u00e7ais dans des situations du quotidien, \u00e0 \u00e9crire avec aisance et \u00e0 comprendre des conversations simples. Vous n\u2019\u00eates plus seul dans votre parcours linguistique, et chaque \u00e9tape est guid\u00e9e pour r\u00e9pondre \u00e0 vos besoins sp\u00e9cifiques.<\/p>\t\t\t\t\t\t\t\t<\/div>\n\t\t\t\t<\/div>\n\t\t\t\t<div class=\"elementor-element elementor-element-56e0a26 elementor-widget elementor-widget-button\" data-id=\"56e0a26\" data-element_type=\"widget\" data-e-type=\"widget\" data-widget_type=\"button.default\">\n\t\t\t\t<div class=\"elementor-widget-container\">\n\t\t\t\t\t\t\t\t\t<div class=\"elementor-button-wrapper\">\n\t\t\t\t\t<a class=\"elementor-button elementor-button-link elementor-size-sm\" href=\"https:\/\/french-english-lessons.com\/sr\/contact\/\">\n\t\t\t\t\t\t<span class=\"elementor-button-content-wrapper\">\n\t\t\t\t\t\t\t\t\t<span class=\"elementor-button-text\">Contactez-moi<\/span>\n\t\t\t\t\t<\/span>\n\t\t\t\t\t<\/a>\n\t\t\t\t<\/div>\n\t\t\t\t\t\t\t\t<\/div>\n\t\t\t\t<\/div>\n\t\t\t\t\t<\/div>\n\t\t\t\t<\/div>\n\t\t<div class=\"elementor-element elementor-element-b8b9f61 e-flex e-con-boxed e-con e-parent\" data-id=\"b8b9f61\" data-element_type=\"container\" data-e-type=\"container\" data-settings=\"{&quot;background_background&quot;:&quot;classic&quot;,&quot;jet_parallax_layout_list&quot;:[]}\">\n\t\t\t\t\t<div class=\"e-con-inner\">\n\t\t\t\t<div class=\"elementor-element elementor-element-e4c7f0f elementor-widget elementor-widget-heading\" data-id=\"e4c7f0f\" data-element_type=\"widget\" data-e-type=\"widget\" data-widget_type=\"heading.default\">\n\t\t\t\t<div class=\"elementor-widget-container\">\n\t\t\t\t\t<h2 class=\"elementor-heading-title elementor-size-default\">Pourquoi choisir nos cours de fran\u00e7ais pour d\u00e9butants \u00e9trangers ?\n<\/h2>\t\t\t\t<\/div>\n\t\t\t\t<\/div>\n\t\t\t\t<div class=\"elementor-element elementor-element-833c626 elementor-widget elementor-widget-text-editor\" data-id=\"833c626\" data-element_type=\"widget\" data-e-type=\"widget\" data-widget_type=\"text-editor.default\">\n\t\t\t\t<div class=\"elementor-widget-container\">\n\t\t\t\t\t\t\t\t\t<p>Nos cours de fran\u00e7ais pour d\u00e9butants \u00e9trangers sont con\u00e7us pour offrir une exp\u00e9rience d\u2019apprentissage unique. Gr\u00e2ce \u00e0 une m\u00e9thode enti\u00e8rement personnalis\u00e9e, chaque apprenant re\u00e7oit un accompagnement adapt\u00e9 \u00e0 ses objectifs et \u00e0 son rythme. Vous aurez la libert\u00e9 de choisir des horaires flexibles qui correspondent \u00e0 votre emploi du temps. En tant que professeur certifi\u00e9 avec des dipl\u00f4mes tels que le MASTER FLE, le TEFL et le TESOL, je m\u2019efforce de garantir une progression rapide et visible, que ce soit pour des besoins personnels, professionnels ou acad\u00e9miques. Cette approche repose sur une pratique intensive de la conversation, associ\u00e9e \u00e0 des exercices de grammaire et de vocabulaire cibl\u00e9s.<\/p>\t\t\t\t\t\t\t\t<\/div>\n\t\t\t\t<\/div>\n\t\t\t\t<div class=\"elementor-element elementor-element-d6d236f elementor-widget elementor-widget-button\" data-id=\"d6d236f\" data-element_type=\"widget\" data-e-type=\"widget\" data-widget_type=\"button.default\">\n\t\t\t\t<div class=\"elementor-widget-container\">\n\t\t\t\t\t\t\t\t\t<div class=\"elementor-button-wrapper\">\n\t\t\t\t\t<a class=\"elementor-button elementor-button-link elementor-size-sm\" href=\"https:\/\/french-english-lessons.com\/sr\/contact\/\">\n\t\t\t\t\t\t<span class=\"elementor-button-content-wrapper\">\n\t\t\t\t\t\t\t\t\t<span class=\"elementor-button-text\">Contactez-moi<\/span>\n\t\t\t\t\t<\/span>\n\t\t\t\t\t<\/a>\n\t\t\t\t<\/div>\n\t\t\t\t\t\t\t\t<\/div>\n\t\t\t\t<\/div>\n\t\t\t\t\t<\/div>\n\t\t\t\t<\/div>\n\t\t<div class=\"elementor-element elementor-element-d8a9c29 e-flex e-con-boxed e-con e-parent\" data-id=\"d8a9c29\" data-element_type=\"container\" data-e-type=\"container\" data-settings=\"{&quot;jet_parallax_layout_list&quot;:[]}\">\n\t\t\t\t\t<div class=\"e-con-inner\">\n\t\t\t\t<div class=\"elementor-element elementor-element-53ab1f0 elementor-widget elementor-widget-heading\" data-id=\"53ab1f0\" data-element_type=\"widget\" data-e-type=\"widget\" data-widget_type=\"heading.default\">\n\t\t\t\t<div class=\"elementor-widget-container\">\n\t\t\t\t\t<h2 class=\"elementor-heading-title elementor-size-default\">Comment fonctionnent nos cours de fran\u00e7ais pour d\u00e9butants \u00e9trangers ?\n<\/h2>\t\t\t\t<\/div>\n\t\t\t\t<\/div>\n\t\t\t\t<div class=\"elementor-element elementor-element-56586bb elementor-widget elementor-widget-text-editor\" data-id=\"56586bb\" data-element_type=\"widget\" data-e-type=\"widget\" data-widget_type=\"text-editor.default\">\n\t\t\t\t<div class=\"elementor-widget-container\">\n\t\t\t\t\t\t\t\t\t<p>Les cours sont enti\u00e8rement en ligne, ce qui vous permet d\u2019apprendre o\u00f9 que vous soyez, \u00e0 la maison ou au bureau. Tout commence par une \u00e9valuation personnalis\u00e9e pour d\u00e9finir votre niveau et fixer vos objectifs. Une fois cette \u00e9tape franchie, chaque session est pr\u00e9par\u00e9e pour vous aider \u00e0 am\u00e9liorer votre compr\u00e9hension orale, votre expression \u00e9crite et votre confiance en vous. Gr\u00e2ce \u00e0 des outils comme Zoom ou Skype, vous pourrez participer activement \u00e0 des cours interactifs, ax\u00e9s sur des sc\u00e9narios pratiques et des \u00e9changes r\u00e9els. Vous serez guid\u00e9 pas \u00e0 pas pour ma\u00eetriser les bases de la langue fran\u00e7aise dans un environnement motivant et bienveillant.<\/p>\t\t\t\t\t\t\t\t<\/div>\n\t\t\t\t<\/div>\n\t\t\t\t<div class=\"elementor-element elementor-element-f13934d elementor-widget elementor-widget-button\" data-id=\"f13934d\" data-element_type=\"widget\" data-e-type=\"widget\" data-widget_type=\"button.default\">\n\t\t\t\t<div class=\"elementor-widget-container\">\n\t\t\t\t\t\t\t\t\t<div class=\"elementor-button-wrapper\">\n\t\t\t\t\t<a class=\"elementor-button elementor-button-link elementor-size-sm\" href=\"https:\/\/french-english-lessons.com\/sr\/contact\/\">\n\t\t\t\t\t\t<span class=\"elementor-button-content-wrapper\">\n\t\t\t\t\t\t\t\t\t<span class=\"elementor-button-text\">Contactez-moi<\/span>\n\t\t\t\t\t<\/span>\n\t\t\t\t\t<\/a>\n\t\t\t\t<\/div>\n\t\t\t\t\t\t\t\t<\/div>\n\t\t\t\t<\/div>\n\t\t\t\t\t<\/div>\n\t\t\t\t<\/div>\n\t\t<div class=\"elementor-element elementor-element-1152f8c e-flex e-con-boxed e-con e-parent\" data-id=\"1152f8c\" data-element_type=\"container\" data-e-type=\"container\" data-settings=\"{&quot;background_background&quot;:&quot;classic&quot;,&quot;jet_parallax_layout_list&quot;:[]}\">\n\t\t\t\t\t<div class=\"e-con-inner\">\n\t\t\t\t<div class=\"elementor-element elementor-element-137a378 elementor-widget elementor-widget-heading\" data-id=\"137a378\" data-element_type=\"widget\" data-e-type=\"widget\" data-widget_type=\"heading.default\">\n\t\t\t\t<div class=\"elementor-widget-container\">\n\t\t\t\t\t<h2 class=\"elementor-heading-title elementor-size-default\">Les avantages de nos cours de fran\u00e7ais pour d\u00e9butants \u00e9trangers\n<\/h2>\t\t\t\t<\/div>\n\t\t\t\t<\/div>\n\t\t\t\t<div class=\"elementor-element elementor-element-a68bd94 elementor-widget elementor-widget-text-editor\" data-id=\"a68bd94\" data-element_type=\"widget\" data-e-type=\"widget\" data-widget_type=\"text-editor.default\">\n\t\t\t\t<div class=\"elementor-widget-container\">\n\t\t\t\t\t\t\t\t\t<p>Apprendre le fran\u00e7ais en tant que d\u00e9butant peut sembler intimidant, mais avec la bonne m\u00e9thode, cela devient une exp\u00e9rience enrichissante et agr\u00e9able. Ces cours en ligne vous permettent d\u2019apprendre \u00e0 parler fran\u00e7ais rapidement et avec assurance, que ce soit pour voyager, travailler ou simplement d\u00e9couvrir une nouvelle culture. Ils sont \u00e9galement id\u00e9aux si vous souhaitez pr\u00e9parer des examens comme le DELF ou le DALF. Chaque le\u00e7on vous rapproche de vos objectifs, que ce soit pour am\u00e9liorer vos comp\u00e9tences linguistiques ou pour communiquer plus facilement dans la vie de tous les jours. Avec une pratique r\u00e9guli\u00e8re et un accompagnement de qualit\u00e9, vous verrez des r\u00e9sultats d\u00e8s les premi\u00e8res semaines.<\/p>\t\t\t\t\t\t\t\t<\/div>\n\t\t\t\t<\/div>\n\t\t\t\t<div class=\"elementor-element elementor-element-066a702 elementor-widget elementor-widget-button\" data-id=\"066a702\" data-element_type=\"widget\" data-e-type=\"widget\" data-widget_type=\"button.default\">\n\t\t\t\t<div class=\"elementor-widget-container\">\n\t\t\t\t\t\t\t\t\t<div class=\"elementor-button-wrapper\">\n\t\t\t\t\t<a class=\"elementor-button elementor-button-link elementor-size-sm\" href=\"https:\/\/french-english-lessons.com\/sr\/contact\/\">\n\t\t\t\t\t\t<span class=\"elementor-button-content-wrapper\">\n\t\t\t\t\t\t\t\t\t<span class=\"elementor-button-text\">Contactez-moi<\/span>\n\t\t\t\t\t<\/span>\n\t\t\t\t\t<\/a>\n\t\t\t\t<\/div>\n\t\t\t\t\t\t\t\t<\/div>\n\t\t\t\t<\/div>\n\t\t\t\t\t<\/div>\n\t\t\t\t<\/div>\n\t\t<div class=\"elementor-element elementor-element-bb2589f e-flex e-con-boxed e-con e-parent\" data-id=\"bb2589f\" data-element_type=\"container\" data-e-type=\"container\" data-settings=\"{&quot;jet_parallax_layout_list&quot;:[]}\">\n\t\t\t\t\t<div class=\"e-con-inner\">\n\t\t\t\t<div class=\"elementor-element elementor-element-04908ab elementor-widget elementor-widget-heading\" data-id=\"04908ab\" data-element_type=\"widget\" data-e-type=\"widget\" data-widget_type=\"heading.default\">\n\t\t\t\t<div class=\"elementor-widget-container\">\n\t\t\t\t\t<h2 class=\"elementor-heading-title elementor-size-default\">FAQ - Questions fr\u00e9quentes\n<\/h2>\t\t\t\t<\/div>\n\t\t\t\t<\/div>\n\t\t\t\t<div class=\"elementor-element elementor-element-36def71 elementor-widget elementor-widget-text-editor\" data-id=\"36def71\" data-element_type=\"widget\" data-e-type=\"widget\" data-widget_type=\"text-editor.default\">\n\t\t\t\t<div class=\"elementor-widget-container\">\n\t\t\t\t\t\t\t\t\t<p>Nos cours de fran\u00e7ais pour d\u00e9butants \u00e9trangers s\u2019adressent \u00e0 tous ceux qui souhaitent apprendre la langue fran\u00e7aise, quel que soit leur niveau de d\u00e9part. Vous n\u2019aurez besoin que d\u2019une connexion internet et d\u2019un appareil compatible pour suivre les cours via des plateformes comme Zoom ou Skype. La dur\u00e9e pour ma\u00eetriser les bases d\u00e9pend de votre implication et de la fr\u00e9quence des cours, mais vous verrez des progr\u00e8s significatifs d\u00e8s les premi\u00e8res le\u00e7ons. Chaque cours est con\u00e7u pour \u00eatre interactif, pratique et motivant afin de rendre l\u2019apprentissage agr\u00e9able et efficace.<\/p>\t\t\t\t\t\t\t\t<\/div>\n\t\t\t\t<\/div>\n\t\t\t\t<div class=\"elementor-element elementor-element-d4d7514 elementor-widget elementor-widget-button\" data-id=\"d4d7514\" data-element_type=\"widget\" data-e-type=\"widget\" data-widget_type=\"button.default\">\n\t\t\t\t<div class=\"elementor-widget-container\">\n\t\t\t\t\t\t\t\t\t<div class=\"elementor-button-wrapper\">\n\t\t\t\t\t<a class=\"elementor-button elementor-button-link elementor-size-sm\" href=\"https:\/\/french-english-lessons.com\/sr\/contact\/\">\n\t\t\t\t\t\t<span class=\"elementor-button-content-wrapper\">\n\t\t\t\t\t\t\t\t\t<span class=\"elementor-button-text\">Contactez-moi<\/span>\n\t\t\t\t\t<\/span>\n\t\t\t\t\t<\/a>\n\t\t\t\t<\/div>\n\t\t\t\t\t\t\t\t<\/div>\n\t\t\t\t<\/div>\n\t\t\t\t\t<\/div>\n\t\t\t\t<\/div>\n\t\t\t\t<\/div>","protected":false},"excerpt":{"rendered":"<p>Cours de fran\u00e7ais pour d\u00e9butants \u00e9trangers en ligne Apprendre le fran\u00e7ais pour les d\u00e9butants \u00e9trangers est d\u00e9sormais accessible \u00e0 tous gr\u00e2ce \u00e0 des cours en ligne adapt\u00e9s et personnalis\u00e9s. Que vous soyez expatri\u00e9, \u00e9tudiant ou simplement curieux d\u2019apprendre une nouvelle langue, ces cours vous permettront de progresser rapidement et efficacement. Avec des m\u00e9thodes modernes et [&hellip;]<\/p>\n","protected":false},"author":1,"featured_media":0,"parent":0,"menu_order":0,"comment_status":"closed","ping_status":"closed","template":"elementor_header_footer","meta":{"footnotes":""},"class_list":["post-225","page","type-page","status-publish","hentry"],"yoast_head":"<!-- This site is optimized with the Yoast SEO plugin v27.5 - https:\/\/yoast.com\/product\/yoast-seo-wordpress\/ -->\n<title>Cours de fran\u00e7ais pour d\u00e9butants \u00e9trangers - Apprendre facilement en ligne<\/title>\n<meta name=\"description\" content=\"D\u00e9couvrez des cours de fran\u00e7ais pour d\u00e9butants \u00e9trangers en ligne. Apprenez \u00e0 parler fran\u00e7ais rapidement avec une m\u00e9thode personnalis\u00e9e et flexible adapt\u00e9e \u00e0 vos besoins. R\u00e9servez votre cours d\u00e8s aujourd\u2019hui\u202f!\" \/>\n<meta name=\"robots\" content=\"index, follow, max-snippet:-1, max-image-preview:large, max-video-preview:-1\" \/>\n<link rel=\"canonical\" href=\"https:\/\/french-english-lessons.com\/sr\/cours-de-francais-pour-debutants-etrangers\/\" \/>\n<meta property=\"og:locale\" content=\"sr_RS\" \/>\n<meta property=\"og:type\" content=\"article\" \/>\n<meta property=\"og:title\" content=\"Cours de fran\u00e7ais pour d\u00e9butants \u00e9trangers - Apprendre facilement en ligne\" \/>\n<meta property=\"og:description\" content=\"D\u00e9couvrez des cours de fran\u00e7ais pour d\u00e9butants \u00e9trangers en ligne. Apprenez \u00e0 parler fran\u00e7ais rapidement avec une m\u00e9thode personnalis\u00e9e et flexible adapt\u00e9e \u00e0 vos besoins. R\u00e9servez votre cours d\u00e8s aujourd\u2019hui\u202f!\" \/>\n<meta property=\"og:url\" content=\"https:\/\/french-english-lessons.com\/sr\/cours-de-francais-pour-debutants-etrangers\/\" \/>\n<meta property=\"og:site_name\" content=\"French English Lessons\" \/>\n<meta property=\"article:modified_time\" content=\"2024-11-27T15:47:58+00:00\" \/>\n<meta name=\"twitter:card\" content=\"summary_large_image\" \/>\n<meta name=\"twitter:label1\" content=\"\u041f\u0440\u043e\u0446\u0435\u045a\u0435\u043d\u043e \u0432\u0440\u0435\u043c\u0435 \u0447\u0438\u0442\u0430\u045a\u0430\" \/>\n\t<meta name=\"twitter:data1\" content=\"3 \u043c\u0438\u043d\u0443\u0442\u0430\" \/>\n<script type=\"application\/ld+json\" class=\"yoast-schema-graph\">{\"@context\":\"https:\\\/\\\/schema.org\",\"@graph\":[{\"@type\":\"WebPage\",\"@id\":\"https:\\\/\\\/french-english-lessons.com\\\/cours-de-francais-pour-debutants-etrangers\\\/\",\"url\":\"https:\\\/\\\/french-english-lessons.com\\\/cours-de-francais-pour-debutants-etrangers\\\/\",\"name\":\"Cours de fran\u00e7ais pour d\u00e9butants \u00e9trangers - Apprendre facilement en ligne\",\"isPartOf\":{\"@id\":\"https:\\\/\\\/french-english-lessons.com\\\/#website\"},\"datePublished\":\"2024-11-27T15:40:38+00:00\",\"dateModified\":\"2024-11-27T15:47:58+00:00\",\"description\":\"D\u00e9couvrez des cours de fran\u00e7ais pour d\u00e9butants \u00e9trangers en ligne. Apprenez \u00e0 parler fran\u00e7ais rapidement avec une m\u00e9thode personnalis\u00e9e et flexible adapt\u00e9e \u00e0 vos besoins. R\u00e9servez votre cours d\u00e8s aujourd\u2019hui\u202f!\",\"breadcrumb\":{\"@id\":\"https:\\\/\\\/french-english-lessons.com\\\/cours-de-francais-pour-debutants-etrangers\\\/#breadcrumb\"},\"inLanguage\":\"sr-RS\",\"potentialAction\":[{\"@type\":\"ReadAction\",\"target\":[\"https:\\\/\\\/french-english-lessons.com\\\/cours-de-francais-pour-debutants-etrangers\\\/\"]}]},{\"@type\":\"BreadcrumbList\",\"@id\":\"https:\\\/\\\/french-english-lessons.com\\\/cours-de-francais-pour-debutants-etrangers\\\/#breadcrumb\",\"itemListElement\":[{\"@type\":\"ListItem\",\"position\":1,\"name\":\"Home\",\"item\":\"https:\\\/\\\/french-english-lessons.com\\\/\"},{\"@type\":\"ListItem\",\"position\":2,\"name\":\"Cours de fran\u00e7ais pour d\u00e9butants \u00e9trangers\"}]},{\"@type\":\"WebSite\",\"@id\":\"https:\\\/\\\/french-english-lessons.com\\\/#website\",\"url\":\"https:\\\/\\\/french-english-lessons.com\\\/\",\"name\":\"French English Lessons\",\"description\":\"\",\"potentialAction\":[{\"@type\":\"SearchAction\",\"target\":{\"@type\":\"EntryPoint\",\"urlTemplate\":\"https:\\\/\\\/french-english-lessons.com\\\/?s={search_term_string}\"},\"query-input\":{\"@type\":\"PropertyValueSpecification\",\"valueRequired\":true,\"valueName\":\"search_term_string\"}}],\"inLanguage\":\"sr-RS\"}]}<\/script>\n<!-- \/ Yoast SEO plugin. -->","yoast_head_json":{"title":"Cours de fran\u00e7ais pour d\u00e9butants \u00e9trangers - Apprendre facilement en ligne","description":"D\u00e9couvrez des cours de fran\u00e7ais pour d\u00e9butants \u00e9trangers en ligne. Apprenez \u00e0 parler fran\u00e7ais rapidement avec une m\u00e9thode personnalis\u00e9e et flexible adapt\u00e9e \u00e0 vos besoins. R\u00e9servez votre cours d\u00e8s aujourd\u2019hui\u202f!","robots":{"index":"index","follow":"follow","max-snippet":"max-snippet:-1","max-image-preview":"max-image-preview:large","max-video-preview":"max-video-preview:-1"},"canonical":"https:\/\/french-english-lessons.com\/sr\/cours-de-francais-pour-debutants-etrangers\/","og_locale":"sr_RS","og_type":"article","og_title":"Cours de fran\u00e7ais pour d\u00e9butants \u00e9trangers - Apprendre facilement en ligne","og_description":"D\u00e9couvrez des cours de fran\u00e7ais pour d\u00e9butants \u00e9trangers en ligne. Apprenez \u00e0 parler fran\u00e7ais rapidement avec une m\u00e9thode personnalis\u00e9e et flexible adapt\u00e9e \u00e0 vos besoins. R\u00e9servez votre cours d\u00e8s aujourd\u2019hui\u202f!","og_url":"https:\/\/french-english-lessons.com\/sr\/cours-de-francais-pour-debutants-etrangers\/","og_site_name":"French English Lessons","article_modified_time":"2024-11-27T15:47:58+00:00","twitter_card":"summary_large_image","twitter_misc":{"\u041f\u0440\u043e\u0446\u0435\u045a\u0435\u043d\u043e \u0432\u0440\u0435\u043c\u0435 \u0447\u0438\u0442\u0430\u045a\u0430":"3 \u043c\u0438\u043d\u0443\u0442\u0430"},"schema":{"@context":"https:\/\/schema.org","@graph":[{"@type":"WebPage","@id":"https:\/\/french-english-lessons.com\/cours-de-francais-pour-debutants-etrangers\/","url":"https:\/\/french-english-lessons.com\/cours-de-francais-pour-debutants-etrangers\/","name":"Cours de fran\u00e7ais pour d\u00e9butants \u00e9trangers - Apprendre facilement en ligne","isPartOf":{"@id":"https:\/\/french-english-lessons.com\/#website"},"datePublished":"2024-11-27T15:40:38+00:00","dateModified":"2024-11-27T15:47:58+00:00","description":"D\u00e9couvrez des cours de fran\u00e7ais pour d\u00e9butants \u00e9trangers en ligne. Apprenez \u00e0 parler fran\u00e7ais rapidement avec une m\u00e9thode personnalis\u00e9e et flexible adapt\u00e9e \u00e0 vos besoins. R\u00e9servez votre cours d\u00e8s aujourd\u2019hui\u202f!","breadcrumb":{"@id":"https:\/\/french-english-lessons.com\/cours-de-francais-pour-debutants-etrangers\/#breadcrumb"},"inLanguage":"sr-RS","potentialAction":[{"@type":"ReadAction","target":["https:\/\/french-english-lessons.com\/cours-de-francais-pour-debutants-etrangers\/"]}]},{"@type":"BreadcrumbList","@id":"https:\/\/french-english-lessons.com\/cours-de-francais-pour-debutants-etrangers\/#breadcrumb","itemListElement":[{"@type":"ListItem","position":1,"name":"Home","item":"https:\/\/french-english-lessons.com\/"},{"@type":"ListItem","position":2,"name":"Cours de fran\u00e7ais pour d\u00e9butants \u00e9trangers"}]},{"@type":"WebSite","@id":"https:\/\/french-english-lessons.com\/#website","url":"https:\/\/french-english-lessons.com\/","name":"French English Lessons","description":"","potentialAction":[{"@type":"SearchAction","target":{"@type":"EntryPoint","urlTemplate":"https:\/\/french-english-lessons.com\/?s={search_term_string}"},"query-input":{"@type":"PropertyValueSpecification","valueRequired":true,"valueName":"search_term_string"}}],"inLanguage":"sr-RS"}]}},"_links":{"self":[{"href":"https:\/\/french-english-lessons.com\/sr\/wp-json\/wp\/v2\/pages\/225","targetHints":{"allow":["GET"]}}],"collection":[{"href":"https:\/\/french-english-lessons.com\/sr\/wp-json\/wp\/v2\/pages"}],"about":[{"href":"https:\/\/french-english-lessons.com\/sr\/wp-json\/wp\/v2\/types\/page"}],"author":[{"embeddable":true,"href":"https:\/\/french-english-lessons.com\/sr\/wp-json\/wp\/v2\/users\/1"}],"replies":[{"embeddable":true,"href":"https:\/\/french-english-lessons.com\/sr\/wp-json\/wp\/v2\/comments?post=225"}],"version-history":[{"count":10,"href":"https:\/\/french-english-lessons.com\/sr\/wp-json\/wp\/v2\/pages\/225\/revisions"}],"predecessor-version":[{"id":235,"href":"https:\/\/french-english-lessons.com\/sr\/wp-json\/wp\/v2\/pages\/225\/revisions\/235"}],"wp:attachment":[{"href":"https:\/\/french-english-lessons.com\/sr\/wp-json\/wp\/v2\/media?parent=225"}],"curies":[{"name":"wp","href":"https:\/\/api.w.org\/{rel}","templated":true}]}}