{"id":88,"date":"2024-10-16T16:27:51","date_gmt":"2024-10-16T14:27:51","guid":{"rendered":"https:\/\/french-english-lessons.com\/?page_id=88"},"modified":"2024-10-16T16:30:06","modified_gmt":"2024-10-16T14:30:06","slug":"legal-information","status":"publish","type":"page","link":"https:\/\/french-english-lessons.com\/en\/legal-information\/","title":{"rendered":"Legal information"},"content":{"rendered":"<div data-elementor-type=\"wp-page\" data-elementor-id=\"88\" class=\"elementor elementor-88\" data-elementor-post-type=\"page\">\n\t\t\t\t<div class=\"elementor-element elementor-element-81be2dc e-flex e-con-boxed e-con e-parent\" data-id=\"81be2dc\" data-element_type=\"container\" data-e-type=\"container\" data-settings=\"{&quot;jet_parallax_layout_list&quot;:[]}\">\n\t\t\t\t\t<div class=\"e-con-inner\">\n\t\t<div class=\"elementor-element elementor-element-97a6fc2 e-con-full e-flex e-con e-child\" data-id=\"97a6fc2\" data-element_type=\"container\" data-e-type=\"container\" data-settings=\"{&quot;jet_parallax_layout_list&quot;:[]}\">\n\t\t\t\t<div class=\"elementor-element elementor-element-6f7f4ef elementor-widget elementor-widget-heading\" data-id=\"6f7f4ef\" data-element_type=\"widget\" data-e-type=\"widget\" data-widget_type=\"heading.default\">\n\t\t\t\t<div class=\"elementor-widget-container\">\n\t\t\t\t\t<span class=\"elementor-heading-title elementor-size-default\">Legal information<\/span>\t\t\t\t<\/div>\n\t\t\t\t<\/div>\n\t\t\t\t<div class=\"elementor-element elementor-element-e7b1683 elementor-widget elementor-widget-heading\" data-id=\"e7b1683\" data-element_type=\"widget\" data-e-type=\"widget\" data-widget_type=\"heading.default\">\n\t\t\t\t<div class=\"elementor-widget-container\">\n\t\t\t\t\t<h1 class=\"elementor-heading-title elementor-size-default\">Legal information<\/h1>\t\t\t\t<\/div>\n\t\t\t\t<\/div>\n\t\t\t\t<div class=\"elementor-element elementor-element-4a13598 elementor-align-center elementor-widget elementor-widget-breadcrumbs\" data-id=\"4a13598\" data-element_type=\"widget\" data-e-type=\"widget\" data-widget_type=\"breadcrumbs.default\">\n\t\t\t\t<div class=\"elementor-widget-container\">\n\t\t\t\t\t<p id=\"breadcrumbs\"><span><span><a href=\"https:\/\/french-english-lessons.com\/en\">Home<\/a><\/span><\/span><\/p>\t\t\t\t<\/div>\n\t\t\t\t<\/div>\n\t\t\t\t<\/div>\n\t\t\t\t\t<\/div>\n\t\t\t\t<\/div>\n\t\t\t\t<\/div>","protected":false},"excerpt":{"rendered":"<p>Legal information Legal information<\/p>","protected":false},"author":1,"featured_media":0,"parent":0,"menu_order":0,"comment_status":"closed","ping_status":"closed","template":"elementor_header_footer","meta":{"footnotes":""},"class_list":["post-88","page","type-page","status-publish","hentry"],"yoast_head":"<!-- This site is optimized with the Yoast SEO plugin v27.5 - https:\/\/yoast.com\/product\/yoast-seo-wordpress\/ -->\n<title>Mentions l\u00e9gales - French English Lessons<\/title>\n<meta name=\"robots\" content=\"index, follow, max-snippet:-1, max-image-preview:large, max-video-preview:-1\" \/>\n<link rel=\"canonical\" href=\"https:\/\/french-english-lessons.com\/en\/legal-information\/\" \/>\n<meta property=\"og:locale\" content=\"en_GB\" \/>\n<meta property=\"og:type\" content=\"article\" \/>\n<meta property=\"og:title\" content=\"Mentions l\u00e9gales - French English Lessons\" \/>\n<meta property=\"og:description\" content=\"Mentions l\u00e9gales Mentions l\u00e9gales\" \/>\n<meta property=\"og:url\" content=\"https:\/\/french-english-lessons.com\/en\/legal-information\/\" \/>\n<meta property=\"og:site_name\" content=\"French English Lessons\" \/>\n<meta property=\"article:modified_time\" content=\"2024-10-16T14:30:06+00:00\" \/>\n<meta name=\"twitter:card\" content=\"summary_large_image\" \/>\n<meta name=\"twitter:label1\" content=\"Estimated reading time\" \/>\n\t<meta name=\"twitter:data1\" content=\"1 minute\" \/>\n<script type=\"application\/ld+json\" class=\"yoast-schema-graph\">{\"@context\":\"https:\\\/\\\/schema.org\",\"@graph\":[{\"@type\":\"WebPage\",\"@id\":\"https:\\\/\\\/french-english-lessons.com\\\/mentions-legales\\\/\",\"url\":\"https:\\\/\\\/french-english-lessons.com\\\/mentions-legales\\\/\",\"name\":\"Mentions l\u00e9gales - French English Lessons\",\"isPartOf\":{\"@id\":\"https:\\\/\\\/french-english-lessons.com\\\/#website\"},\"datePublished\":\"2024-10-16T14:27:51+00:00\",\"dateModified\":\"2024-10-16T14:30:06+00:00\",\"breadcrumb\":{\"@id\":\"https:\\\/\\\/french-english-lessons.com\\\/mentions-legales\\\/#breadcrumb\"},\"inLanguage\":\"en-GB\",\"potentialAction\":[{\"@type\":\"ReadAction\",\"target\":[\"https:\\\/\\\/french-english-lessons.com\\\/mentions-legales\\\/\"]}]},{\"@type\":\"BreadcrumbList\",\"@id\":\"https:\\\/\\\/french-english-lessons.com\\\/mentions-legales\\\/#breadcrumb\",\"itemListElement\":[{\"@type\":\"ListItem\",\"position\":1,\"name\":\"Home\",\"item\":\"https:\\\/\\\/french-english-lessons.com\\\/\"},{\"@type\":\"ListItem\",\"position\":2,\"name\":\"Mentions l\u00e9gales\"}]},{\"@type\":\"WebSite\",\"@id\":\"https:\\\/\\\/french-english-lessons.com\\\/#website\",\"url\":\"https:\\\/\\\/french-english-lessons.com\\\/\",\"name\":\"French English Lessons\",\"description\":\"\",\"potentialAction\":[{\"@type\":\"SearchAction\",\"target\":{\"@type\":\"EntryPoint\",\"urlTemplate\":\"https:\\\/\\\/french-english-lessons.com\\\/?s={search_term_string}\"},\"query-input\":{\"@type\":\"PropertyValueSpecification\",\"valueRequired\":true,\"valueName\":\"search_term_string\"}}],\"inLanguage\":\"en-GB\"}]}<\/script>\n<!-- \/ Yoast SEO plugin. -->","yoast_head_json":{"title":"Legal notice - French English Lessons","robots":{"index":"index","follow":"follow","max-snippet":"max-snippet:-1","max-image-preview":"max-image-preview:large","max-video-preview":"max-video-preview:-1"},"canonical":"https:\/\/french-english-lessons.com\/en\/legal-information\/","og_locale":"en_GB","og_type":"article","og_title":"Mentions l\u00e9gales - French English Lessons","og_description":"Mentions l\u00e9gales Mentions l\u00e9gales","og_url":"https:\/\/french-english-lessons.com\/en\/legal-information\/","og_site_name":"French English Lessons","article_modified_time":"2024-10-16T14:30:06+00:00","twitter_card":"summary_large_image","twitter_misc":{"Estimated reading time":"1 minute"},"schema":{"@context":"https:\/\/schema.org","@graph":[{"@type":"WebPage","@id":"https:\/\/french-english-lessons.com\/mentions-legales\/","url":"https:\/\/french-english-lessons.com\/mentions-legales\/","name":"Legal notice - French English Lessons","isPartOf":{"@id":"https:\/\/french-english-lessons.com\/#website"},"datePublished":"2024-10-16T14:27:51+00:00","dateModified":"2024-10-16T14:30:06+00:00","breadcrumb":{"@id":"https:\/\/french-english-lessons.com\/mentions-legales\/#breadcrumb"},"inLanguage":"en-GB","potentialAction":[{"@type":"ReadAction","target":["https:\/\/french-english-lessons.com\/mentions-legales\/"]}]},{"@type":"BreadcrumbList","@id":"https:\/\/french-english-lessons.com\/mentions-legales\/#breadcrumb","itemListElement":[{"@type":"ListItem","position":1,"name":"Home","item":"https:\/\/french-english-lessons.com\/"},{"@type":"ListItem","position":2,"name":"Mentions l\u00e9gales"}]},{"@type":"WebSite","@id":"https:\/\/french-english-lessons.com\/#website","url":"https:\/\/french-english-lessons.com\/","name":"French English Lessons","description":"","potentialAction":[{"@type":"SearchAction","target":{"@type":"EntryPoint","urlTemplate":"https:\/\/french-english-lessons.com\/?s={search_term_string}"},"query-input":{"@type":"PropertyValueSpecification","valueRequired":true,"valueName":"search_term_string"}}],"inLanguage":"en-GB"}]}},"_links":{"self":[{"href":"https:\/\/french-english-lessons.com\/en\/wp-json\/wp\/v2\/pages\/88","targetHints":{"allow":["GET"]}}],"collection":[{"href":"https:\/\/french-english-lessons.com\/en\/wp-json\/wp\/v2\/pages"}],"about":[{"href":"https:\/\/french-english-lessons.com\/en\/wp-json\/wp\/v2\/types\/page"}],"author":[{"embeddable":true,"href":"https:\/\/french-english-lessons.com\/en\/wp-json\/wp\/v2\/users\/1"}],"replies":[{"embeddable":true,"href":"https:\/\/french-english-lessons.com\/en\/wp-json\/wp\/v2\/comments?post=88"}],"version-history":[{"count":4,"href":"https:\/\/french-english-lessons.com\/en\/wp-json\/wp\/v2\/pages\/88\/revisions"}],"predecessor-version":[{"id":95,"href":"https:\/\/french-english-lessons.com\/en\/wp-json\/wp\/v2\/pages\/88\/revisions\/95"}],"wp:attachment":[{"href":"https:\/\/french-english-lessons.com\/en\/wp-json\/wp\/v2\/media?parent=88"}],"curies":[{"name":"wp","href":"https:\/\/api.w.org\/{rel}","templated":true}]}}