{"id":335,"date":"2024-12-11T16:51:41","date_gmt":"2024-12-11T15:51:41","guid":{"rendered":"https:\/\/french-english-lessons.com\/?page_id=335"},"modified":"2024-12-11T17:10:10","modified_gmt":"2024-12-11T16:10:10","slug":"language-courses-for-foreign-children","status":"publish","type":"page","link":"https:\/\/french-english-lessons.com\/en\/language-courses-for-foreign-children\/","title":{"rendered":"English lessons for foreign children"},"content":{"rendered":"<div data-elementor-type=\"wp-page\" data-elementor-id=\"335\" class=\"elementor elementor-335\" data-elementor-post-type=\"page\">\n\t\t\t\t<div class=\"elementor-element elementor-element-36c9c1e e-flex e-con-boxed e-con e-parent\" data-id=\"36c9c1e\" data-element_type=\"container\" data-e-type=\"container\" data-settings=\"{&quot;jet_parallax_layout_list&quot;:[]}\">\n\t\t\t\t\t<div class=\"e-con-inner\">\n\t\t\t\t<div class=\"elementor-element elementor-element-9b2b363 elementor-widget elementor-widget-heading\" data-id=\"9b2b363\" data-element_type=\"widget\" data-e-type=\"widget\" data-widget_type=\"heading.default\">\n\t\t\t\t<div class=\"elementor-widget-container\">\n\t\t\t\t\t<h1 class=\"elementor-heading-title elementor-size-default\">English lessons for foreign children<\/h1>\t\t\t\t<\/div>\n\t\t\t\t<\/div>\n\t\t\t\t<div class=\"elementor-element elementor-element-caca94c elementor-widget elementor-widget-text-editor\" data-id=\"caca94c\" data-element_type=\"widget\" data-e-type=\"widget\" data-widget_type=\"text-editor.default\">\n\t\t\t\t<div class=\"elementor-widget-container\">\n\t\t\t\t\t\t\t\t\t<p>Learning English from an early age offers an incredible advantage for the future. Our English courses for foreign children are specially designed for young learners, with a fun and interactive method that makes learning fun and effective. With activities adapted to their age, your children will discover the basics of English while having fun. These courses will help them develop their vocabulary, comprehension and self-confidence, whether for study or cultural exchange.<\/p>\t\t\t\t\t\t\t\t<\/div>\n\t\t\t\t<\/div>\n\t\t\t\t<div class=\"elementor-element elementor-element-b8d651d elementor-widget elementor-widget-button\" data-id=\"b8d651d\" data-element_type=\"widget\" data-e-type=\"widget\" data-widget_type=\"button.default\">\n\t\t\t\t<div class=\"elementor-widget-container\">\n\t\t\t\t\t\t\t\t\t<div class=\"elementor-button-wrapper\">\n\t\t\t\t\t<a class=\"elementor-button elementor-button-link elementor-size-sm\" href=\"https:\/\/french-english-lessons.com\/en\/contact\/\">\n\t\t\t\t\t\t<span class=\"elementor-button-content-wrapper\">\n\t\t\t\t\t\t\t\t\t<span class=\"elementor-button-text\">Contact me at<\/span>\n\t\t\t\t\t<\/span>\n\t\t\t\t\t<\/a>\n\t\t\t\t<\/div>\n\t\t\t\t\t\t\t\t<\/div>\n\t\t\t\t<\/div>\n\t\t\t\t\t<\/div>\n\t\t\t\t<\/div>\n\t\t<div class=\"elementor-element elementor-element-016c1aa e-flex e-con-boxed e-con e-parent\" data-id=\"016c1aa\" data-element_type=\"container\" data-e-type=\"container\" data-settings=\"{&quot;background_background&quot;:&quot;classic&quot;,&quot;jet_parallax_layout_list&quot;:[]}\">\n\t\t\t\t\t<div class=\"e-con-inner\">\n\t\t\t\t<div class=\"elementor-element elementor-element-a885668 elementor-widget elementor-widget-heading\" data-id=\"a885668\" data-element_type=\"widget\" data-e-type=\"widget\" data-widget_type=\"heading.default\">\n\t\t\t\t<div class=\"elementor-widget-container\">\n\t\t\t\t\t<h2 class=\"elementor-heading-title elementor-size-default\">Why choose our English courses for foreign children?\n<\/h2>\t\t\t\t<\/div>\n\t\t\t\t<\/div>\n\t\t\t\t<div class=\"elementor-element elementor-element-a188501 elementor-widget elementor-widget-text-editor\" data-id=\"a188501\" data-element_type=\"widget\" data-e-type=\"widget\" data-widget_type=\"text-editor.default\">\n\t\t\t\t<div class=\"elementor-widget-container\">\n\t\t\t\t\t\t\t\t\t<p>Our English courses for children stand out for their innovative and adapted teaching approach. By following this programme, your children will benefit from :<\/p><ul><li><strong>A fun method<\/strong> Games, songs and stories to make learning engaging.<\/li><li><strong>Personalised support<\/strong> : Each child progresses at his or her own pace.<\/li><li><strong>Practical learning<\/strong> Interactive activities to apply what they learn to real-life situations.<\/li><\/ul><p>As a certified TEFL and TESOL teacher with experience of working with young learners, I strive to create a motivating and caring environment to encourage their progress. These classes are ideal for giving your children a solid foundation in English while having fun.<\/p>\t\t\t\t\t\t\t\t<\/div>\n\t\t\t\t<\/div>\n\t\t\t\t<div class=\"elementor-element elementor-element-0d98500 elementor-widget elementor-widget-button\" data-id=\"0d98500\" data-element_type=\"widget\" data-e-type=\"widget\" data-widget_type=\"button.default\">\n\t\t\t\t<div class=\"elementor-widget-container\">\n\t\t\t\t\t\t\t\t\t<div class=\"elementor-button-wrapper\">\n\t\t\t\t\t<a class=\"elementor-button elementor-button-link elementor-size-sm\" href=\"https:\/\/french-english-lessons.com\/en\/contact\/\">\n\t\t\t\t\t\t<span class=\"elementor-button-content-wrapper\">\n\t\t\t\t\t\t\t\t\t<span class=\"elementor-button-text\">Contact me at<\/span>\n\t\t\t\t\t<\/span>\n\t\t\t\t\t<\/a>\n\t\t\t\t<\/div>\n\t\t\t\t\t\t\t\t<\/div>\n\t\t\t\t<\/div>\n\t\t\t\t\t<\/div>\n\t\t\t\t<\/div>\n\t\t<div class=\"elementor-element elementor-element-a010006 e-flex e-con-boxed e-con e-parent\" data-id=\"a010006\" data-element_type=\"container\" data-e-type=\"container\" data-settings=\"{&quot;jet_parallax_layout_list&quot;:[]}\">\n\t\t\t\t\t<div class=\"e-con-inner\">\n\t\t\t\t<div class=\"elementor-element elementor-element-01155e7 elementor-widget elementor-widget-heading\" data-id=\"01155e7\" data-element_type=\"widget\" data-e-type=\"widget\" data-widget_type=\"heading.default\">\n\t\t\t\t<div class=\"elementor-widget-container\">\n\t\t\t\t\t<h2 class=\"elementor-heading-title elementor-size-default\">How do our English courses for foreign children work?\n<\/h2>\t\t\t\t<\/div>\n\t\t\t\t<\/div>\n\t\t\t\t<div class=\"elementor-element elementor-element-2a6f5b1 elementor-widget elementor-widget-text-editor\" data-id=\"2a6f5b1\" data-element_type=\"widget\" data-e-type=\"widget\" data-widget_type=\"text-editor.default\">\n\t\t\t\t<div class=\"elementor-widget-container\">\n\t\t\t\t\t\t\t\t\t<p>The courses take place online, offering total flexibility for families. Here's how they are organised:<\/p><ol><li><strong>Initial assessment<\/strong> An initial session will enable us to assess your child's level and needs.<\/li><li><strong>Customised lesson plan<\/strong> Each session is adapted to the child's age, level and interests.<\/li><li><strong>Interactive activities<\/strong> Educational games, videos, songs and exercises to capture their attention.<\/li><li><strong>Regular monitoring<\/strong> You will be informed of your child's progress after each session.<\/li><\/ol><p>Thanks to platforms such as Zoom or Skype, children are actively involved in dynamic lessons that encourage them to express themselves and learn while having fun.<\/p>\t\t\t\t\t\t\t\t<\/div>\n\t\t\t\t<\/div>\n\t\t\t\t<div class=\"elementor-element elementor-element-741ddab elementor-widget elementor-widget-button\" data-id=\"741ddab\" data-element_type=\"widget\" data-e-type=\"widget\" data-widget_type=\"button.default\">\n\t\t\t\t<div class=\"elementor-widget-container\">\n\t\t\t\t\t\t\t\t\t<div class=\"elementor-button-wrapper\">\n\t\t\t\t\t<a class=\"elementor-button elementor-button-link elementor-size-sm\" href=\"https:\/\/french-english-lessons.com\/en\/contact\/\">\n\t\t\t\t\t\t<span class=\"elementor-button-content-wrapper\">\n\t\t\t\t\t\t\t\t\t<span class=\"elementor-button-text\">Contact me at<\/span>\n\t\t\t\t\t<\/span>\n\t\t\t\t\t<\/a>\n\t\t\t\t<\/div>\n\t\t\t\t\t\t\t\t<\/div>\n\t\t\t\t<\/div>\n\t\t\t\t\t<\/div>\n\t\t\t\t<\/div>\n\t\t<div class=\"elementor-element elementor-element-13c1f15 e-flex e-con-boxed e-con e-parent\" data-id=\"13c1f15\" data-element_type=\"container\" data-e-type=\"container\" data-settings=\"{&quot;background_background&quot;:&quot;classic&quot;,&quot;jet_parallax_layout_list&quot;:[]}\">\n\t\t\t\t\t<div class=\"e-con-inner\">\n\t\t\t\t<div class=\"elementor-element elementor-element-9791229 elementor-widget elementor-widget-heading\" data-id=\"9791229\" data-element_type=\"widget\" data-e-type=\"widget\" data-widget_type=\"heading.default\">\n\t\t\t\t<div class=\"elementor-widget-container\">\n\t\t\t\t\t<h2 class=\"elementor-heading-title elementor-size-default\">The advantages of our English courses for foreign children\n<\/h2>\t\t\t\t<\/div>\n\t\t\t\t<\/div>\n\t\t\t\t<div class=\"elementor-element elementor-element-e1d34cc elementor-widget elementor-widget-text-editor\" data-id=\"e1d34cc\" data-element_type=\"widget\" data-e-type=\"widget\" data-widget_type=\"text-editor.default\">\n\t\t\t\t<div class=\"elementor-widget-container\">\n\t\t\t\t\t\t\t\t\t<p>Learning English as a child has many benefits for young learners:<\/p><ul><li><strong>Easy to learn<\/strong> : Children learn languages faster, which helps them make rapid progress.<\/li><li><strong>Self-confidence<\/strong> : They become more confident in expressing themselves in English.<\/li><li><strong>Preparing for the future<\/strong> A solid foundation for their studies and cultural exchanges.<\/li><li><strong>Fun learning<\/strong> : A method that turns every lesson into a fun and enriching experience.<\/li><\/ul><p>These courses allow your child to learn English in a caring and stimulating environment, while developing valuable skills for the future.<\/p>\t\t\t\t\t\t\t\t<\/div>\n\t\t\t\t<\/div>\n\t\t\t\t<div class=\"elementor-element elementor-element-47a0646 elementor-widget elementor-widget-button\" data-id=\"47a0646\" data-element_type=\"widget\" data-e-type=\"widget\" data-widget_type=\"button.default\">\n\t\t\t\t<div class=\"elementor-widget-container\">\n\t\t\t\t\t\t\t\t\t<div class=\"elementor-button-wrapper\">\n\t\t\t\t\t<a class=\"elementor-button elementor-button-link elementor-size-sm\" href=\"https:\/\/french-english-lessons.com\/en\/contact\/\">\n\t\t\t\t\t\t<span class=\"elementor-button-content-wrapper\">\n\t\t\t\t\t\t\t\t\t<span class=\"elementor-button-text\">Contact me at<\/span>\n\t\t\t\t\t<\/span>\n\t\t\t\t\t<\/a>\n\t\t\t\t<\/div>\n\t\t\t\t\t\t\t\t<\/div>\n\t\t\t\t<\/div>\n\t\t\t\t\t<\/div>\n\t\t\t\t<\/div>\n\t\t<div class=\"elementor-element elementor-element-6f94781 e-flex e-con-boxed e-con e-parent\" data-id=\"6f94781\" data-element_type=\"container\" data-e-type=\"container\" data-settings=\"{&quot;jet_parallax_layout_list&quot;:[]}\">\n\t\t\t\t\t<div class=\"e-con-inner\">\n\t\t\t\t<div class=\"elementor-element elementor-element-f2b30b7 elementor-widget elementor-widget-heading\" data-id=\"f2b30b7\" data-element_type=\"widget\" data-e-type=\"widget\" data-widget_type=\"heading.default\">\n\t\t\t\t<div class=\"elementor-widget-container\">\n\t\t\t\t\t<h2 class=\"elementor-heading-title elementor-size-default\">\nFAQ - Frequently asked questions\n<\/h2>\t\t\t\t<\/div>\n\t\t\t\t<\/div>\n\t\t\t\t<div class=\"elementor-element elementor-element-e498d6f elementor-widget elementor-widget-text-editor\" data-id=\"e498d6f\" data-element_type=\"widget\" data-e-type=\"widget\" data-widget_type=\"text-editor.default\">\n\t\t\t\t<div class=\"elementor-widget-container\">\n\t\t\t\t\t\t\t\t\t<p><strong>Who are these courses for?<\/strong><br \/>These courses are suitable for children aged 5 to 12, whatever their initial level.<\/p><p><strong>What equipment do I need to take the course?<\/strong><br \/>All you need is a computer, tablet or smartphone with an internet connection.<\/p><p><strong>Are the courses suitable for all ages?<\/strong><br \/>Yes, the content and activities are tailored to the child's age and level.<\/p><p><strong>How long does it take to see progress?<\/strong><br \/>Children often show progress from the very first weeks, thanks to the regularity of the sessions and the fun approach.<\/p>\t\t\t\t\t\t\t\t<\/div>\n\t\t\t\t<\/div>\n\t\t\t\t<div class=\"elementor-element elementor-element-d4d1218 elementor-widget elementor-widget-button\" data-id=\"d4d1218\" data-element_type=\"widget\" data-e-type=\"widget\" data-widget_type=\"button.default\">\n\t\t\t\t<div class=\"elementor-widget-container\">\n\t\t\t\t\t\t\t\t\t<div class=\"elementor-button-wrapper\">\n\t\t\t\t\t<a class=\"elementor-button elementor-button-link elementor-size-sm\" href=\"https:\/\/french-english-lessons.com\/en\/contact\/\">\n\t\t\t\t\t\t<span class=\"elementor-button-content-wrapper\">\n\t\t\t\t\t\t\t\t\t<span class=\"elementor-button-text\">Contact me at<\/span>\n\t\t\t\t\t<\/span>\n\t\t\t\t\t<\/a>\n\t\t\t\t<\/div>\n\t\t\t\t\t\t\t\t<\/div>\n\t\t\t\t<\/div>\n\t\t\t\t\t<\/div>\n\t\t\t\t<\/div>\n\t\t\t\t<\/div>","protected":false},"excerpt":{"rendered":"<p>Apprendre l\u2019anglais d\u00e8s le plus jeune \u00e2ge offre un avantage incroyable pour l\u2019avenir. Nos cours d\u2019anglais pour enfants \u00e9trangers sont sp\u00e9cialement con\u00e7us pour les jeunes apprenants, avec une m\u00e9thode ludique et interactive qui rend l\u2019apprentissage amusant et efficace. Gr\u00e2ce \u00e0 des activit\u00e9s adapt\u00e9es \u00e0 leur \u00e2ge, vos enfants d\u00e9couvriront les bases de l\u2019anglais tout en [&hellip;]<\/p>\n","protected":false},"author":1,"featured_media":0,"parent":0,"menu_order":0,"comment_status":"closed","ping_status":"closed","template":"elementor_header_footer","meta":{"footnotes":""},"class_list":["post-335","page","type-page","status-publish","hentry"],"yoast_head":"<!-- This site is optimized with the Yoast SEO plugin v27.5 - https:\/\/yoast.com\/product\/yoast-seo-wordpress\/ -->\n<title>Cours d&#039;anglais pour enfants \u00e9trangers - French English Lessons<\/title>\n<meta name=\"robots\" content=\"index, follow, max-snippet:-1, max-image-preview:large, max-video-preview:-1\" \/>\n<link rel=\"canonical\" href=\"https:\/\/french-english-lessons.com\/en\/language-courses-for-foreign-children\/\" \/>\n<meta property=\"og:locale\" content=\"en_GB\" \/>\n<meta property=\"og:type\" content=\"article\" \/>\n<meta property=\"og:title\" content=\"Cours d&#039;anglais pour enfants \u00e9trangers - French English Lessons\" \/>\n<meta property=\"og:description\" content=\"Apprendre l\u2019anglais d\u00e8s le plus jeune \u00e2ge offre un avantage incroyable pour l\u2019avenir. Nos cours d\u2019anglais pour enfants \u00e9trangers sont sp\u00e9cialement con\u00e7us pour les jeunes apprenants, avec une m\u00e9thode ludique et interactive qui rend l\u2019apprentissage amusant et efficace. Gr\u00e2ce \u00e0 des activit\u00e9s adapt\u00e9es \u00e0 leur \u00e2ge, vos enfants d\u00e9couvriront les bases de l\u2019anglais tout en [&hellip;]\" \/>\n<meta property=\"og:url\" content=\"https:\/\/french-english-lessons.com\/en\/language-courses-for-foreign-children\/\" \/>\n<meta property=\"og:site_name\" content=\"French English Lessons\" \/>\n<meta property=\"article:modified_time\" content=\"2024-12-11T16:10:10+00:00\" \/>\n<meta name=\"twitter:card\" content=\"summary_large_image\" \/>\n<meta name=\"twitter:label1\" content=\"Estimated reading time\" \/>\n\t<meta name=\"twitter:data1\" content=\"3 minutes\" \/>\n<script type=\"application\/ld+json\" class=\"yoast-schema-graph\">{\"@context\":\"https:\\\/\\\/schema.org\",\"@graph\":[{\"@type\":\"WebPage\",\"@id\":\"https:\\\/\\\/french-english-lessons.com\\\/cours-danglais-pour-enfants-etrangers\\\/\",\"url\":\"https:\\\/\\\/french-english-lessons.com\\\/cours-danglais-pour-enfants-etrangers\\\/\",\"name\":\"Cours d'anglais pour enfants \u00e9trangers - French English Lessons\",\"isPartOf\":{\"@id\":\"https:\\\/\\\/french-english-lessons.com\\\/#website\"},\"datePublished\":\"2024-12-11T15:51:41+00:00\",\"dateModified\":\"2024-12-11T16:10:10+00:00\",\"breadcrumb\":{\"@id\":\"https:\\\/\\\/french-english-lessons.com\\\/cours-danglais-pour-enfants-etrangers\\\/#breadcrumb\"},\"inLanguage\":\"en-GB\",\"potentialAction\":[{\"@type\":\"ReadAction\",\"target\":[\"https:\\\/\\\/french-english-lessons.com\\\/cours-danglais-pour-enfants-etrangers\\\/\"]}]},{\"@type\":\"BreadcrumbList\",\"@id\":\"https:\\\/\\\/french-english-lessons.com\\\/cours-danglais-pour-enfants-etrangers\\\/#breadcrumb\",\"itemListElement\":[{\"@type\":\"ListItem\",\"position\":1,\"name\":\"Home\",\"item\":\"https:\\\/\\\/french-english-lessons.com\\\/\"},{\"@type\":\"ListItem\",\"position\":2,\"name\":\"Cours d&rsquo;anglais pour enfants \u00e9trangers\"}]},{\"@type\":\"WebSite\",\"@id\":\"https:\\\/\\\/french-english-lessons.com\\\/#website\",\"url\":\"https:\\\/\\\/french-english-lessons.com\\\/\",\"name\":\"French English Lessons\",\"description\":\"\",\"potentialAction\":[{\"@type\":\"SearchAction\",\"target\":{\"@type\":\"EntryPoint\",\"urlTemplate\":\"https:\\\/\\\/french-english-lessons.com\\\/?s={search_term_string}\"},\"query-input\":{\"@type\":\"PropertyValueSpecification\",\"valueRequired\":true,\"valueName\":\"search_term_string\"}}],\"inLanguage\":\"en-GB\"}]}<\/script>\n<!-- \/ Yoast SEO plugin. -->","yoast_head_json":{"title":"English lessons for foreign children - French English Lessons","robots":{"index":"index","follow":"follow","max-snippet":"max-snippet:-1","max-image-preview":"max-image-preview:large","max-video-preview":"max-video-preview:-1"},"canonical":"https:\/\/french-english-lessons.com\/en\/language-courses-for-foreign-children\/","og_locale":"en_GB","og_type":"article","og_title":"Cours d'anglais pour enfants \u00e9trangers - French English Lessons","og_description":"Apprendre l\u2019anglais d\u00e8s le plus jeune \u00e2ge offre un avantage incroyable pour l\u2019avenir. Nos cours d\u2019anglais pour enfants \u00e9trangers sont sp\u00e9cialement con\u00e7us pour les jeunes apprenants, avec une m\u00e9thode ludique et interactive qui rend l\u2019apprentissage amusant et efficace. Gr\u00e2ce \u00e0 des activit\u00e9s adapt\u00e9es \u00e0 leur \u00e2ge, vos enfants d\u00e9couvriront les bases de l\u2019anglais tout en [&hellip;]","og_url":"https:\/\/french-english-lessons.com\/en\/language-courses-for-foreign-children\/","og_site_name":"French English Lessons","article_modified_time":"2024-12-11T16:10:10+00:00","twitter_card":"summary_large_image","twitter_misc":{"Estimated reading time":"3 minutes"},"schema":{"@context":"https:\/\/schema.org","@graph":[{"@type":"WebPage","@id":"https:\/\/french-english-lessons.com\/cours-danglais-pour-enfants-etrangers\/","url":"https:\/\/french-english-lessons.com\/cours-danglais-pour-enfants-etrangers\/","name":"English lessons for foreign children - French English Lessons","isPartOf":{"@id":"https:\/\/french-english-lessons.com\/#website"},"datePublished":"2024-12-11T15:51:41+00:00","dateModified":"2024-12-11T16:10:10+00:00","breadcrumb":{"@id":"https:\/\/french-english-lessons.com\/cours-danglais-pour-enfants-etrangers\/#breadcrumb"},"inLanguage":"en-GB","potentialAction":[{"@type":"ReadAction","target":["https:\/\/french-english-lessons.com\/cours-danglais-pour-enfants-etrangers\/"]}]},{"@type":"BreadcrumbList","@id":"https:\/\/french-english-lessons.com\/cours-danglais-pour-enfants-etrangers\/#breadcrumb","itemListElement":[{"@type":"ListItem","position":1,"name":"Home","item":"https:\/\/french-english-lessons.com\/"},{"@type":"ListItem","position":2,"name":"Cours d&rsquo;anglais pour enfants \u00e9trangers"}]},{"@type":"WebSite","@id":"https:\/\/french-english-lessons.com\/#website","url":"https:\/\/french-english-lessons.com\/","name":"French English Lessons","description":"","potentialAction":[{"@type":"SearchAction","target":{"@type":"EntryPoint","urlTemplate":"https:\/\/french-english-lessons.com\/?s={search_term_string}"},"query-input":{"@type":"PropertyValueSpecification","valueRequired":true,"valueName":"search_term_string"}}],"inLanguage":"en-GB"}]}},"_links":{"self":[{"href":"https:\/\/french-english-lessons.com\/en\/wp-json\/wp\/v2\/pages\/335","targetHints":{"allow":["GET"]}}],"collection":[{"href":"https:\/\/french-english-lessons.com\/en\/wp-json\/wp\/v2\/pages"}],"about":[{"href":"https:\/\/french-english-lessons.com\/en\/wp-json\/wp\/v2\/types\/page"}],"author":[{"embeddable":true,"href":"https:\/\/french-english-lessons.com\/en\/wp-json\/wp\/v2\/users\/1"}],"replies":[{"embeddable":true,"href":"https:\/\/french-english-lessons.com\/en\/wp-json\/wp\/v2\/comments?post=335"}],"version-history":[{"count":10,"href":"https:\/\/french-english-lessons.com\/en\/wp-json\/wp\/v2\/pages\/335\/revisions"}],"predecessor-version":[{"id":448,"href":"https:\/\/french-english-lessons.com\/en\/wp-json\/wp\/v2\/pages\/335\/revisions\/448"}],"wp:attachment":[{"href":"https:\/\/french-english-lessons.com\/en\/wp-json\/wp\/v2\/media?parent=335"}],"curies":[{"name":"wp","href":"https:\/\/api.w.org\/{rel}","templated":true}]}}