{"id":332,"date":"2024-12-11T16:51:33","date_gmt":"2024-12-11T15:51:33","guid":{"rendered":"https:\/\/french-english-lessons.com\/?page_id=332"},"modified":"2024-12-11T17:06:43","modified_gmt":"2024-12-11T16:06:43","slug":"preparation-for-toefl-ielts-exams-for-foreigners","status":"publish","type":"page","link":"https:\/\/french-english-lessons.com\/en\/preparation-for-toefl-ielts-exams-for-foreigners\/","title":{"rendered":"TOEFL\/IELTS exam preparation for foreigners"},"content":{"rendered":"<div data-elementor-type=\"wp-page\" data-elementor-id=\"332\" class=\"elementor elementor-332\" data-elementor-post-type=\"page\">\n\t\t\t\t<div class=\"elementor-element elementor-element-072bb49 e-flex e-con-boxed e-con e-parent\" data-id=\"072bb49\" data-element_type=\"container\" data-e-type=\"container\" data-settings=\"{&quot;jet_parallax_layout_list&quot;:[]}\">\n\t\t\t\t\t<div class=\"e-con-inner\">\n\t\t\t\t<div class=\"elementor-element elementor-element-1b71cfc elementor-widget elementor-widget-heading\" data-id=\"1b71cfc\" data-element_type=\"widget\" data-e-type=\"widget\" data-widget_type=\"heading.default\">\n\t\t\t\t<div class=\"elementor-widget-container\">\n\t\t\t\t\t<h1 class=\"elementor-heading-title elementor-size-default\">TOEFL\/IELTS exam preparation for foreigners<\/h1>\t\t\t\t<\/div>\n\t\t\t\t<\/div>\n\t\t\t\t<div class=\"elementor-element elementor-element-c94e5ba elementor-widget elementor-widget-text-editor\" data-id=\"c94e5ba\" data-element_type=\"widget\" data-e-type=\"widget\" data-widget_type=\"text-editor.default\">\n\t\t\t\t<div class=\"elementor-widget-container\">\n\t\t\t\t\t\t\t\t\t<p>Would you like to pass the TOEFL or IELTS exams to achieve your academic or professional goals? Our TOEFL\/IELTS exam preparation courses for foreigners are specially designed to help you maximise your score. Using a targeted method and practical exercises, you will learn to master the skills needed for each section of the exam: listening, reading, speaking and writing. With personalised support and effective tips, you'll be ready to face these exams with confidence.<\/p>\t\t\t\t\t\t\t\t<\/div>\n\t\t\t\t<\/div>\n\t\t\t\t<div class=\"elementor-element elementor-element-216f6de elementor-widget elementor-widget-button\" data-id=\"216f6de\" data-element_type=\"widget\" data-e-type=\"widget\" data-widget_type=\"button.default\">\n\t\t\t\t<div class=\"elementor-widget-container\">\n\t\t\t\t\t\t\t\t\t<div class=\"elementor-button-wrapper\">\n\t\t\t\t\t<a class=\"elementor-button elementor-button-link elementor-size-sm\" href=\"https:\/\/french-english-lessons.com\/en\/contact\/\">\n\t\t\t\t\t\t<span class=\"elementor-button-content-wrapper\">\n\t\t\t\t\t\t\t\t\t<span class=\"elementor-button-text\">Contact me at<\/span>\n\t\t\t\t\t<\/span>\n\t\t\t\t\t<\/a>\n\t\t\t\t<\/div>\n\t\t\t\t\t\t\t\t<\/div>\n\t\t\t\t<\/div>\n\t\t\t\t\t<\/div>\n\t\t\t\t<\/div>\n\t\t<div class=\"elementor-element elementor-element-72e8d5f e-flex e-con-boxed e-con e-parent\" data-id=\"72e8d5f\" data-element_type=\"container\" data-e-type=\"container\" data-settings=\"{&quot;background_background&quot;:&quot;classic&quot;,&quot;jet_parallax_layout_list&quot;:[]}\">\n\t\t\t\t\t<div class=\"e-con-inner\">\n\t\t\t\t<div class=\"elementor-element elementor-element-3f7317c elementor-widget elementor-widget-heading\" data-id=\"3f7317c\" data-element_type=\"widget\" data-e-type=\"widget\" data-widget_type=\"heading.default\">\n\t\t\t\t<div class=\"elementor-widget-container\">\n\t\t\t\t\t<h2 class=\"elementor-heading-title elementor-size-default\">Why choose our TOEFL\/IELTS exam preparation courses?\n<\/h2>\t\t\t\t<\/div>\n\t\t\t\t<\/div>\n\t\t\t\t<div class=\"elementor-element elementor-element-66d0aa5 elementor-widget elementor-widget-text-editor\" data-id=\"66d0aa5\" data-element_type=\"widget\" data-e-type=\"widget\" data-widget_type=\"text-editor.default\">\n\t\t\t\t<div class=\"elementor-widget-container\">\n\t\t\t\t\t\t\t\t\t<p>Our preparation courses focus on the specific needs of each learner. You benefit from a tailor-made programme that takes into account your current level and the requirements of the exams. Each session focuses on :<\/p><ul><li>Intensive training for each section of the exam.<\/li><li>Improving your time management during tests.<\/li><li>Practice exercises and detailed correction to help you understand your mistakes.<\/li><\/ul><p>With my TEFL and TESOL certifications and my experience in teaching English, I'm committed to providing you with practical advice and effective strategies to get the score you need. These flexible courses can be adapted to suit your timetable, for optimum learning.<\/p>\t\t\t\t\t\t\t\t<\/div>\n\t\t\t\t<\/div>\n\t\t\t\t<div class=\"elementor-element elementor-element-5382b41 elementor-widget elementor-widget-button\" data-id=\"5382b41\" data-element_type=\"widget\" data-e-type=\"widget\" data-widget_type=\"button.default\">\n\t\t\t\t<div class=\"elementor-widget-container\">\n\t\t\t\t\t\t\t\t\t<div class=\"elementor-button-wrapper\">\n\t\t\t\t\t<a class=\"elementor-button elementor-button-link elementor-size-sm\" href=\"https:\/\/french-english-lessons.com\/en\/contact\/\">\n\t\t\t\t\t\t<span class=\"elementor-button-content-wrapper\">\n\t\t\t\t\t\t\t\t\t<span class=\"elementor-button-text\">Contact me at<\/span>\n\t\t\t\t\t<\/span>\n\t\t\t\t\t<\/a>\n\t\t\t\t<\/div>\n\t\t\t\t\t\t\t\t<\/div>\n\t\t\t\t<\/div>\n\t\t\t\t\t<\/div>\n\t\t\t\t<\/div>\n\t\t<div class=\"elementor-element elementor-element-18b3b2a e-flex e-con-boxed e-con e-parent\" data-id=\"18b3b2a\" data-element_type=\"container\" data-e-type=\"container\" data-settings=\"{&quot;jet_parallax_layout_list&quot;:[]}\">\n\t\t\t\t\t<div class=\"e-con-inner\">\n\t\t\t\t<div class=\"elementor-element elementor-element-d041bda elementor-widget elementor-widget-heading\" data-id=\"d041bda\" data-element_type=\"widget\" data-e-type=\"widget\" data-widget_type=\"heading.default\">\n\t\t\t\t<div class=\"elementor-widget-container\">\n\t\t\t\t\t<h2 class=\"elementor-heading-title elementor-size-default\">How do our TOEFL\/IELTS exam preparation courses work?\n<\/h2>\t\t\t\t<\/div>\n\t\t\t\t<\/div>\n\t\t\t\t<div class=\"elementor-element elementor-element-f2c2a27 elementor-widget elementor-widget-text-editor\" data-id=\"f2c2a27\" data-element_type=\"widget\" data-e-type=\"widget\" data-widget_type=\"text-editor.default\">\n\t\t\t\t<div class=\"elementor-widget-container\">\n\t\t\t\t\t\t\t\t\t<p>The courses are given online, so you can practise wherever you are. The first step is an assessment to identify your strengths and areas for improvement. Then, each session is organised around :<\/p><ul><li>Practical exercises for each section (Listening, Reading, Writing, Speaking).<\/li><li>Mock exams to get you used to the format and real-life conditions.<\/li><li>Specific advice to avoid common mistakes.<\/li><li>Techniques to maximise your score in a limited time.<\/li><\/ul><p>The courses take place via Zoom or Skype, using a variety of media such as videos, corrected examples and interactive tools. You will be guided step by step to achieve your goals.<\/p>\t\t\t\t\t\t\t\t<\/div>\n\t\t\t\t<\/div>\n\t\t\t\t<div class=\"elementor-element elementor-element-59d830f elementor-widget elementor-widget-button\" data-id=\"59d830f\" data-element_type=\"widget\" data-e-type=\"widget\" data-widget_type=\"button.default\">\n\t\t\t\t<div class=\"elementor-widget-container\">\n\t\t\t\t\t\t\t\t\t<div class=\"elementor-button-wrapper\">\n\t\t\t\t\t<a class=\"elementor-button elementor-button-link elementor-size-sm\" href=\"https:\/\/french-english-lessons.com\/en\/contact\/\">\n\t\t\t\t\t\t<span class=\"elementor-button-content-wrapper\">\n\t\t\t\t\t\t\t\t\t<span class=\"elementor-button-text\">Contact me at<\/span>\n\t\t\t\t\t<\/span>\n\t\t\t\t\t<\/a>\n\t\t\t\t<\/div>\n\t\t\t\t\t\t\t\t<\/div>\n\t\t\t\t<\/div>\n\t\t\t\t\t<\/div>\n\t\t\t\t<\/div>\n\t\t<div class=\"elementor-element elementor-element-00dc05f e-flex e-con-boxed e-con e-parent\" data-id=\"00dc05f\" data-element_type=\"container\" data-e-type=\"container\" data-settings=\"{&quot;background_background&quot;:&quot;classic&quot;,&quot;jet_parallax_layout_list&quot;:[]}\">\n\t\t\t\t\t<div class=\"e-con-inner\">\n\t\t\t\t<div class=\"elementor-element elementor-element-fd63eeb elementor-widget elementor-widget-heading\" data-id=\"fd63eeb\" data-element_type=\"widget\" data-e-type=\"widget\" data-widget_type=\"heading.default\">\n\t\t\t\t<div class=\"elementor-widget-container\">\n\t\t\t\t\t<h2 class=\"elementor-heading-title elementor-size-default\">The advantages of our TOEFL\/IELTS preparation courses\n<\/h2>\t\t\t\t<\/div>\n\t\t\t\t<\/div>\n\t\t\t\t<div class=\"elementor-element elementor-element-8a8470e elementor-widget elementor-widget-text-editor\" data-id=\"8a8470e\" data-element_type=\"widget\" data-e-type=\"widget\" data-widget_type=\"text-editor.default\">\n\t\t\t\t<div class=\"elementor-widget-container\">\n\t\t\t\t\t\t\t\t\t<p>Preparing with specialist support offers you a number of advantages:<\/p><ul><li>A thorough understanding of the expectations and format of the exam.<\/li><li>Rapidly improve your English language skills.<\/li><li>Effective strategies for answering questions accurately.<\/li><li>Greater confidence in tackling each section of the exam.<\/li><\/ul><p>These courses are ideal for students wishing to enter English-speaking universities, professionals looking to validate their level of English or anyone needing a high score for academic or administrative purposes.<\/p>\t\t\t\t\t\t\t\t<\/div>\n\t\t\t\t<\/div>\n\t\t\t\t<div class=\"elementor-element elementor-element-0f3724f elementor-widget elementor-widget-button\" data-id=\"0f3724f\" data-element_type=\"widget\" data-e-type=\"widget\" data-widget_type=\"button.default\">\n\t\t\t\t<div class=\"elementor-widget-container\">\n\t\t\t\t\t\t\t\t\t<div class=\"elementor-button-wrapper\">\n\t\t\t\t\t<a class=\"elementor-button elementor-button-link elementor-size-sm\" href=\"https:\/\/french-english-lessons.com\/en\/contact\/\">\n\t\t\t\t\t\t<span class=\"elementor-button-content-wrapper\">\n\t\t\t\t\t\t\t\t\t<span class=\"elementor-button-text\">Contact me at<\/span>\n\t\t\t\t\t<\/span>\n\t\t\t\t\t<\/a>\n\t\t\t\t<\/div>\n\t\t\t\t\t\t\t\t<\/div>\n\t\t\t\t<\/div>\n\t\t\t\t\t<\/div>\n\t\t\t\t<\/div>\n\t\t<div class=\"elementor-element elementor-element-62c816d e-flex e-con-boxed e-con e-parent\" data-id=\"62c816d\" data-element_type=\"container\" data-e-type=\"container\" data-settings=\"{&quot;jet_parallax_layout_list&quot;:[]}\">\n\t\t\t\t\t<div class=\"e-con-inner\">\n\t\t\t\t<div class=\"elementor-element elementor-element-1e25c4f elementor-widget elementor-widget-heading\" data-id=\"1e25c4f\" data-element_type=\"widget\" data-e-type=\"widget\" data-widget_type=\"heading.default\">\n\t\t\t\t<div class=\"elementor-widget-container\">\n\t\t\t\t\t<h2 class=\"elementor-heading-title elementor-size-default\">\nFAQ - Frequently asked questions\n<\/h2>\t\t\t\t<\/div>\n\t\t\t\t<\/div>\n\t\t\t\t<div class=\"elementor-element elementor-element-025156f elementor-widget elementor-widget-text-editor\" data-id=\"025156f\" data-element_type=\"widget\" data-e-type=\"widget\" data-widget_type=\"text-editor.default\">\n\t\t\t\t<div class=\"elementor-widget-container\">\n\t\t\t\t\t\t\t\t\t<p><strong>Who are these courses for?<\/strong><br \/>They are aimed at anyone wishing to take the TOEFL or IELTS, whatever their initial level.<\/p><p><strong>What tools are needed to follow the courses?<\/strong><br \/>All you need is a stable internet connection and a compatible device (computer, tablet or smartphone).<\/p><p><strong>How long does it take to be ready to take the exam?<\/strong><br \/>It depends on your initial level and the frequency of lessons, but you'll be ready in a few weeks with regular practice.<\/p><p><strong>Do the courses include exam simulations?<\/strong><br \/>Yes, full simulations are planned to familiarise you with real-life conditions.<\/p>\t\t\t\t\t\t\t\t<\/div>\n\t\t\t\t<\/div>\n\t\t\t\t<div class=\"elementor-element elementor-element-de60078 elementor-widget elementor-widget-button\" data-id=\"de60078\" data-element_type=\"widget\" data-e-type=\"widget\" data-widget_type=\"button.default\">\n\t\t\t\t<div class=\"elementor-widget-container\">\n\t\t\t\t\t\t\t\t\t<div class=\"elementor-button-wrapper\">\n\t\t\t\t\t<a class=\"elementor-button elementor-button-link elementor-size-sm\" href=\"https:\/\/french-english-lessons.com\/en\/contact\/\">\n\t\t\t\t\t\t<span class=\"elementor-button-content-wrapper\">\n\t\t\t\t\t\t\t\t\t<span class=\"elementor-button-text\">Contact me at<\/span>\n\t\t\t\t\t<\/span>\n\t\t\t\t\t<\/a>\n\t\t\t\t<\/div>\n\t\t\t\t\t\t\t\t<\/div>\n\t\t\t\t<\/div>\n\t\t\t\t\t<\/div>\n\t\t\t\t<\/div>\n\t\t\t\t<\/div>","protected":false},"excerpt":{"rendered":"<p>Vous souhaitez r\u00e9ussir les examens TOEFL ou IELTS pour atteindre vos objectifs acad\u00e9miques ou professionnels ? Nos cours de pr\u00e9paration aux examens TOEFL\/IELTS pour \u00e9trangers sont sp\u00e9cialement con\u00e7us pour vous aider \u00e0 maximiser votre score. Gr\u00e2ce \u00e0 une m\u00e9thode cibl\u00e9e et des exercices pratiques, vous apprendrez \u00e0 ma\u00eetriser les comp\u00e9tences n\u00e9cessaires pour chaque section de [&hellip;]<\/p>\n","protected":false},"author":1,"featured_media":0,"parent":0,"menu_order":0,"comment_status":"closed","ping_status":"closed","template":"elementor_header_footer","meta":{"footnotes":""},"class_list":["post-332","page","type-page","status-publish","hentry"],"yoast_head":"<!-- This site is optimized with the Yoast SEO plugin v27.5 - https:\/\/yoast.com\/product\/yoast-seo-wordpress\/ -->\n<title>Pr\u00e9paration aux examens TOEFL\/IELTS pour \u00e9trangers - French English Lessons<\/title>\n<meta name=\"robots\" content=\"index, follow, max-snippet:-1, max-image-preview:large, max-video-preview:-1\" \/>\n<link rel=\"canonical\" href=\"https:\/\/french-english-lessons.com\/en\/preparation-for-toefl-ielts-exams-for-foreigners\/\" \/>\n<meta property=\"og:locale\" content=\"en_GB\" \/>\n<meta property=\"og:type\" content=\"article\" \/>\n<meta property=\"og:title\" content=\"Pr\u00e9paration aux examens TOEFL\/IELTS pour \u00e9trangers - French English Lessons\" \/>\n<meta property=\"og:description\" content=\"Vous souhaitez r\u00e9ussir les examens TOEFL ou IELTS pour atteindre vos objectifs acad\u00e9miques ou professionnels ? Nos cours de pr\u00e9paration aux examens TOEFL\/IELTS pour \u00e9trangers sont sp\u00e9cialement con\u00e7us pour vous aider \u00e0 maximiser votre score. Gr\u00e2ce \u00e0 une m\u00e9thode cibl\u00e9e et des exercices pratiques, vous apprendrez \u00e0 ma\u00eetriser les comp\u00e9tences n\u00e9cessaires pour chaque section de [&hellip;]\" \/>\n<meta property=\"og:url\" content=\"https:\/\/french-english-lessons.com\/en\/preparation-for-toefl-ielts-exams-for-foreigners\/\" \/>\n<meta property=\"og:site_name\" content=\"French English Lessons\" \/>\n<meta property=\"article:modified_time\" content=\"2024-12-11T16:06:43+00:00\" \/>\n<meta name=\"twitter:card\" content=\"summary_large_image\" \/>\n<meta name=\"twitter:label1\" content=\"Estimated reading time\" \/>\n\t<meta name=\"twitter:data1\" content=\"3 minutes\" \/>\n<script type=\"application\/ld+json\" class=\"yoast-schema-graph\">{\"@context\":\"https:\\\/\\\/schema.org\",\"@graph\":[{\"@type\":\"WebPage\",\"@id\":\"https:\\\/\\\/french-english-lessons.com\\\/preparation-aux-examens-toefl-ielts-pour-etrangers\\\/\",\"url\":\"https:\\\/\\\/french-english-lessons.com\\\/preparation-aux-examens-toefl-ielts-pour-etrangers\\\/\",\"name\":\"Pr\u00e9paration aux examens TOEFL\\\/IELTS pour \u00e9trangers - French English Lessons\",\"isPartOf\":{\"@id\":\"https:\\\/\\\/french-english-lessons.com\\\/#website\"},\"datePublished\":\"2024-12-11T15:51:33+00:00\",\"dateModified\":\"2024-12-11T16:06:43+00:00\",\"breadcrumb\":{\"@id\":\"https:\\\/\\\/french-english-lessons.com\\\/preparation-aux-examens-toefl-ielts-pour-etrangers\\\/#breadcrumb\"},\"inLanguage\":\"en-GB\",\"potentialAction\":[{\"@type\":\"ReadAction\",\"target\":[\"https:\\\/\\\/french-english-lessons.com\\\/preparation-aux-examens-toefl-ielts-pour-etrangers\\\/\"]}]},{\"@type\":\"BreadcrumbList\",\"@id\":\"https:\\\/\\\/french-english-lessons.com\\\/preparation-aux-examens-toefl-ielts-pour-etrangers\\\/#breadcrumb\",\"itemListElement\":[{\"@type\":\"ListItem\",\"position\":1,\"name\":\"Home\",\"item\":\"https:\\\/\\\/french-english-lessons.com\\\/\"},{\"@type\":\"ListItem\",\"position\":2,\"name\":\"Pr\u00e9paration aux examens TOEFL\\\/IELTS pour \u00e9trangers\"}]},{\"@type\":\"WebSite\",\"@id\":\"https:\\\/\\\/french-english-lessons.com\\\/#website\",\"url\":\"https:\\\/\\\/french-english-lessons.com\\\/\",\"name\":\"French English Lessons\",\"description\":\"\",\"potentialAction\":[{\"@type\":\"SearchAction\",\"target\":{\"@type\":\"EntryPoint\",\"urlTemplate\":\"https:\\\/\\\/french-english-lessons.com\\\/?s={search_term_string}\"},\"query-input\":{\"@type\":\"PropertyValueSpecification\",\"valueRequired\":true,\"valueName\":\"search_term_string\"}}],\"inLanguage\":\"en-GB\"}]}<\/script>\n<!-- \/ Yoast SEO plugin. -->","yoast_head_json":{"title":"TOEFL\/IELTS exam preparation for foreigners - French English Lessons","robots":{"index":"index","follow":"follow","max-snippet":"max-snippet:-1","max-image-preview":"max-image-preview:large","max-video-preview":"max-video-preview:-1"},"canonical":"https:\/\/french-english-lessons.com\/en\/preparation-for-toefl-ielts-exams-for-foreigners\/","og_locale":"en_GB","og_type":"article","og_title":"Pr\u00e9paration aux examens TOEFL\/IELTS pour \u00e9trangers - French English Lessons","og_description":"Vous souhaitez r\u00e9ussir les examens TOEFL ou IELTS pour atteindre vos objectifs acad\u00e9miques ou professionnels ? Nos cours de pr\u00e9paration aux examens TOEFL\/IELTS pour \u00e9trangers sont sp\u00e9cialement con\u00e7us pour vous aider \u00e0 maximiser votre score. Gr\u00e2ce \u00e0 une m\u00e9thode cibl\u00e9e et des exercices pratiques, vous apprendrez \u00e0 ma\u00eetriser les comp\u00e9tences n\u00e9cessaires pour chaque section de [&hellip;]","og_url":"https:\/\/french-english-lessons.com\/en\/preparation-for-toefl-ielts-exams-for-foreigners\/","og_site_name":"French English Lessons","article_modified_time":"2024-12-11T16:06:43+00:00","twitter_card":"summary_large_image","twitter_misc":{"Estimated reading time":"3 minutes"},"schema":{"@context":"https:\/\/schema.org","@graph":[{"@type":"WebPage","@id":"https:\/\/french-english-lessons.com\/preparation-aux-examens-toefl-ielts-pour-etrangers\/","url":"https:\/\/french-english-lessons.com\/preparation-aux-examens-toefl-ielts-pour-etrangers\/","name":"TOEFL\/IELTS exam preparation for foreigners - French English Lessons","isPartOf":{"@id":"https:\/\/french-english-lessons.com\/#website"},"datePublished":"2024-12-11T15:51:33+00:00","dateModified":"2024-12-11T16:06:43+00:00","breadcrumb":{"@id":"https:\/\/french-english-lessons.com\/preparation-aux-examens-toefl-ielts-pour-etrangers\/#breadcrumb"},"inLanguage":"en-GB","potentialAction":[{"@type":"ReadAction","target":["https:\/\/french-english-lessons.com\/preparation-aux-examens-toefl-ielts-pour-etrangers\/"]}]},{"@type":"BreadcrumbList","@id":"https:\/\/french-english-lessons.com\/preparation-aux-examens-toefl-ielts-pour-etrangers\/#breadcrumb","itemListElement":[{"@type":"ListItem","position":1,"name":"Home","item":"https:\/\/french-english-lessons.com\/"},{"@type":"ListItem","position":2,"name":"Pr\u00e9paration aux examens TOEFL\/IELTS pour \u00e9trangers"}]},{"@type":"WebSite","@id":"https:\/\/french-english-lessons.com\/#website","url":"https:\/\/french-english-lessons.com\/","name":"French English Lessons","description":"","potentialAction":[{"@type":"SearchAction","target":{"@type":"EntryPoint","urlTemplate":"https:\/\/french-english-lessons.com\/?s={search_term_string}"},"query-input":{"@type":"PropertyValueSpecification","valueRequired":true,"valueName":"search_term_string"}}],"inLanguage":"en-GB"}]}},"_links":{"self":[{"href":"https:\/\/french-english-lessons.com\/en\/wp-json\/wp\/v2\/pages\/332","targetHints":{"allow":["GET"]}}],"collection":[{"href":"https:\/\/french-english-lessons.com\/en\/wp-json\/wp\/v2\/pages"}],"about":[{"href":"https:\/\/french-english-lessons.com\/en\/wp-json\/wp\/v2\/types\/page"}],"author":[{"embeddable":true,"href":"https:\/\/french-english-lessons.com\/en\/wp-json\/wp\/v2\/users\/1"}],"replies":[{"embeddable":true,"href":"https:\/\/french-english-lessons.com\/en\/wp-json\/wp\/v2\/comments?post=332"}],"version-history":[{"count":13,"href":"https:\/\/french-english-lessons.com\/en\/wp-json\/wp\/v2\/pages\/332\/revisions"}],"predecessor-version":[{"id":439,"href":"https:\/\/french-english-lessons.com\/en\/wp-json\/wp\/v2\/pages\/332\/revisions\/439"}],"wp:attachment":[{"href":"https:\/\/french-english-lessons.com\/en\/wp-json\/wp\/v2\/media?parent=332"}],"curies":[{"name":"wp","href":"https:\/\/api.w.org\/{rel}","templated":true}]}}