{"id":250,"date":"2024-11-27T17:02:09","date_gmt":"2024-11-27T16:02:09","guid":{"rendered":"https:\/\/french-english-lessons.com\/?page_id=250"},"modified":"2024-11-27T17:03:37","modified_gmt":"2024-11-27T16:03:37","slug":"french-conversation-classes-for-foreigners","status":"publish","type":"page","link":"https:\/\/french-english-lessons.com\/en\/french-conversation-classes-for-foreigners\/","title":{"rendered":"French conversation classes for foreigners"},"content":{"rendered":"<div data-elementor-type=\"wp-page\" data-elementor-id=\"250\" class=\"elementor elementor-250\" data-elementor-post-type=\"page\">\n\t\t\t\t<div class=\"elementor-element elementor-element-6fcc9f6 e-flex e-con-boxed e-con e-parent\" data-id=\"6fcc9f6\" data-element_type=\"container\" data-e-type=\"container\" data-settings=\"{&quot;jet_parallax_layout_list&quot;:[]}\">\n\t\t\t\t\t<div class=\"e-con-inner\">\n\t\t\t\t<div class=\"elementor-element elementor-element-9b34527 elementor-widget elementor-widget-heading\" data-id=\"9b34527\" data-element_type=\"widget\" data-e-type=\"widget\" data-widget_type=\"heading.default\">\n\t\t\t\t<div class=\"elementor-widget-container\">\n\t\t\t\t\t<h1 class=\"elementor-heading-title elementor-size-default\">French conversation classes for foreigners: gain confidence in speaking French\n\n<\/h1>\t\t\t\t<\/div>\n\t\t\t\t<\/div>\n\t\t\t\t<div class=\"elementor-element elementor-element-816ce2e elementor-widget elementor-widget-text-editor\" data-id=\"816ce2e\" data-element_type=\"widget\" data-e-type=\"widget\" data-widget_type=\"text-editor.default\">\n\t\t\t\t<div class=\"elementor-widget-container\">\n\t\t\t\t\t\t\t\t\t<p>Speaking confidently in French can transform your experience in a French-speaking country. Our <strong>French conversation classes for foreigners<\/strong> are designed to help you speak fluently and naturally in all everyday, professional and social situations. Using a method based on interactive exchanges, you will develop your vocabulary, improve your pronunciation and gain the confidence to express yourself spontaneously.<\/p>\t\t\t\t\t\t\t\t<\/div>\n\t\t\t\t<\/div>\n\t\t\t\t<div class=\"elementor-element elementor-element-cefdefa elementor-widget elementor-widget-button\" data-id=\"cefdefa\" data-element_type=\"widget\" data-e-type=\"widget\" data-widget_type=\"button.default\">\n\t\t\t\t<div class=\"elementor-widget-container\">\n\t\t\t\t\t\t\t\t\t<div class=\"elementor-button-wrapper\">\n\t\t\t\t\t<a class=\"elementor-button elementor-button-link elementor-size-sm\" href=\"https:\/\/french-english-lessons.com\/en\/contact\/\">\n\t\t\t\t\t\t<span class=\"elementor-button-content-wrapper\">\n\t\t\t\t\t\t\t\t\t<span class=\"elementor-button-text\">Contact me at<\/span>\n\t\t\t\t\t<\/span>\n\t\t\t\t\t<\/a>\n\t\t\t\t<\/div>\n\t\t\t\t\t\t\t\t<\/div>\n\t\t\t\t<\/div>\n\t\t\t\t\t<\/div>\n\t\t\t\t<\/div>\n\t\t<div class=\"elementor-element elementor-element-d62cc02 e-flex e-con-boxed e-con e-parent\" data-id=\"d62cc02\" data-element_type=\"container\" data-e-type=\"container\" data-settings=\"{&quot;background_background&quot;:&quot;classic&quot;,&quot;jet_parallax_layout_list&quot;:[]}\">\n\t\t\t\t\t<div class=\"e-con-inner\">\n\t\t\t\t<div class=\"elementor-element elementor-element-1c41b98 elementor-widget elementor-widget-heading\" data-id=\"1c41b98\" data-element_type=\"widget\" data-e-type=\"widget\" data-widget_type=\"heading.default\">\n\t\t\t\t<div class=\"elementor-widget-container\">\n\t\t\t\t\t<h2 class=\"elementor-heading-title elementor-size-default\">Why take French conversation classes for foreigners?\n\n<\/h2>\t\t\t\t<\/div>\n\t\t\t\t<\/div>\n\t\t\t\t<div class=\"elementor-element elementor-element-bc6c54e elementor-widget elementor-widget-text-editor\" data-id=\"bc6c54e\" data-element_type=\"widget\" data-e-type=\"widget\" data-widget_type=\"text-editor.default\">\n\t\t\t\t<div class=\"elementor-widget-container\">\n\t\t\t\t\t\t\t\t\t<p>Conversation classes are perfect for foreigners who want to focus on their oral expression. Unlike traditional methods which focus on grammar and written exercises, these courses emphasise practical, interactive discussions. You will learn to converse in a variety of situations, such as ordering in a restaurant, taking part in meetings or chatting with friends. These courses enable you to improve your listening comprehension while learning to react naturally and spontaneously.<\/p>\t\t\t\t\t\t\t\t<\/div>\n\t\t\t\t<\/div>\n\t\t\t\t<div class=\"elementor-element elementor-element-5d7203f elementor-widget elementor-widget-button\" data-id=\"5d7203f\" data-element_type=\"widget\" data-e-type=\"widget\" data-widget_type=\"button.default\">\n\t\t\t\t<div class=\"elementor-widget-container\">\n\t\t\t\t\t\t\t\t\t<div class=\"elementor-button-wrapper\">\n\t\t\t\t\t<a class=\"elementor-button elementor-button-link elementor-size-sm\" href=\"https:\/\/french-english-lessons.com\/en\/contact\/\">\n\t\t\t\t\t\t<span class=\"elementor-button-content-wrapper\">\n\t\t\t\t\t\t\t\t\t<span class=\"elementor-button-text\">Contact me at<\/span>\n\t\t\t\t\t<\/span>\n\t\t\t\t\t<\/a>\n\t\t\t\t<\/div>\n\t\t\t\t\t\t\t\t<\/div>\n\t\t\t\t<\/div>\n\t\t\t\t\t<\/div>\n\t\t\t\t<\/div>\n\t\t<div class=\"elementor-element elementor-element-907422c e-flex e-con-boxed e-con e-parent\" data-id=\"907422c\" data-element_type=\"container\" data-e-type=\"container\" data-settings=\"{&quot;jet_parallax_layout_list&quot;:[]}\">\n\t\t\t\t\t<div class=\"e-con-inner\">\n\t\t\t\t<div class=\"elementor-element elementor-element-c03557f elementor-widget elementor-widget-heading\" data-id=\"c03557f\" data-element_type=\"widget\" data-e-type=\"widget\" data-widget_type=\"heading.default\">\n\t\t\t\t<div class=\"elementor-widget-container\">\n\t\t\t\t\t<h2 class=\"elementor-heading-title elementor-size-default\">How do our French conversation courses for foreigners work?\n\n<\/h2>\t\t\t\t<\/div>\n\t\t\t\t<\/div>\n\t\t\t\t<div class=\"elementor-element elementor-element-bbf8cfd elementor-widget elementor-widget-text-editor\" data-id=\"bbf8cfd\" data-element_type=\"widget\" data-e-type=\"widget\" data-widget_type=\"text-editor.default\">\n\t\t\t\t<div class=\"elementor-widget-container\">\n\t\t\t\t\t\t\t\t\t<p>The courses take place entirely online, in a relaxed and caring environment. During each session, you will take part in discussions on a variety of topics, depending on your interests and needs. We use real-life scenarios to prepare you for real-life situations: talking about your daily life, sharing your ideas or giving your opinion. You will be encouraged to ask questions, interact and practise actively. These exchanges will help you consolidate what you have already learnt while enriching your vocabulary and fluency.<\/p>\t\t\t\t\t\t\t\t<\/div>\n\t\t\t\t<\/div>\n\t\t\t\t<div class=\"elementor-element elementor-element-2f05cea elementor-widget elementor-widget-button\" data-id=\"2f05cea\" data-element_type=\"widget\" data-e-type=\"widget\" data-widget_type=\"button.default\">\n\t\t\t\t<div class=\"elementor-widget-container\">\n\t\t\t\t\t\t\t\t\t<div class=\"elementor-button-wrapper\">\n\t\t\t\t\t<a class=\"elementor-button elementor-button-link elementor-size-sm\" href=\"https:\/\/french-english-lessons.com\/en\/contact\/\">\n\t\t\t\t\t\t<span class=\"elementor-button-content-wrapper\">\n\t\t\t\t\t\t\t\t\t<span class=\"elementor-button-text\">Contact me at<\/span>\n\t\t\t\t\t<\/span>\n\t\t\t\t\t<\/a>\n\t\t\t\t<\/div>\n\t\t\t\t\t\t\t\t<\/div>\n\t\t\t\t<\/div>\n\t\t\t\t\t<\/div>\n\t\t\t\t<\/div>\n\t\t<div class=\"elementor-element elementor-element-4828066 e-flex e-con-boxed e-con e-parent\" data-id=\"4828066\" data-element_type=\"container\" data-e-type=\"container\" data-settings=\"{&quot;background_background&quot;:&quot;classic&quot;,&quot;jet_parallax_layout_list&quot;:[]}\">\n\t\t\t\t\t<div class=\"e-con-inner\">\n\t\t\t\t<div class=\"elementor-element elementor-element-5e1b2c8 elementor-widget elementor-widget-heading\" data-id=\"5e1b2c8\" data-element_type=\"widget\" data-e-type=\"widget\" data-widget_type=\"heading.default\">\n\t\t\t\t<div class=\"elementor-widget-container\">\n\t\t\t\t\t<h2 class=\"elementor-heading-title elementor-size-default\">The benefits of French conversation classes for foreigners\n\n<\/h2>\t\t\t\t<\/div>\n\t\t\t\t<\/div>\n\t\t\t\t<div class=\"elementor-element elementor-element-764f6ec elementor-widget elementor-widget-text-editor\" data-id=\"764f6ec\" data-element_type=\"widget\" data-e-type=\"widget\" data-widget_type=\"text-editor.default\">\n\t\t\t\t<div class=\"elementor-widget-container\">\n\t\t\t\t\t\t\t\t\t<p>With regular practice, you'll notice a rapid improvement in your ability to express yourself in French. These courses help you overcome the fear of speaking and develop a natural fluency. They are ideal for improving your pronunciation, learning to structure your ideas and expanding your vocabulary. These skills will help you to understand your interlocutors better and to interact effectively, whether in your everyday life, at work or at social gatherings.<\/p>\t\t\t\t\t\t\t\t<\/div>\n\t\t\t\t<\/div>\n\t\t\t\t<div class=\"elementor-element elementor-element-bd83c52 elementor-widget elementor-widget-button\" data-id=\"bd83c52\" data-element_type=\"widget\" data-e-type=\"widget\" data-widget_type=\"button.default\">\n\t\t\t\t<div class=\"elementor-widget-container\">\n\t\t\t\t\t\t\t\t\t<div class=\"elementor-button-wrapper\">\n\t\t\t\t\t<a class=\"elementor-button elementor-button-link elementor-size-sm\" href=\"https:\/\/french-english-lessons.com\/en\/contact\/\">\n\t\t\t\t\t\t<span class=\"elementor-button-content-wrapper\">\n\t\t\t\t\t\t\t\t\t<span class=\"elementor-button-text\">Contact me at<\/span>\n\t\t\t\t\t<\/span>\n\t\t\t\t\t<\/a>\n\t\t\t\t<\/div>\n\t\t\t\t\t\t\t\t<\/div>\n\t\t\t\t<\/div>\n\t\t\t\t\t<\/div>\n\t\t\t\t<\/div>\n\t\t<div class=\"elementor-element elementor-element-2f40e6d e-flex e-con-boxed e-con e-parent\" data-id=\"2f40e6d\" data-element_type=\"container\" data-e-type=\"container\" data-settings=\"{&quot;jet_parallax_layout_list&quot;:[]}\">\n\t\t\t\t\t<div class=\"e-con-inner\">\n\t\t\t\t<div class=\"elementor-element elementor-element-dc35de1 elementor-widget elementor-widget-heading\" data-id=\"dc35de1\" data-element_type=\"widget\" data-e-type=\"widget\" data-widget_type=\"heading.default\">\n\t\t\t\t<div class=\"elementor-widget-container\">\n\t\t\t\t\t<h2 class=\"elementor-heading-title elementor-size-default\">Book your French conversation classes for foreigners today\n\n<\/h2>\t\t\t\t<\/div>\n\t\t\t\t<\/div>\n\t\t\t\t<div class=\"elementor-element elementor-element-5ce13b5 elementor-widget elementor-widget-text-editor\" data-id=\"5ce13b5\" data-element_type=\"widget\" data-e-type=\"widget\" data-widget_type=\"text-editor.default\">\n\t\t\t\t<div class=\"elementor-widget-container\">\n\t\t\t\t\t\t\t\t\t<p>Don't wait any longer to develop your French language skills. Our <strong>French conversation classes for foreigners<\/strong> are suitable for all levels, from beginner to advanced. With an interactive method and varied themes, you'll make rapid progress while enjoying the learning process. Book a session now and discover how our courses can transform the way you communicate in French. Learn to speak with confidence and fluency in all situations.<\/p>\t\t\t\t\t\t\t\t<\/div>\n\t\t\t\t<\/div>\n\t\t\t\t<div class=\"elementor-element elementor-element-b527046 elementor-widget elementor-widget-button\" data-id=\"b527046\" data-element_type=\"widget\" data-e-type=\"widget\" data-widget_type=\"button.default\">\n\t\t\t\t<div class=\"elementor-widget-container\">\n\t\t\t\t\t\t\t\t\t<div class=\"elementor-button-wrapper\">\n\t\t\t\t\t<a class=\"elementor-button elementor-button-link elementor-size-sm\" href=\"https:\/\/french-english-lessons.com\/en\/contact\/\">\n\t\t\t\t\t\t<span class=\"elementor-button-content-wrapper\">\n\t\t\t\t\t\t\t\t\t<span class=\"elementor-button-text\">Contact me at<\/span>\n\t\t\t\t\t<\/span>\n\t\t\t\t\t<\/a>\n\t\t\t\t<\/div>\n\t\t\t\t\t\t\t\t<\/div>\n\t\t\t\t<\/div>\n\t\t\t\t\t<\/div>\n\t\t\t\t<\/div>\n\t\t<div class=\"elementor-element elementor-element-6bf5d0f e-flex e-con-boxed e-con e-parent\" data-id=\"6bf5d0f\" data-element_type=\"container\" data-e-type=\"container\" data-settings=\"{&quot;background_background&quot;:&quot;classic&quot;,&quot;jet_parallax_layout_list&quot;:[]}\">\n\t\t\t\t\t<div class=\"e-con-inner\">\n\t\t\t\t<div class=\"elementor-element elementor-element-d989722 elementor-widget elementor-widget-heading\" data-id=\"d989722\" data-element_type=\"widget\" data-e-type=\"widget\" data-widget_type=\"heading.default\">\n\t\t\t\t<div class=\"elementor-widget-container\">\n\t\t\t\t\t<h2 class=\"elementor-heading-title elementor-size-default\">FAQ - Frequently asked questions\n<\/h2>\t\t\t\t<\/div>\n\t\t\t\t<\/div>\n\t\t\t\t<div class=\"elementor-element elementor-element-de9278d elementor-widget elementor-widget-text-editor\" data-id=\"de9278d\" data-element_type=\"widget\" data-e-type=\"widget\" data-widget_type=\"text-editor.default\">\n\t\t\t\t<div class=\"elementor-widget-container\">\n\t\t\t\t\t\t\t\t\t<p><strong>Are these courses suitable for beginners?<\/strong><br \/>Yes, our conversation classes are suitable for all levels, including beginners. We progress at your own pace and work on the basics you need to be able to speak.<\/p><p><strong>What subjects are covered in these courses?<\/strong><br \/>The subjects are varied and tailored to your interests: current affairs, leisure activities, everyday situations or even professional themes.<\/p><p><strong>How do the courses work?<\/strong><br \/>They take place online via Zoom or Skype. Each session is interactive and focuses on speaking practice, with feedback to improve your pronunciation and vocabulary.<\/p>\t\t\t\t\t\t\t\t<\/div>\n\t\t\t\t<\/div>\n\t\t\t\t<div class=\"elementor-element elementor-element-98a65d3 elementor-widget elementor-widget-button\" data-id=\"98a65d3\" data-element_type=\"widget\" data-e-type=\"widget\" data-widget_type=\"button.default\">\n\t\t\t\t<div class=\"elementor-widget-container\">\n\t\t\t\t\t\t\t\t\t<div class=\"elementor-button-wrapper\">\n\t\t\t\t\t<a class=\"elementor-button elementor-button-link elementor-size-sm\" href=\"https:\/\/french-english-lessons.com\/en\/contact\/\">\n\t\t\t\t\t\t<span class=\"elementor-button-content-wrapper\">\n\t\t\t\t\t\t\t\t\t<span class=\"elementor-button-text\">Contact me at<\/span>\n\t\t\t\t\t<\/span>\n\t\t\t\t\t<\/a>\n\t\t\t\t<\/div>\n\t\t\t\t\t\t\t\t<\/div>\n\t\t\t\t<\/div>\n\t\t\t\t\t<\/div>\n\t\t\t\t<\/div>\n\t\t\t\t<\/div>","protected":false},"excerpt":{"rendered":"<p>Cours de conversation en fran\u00e7ais pour \u00e9trangers : gagnez en confiance \u00e0 l\u2019oral S\u2019exprimer avec assurance en fran\u00e7ais peut transformer votre exp\u00e9rience dans un pays francophone. Nos cours de conversation en fran\u00e7ais pour \u00e9trangers sont con\u00e7us pour vous aider \u00e0 parler avec fluidit\u00e9 et naturel dans toutes les situations de la vie quotidienne, professionnelle ou [&hellip;]<\/p>\n","protected":false},"author":1,"featured_media":0,"parent":0,"menu_order":0,"comment_status":"closed","ping_status":"closed","template":"elementor_header_footer","meta":{"footnotes":""},"class_list":["post-250","page","type-page","status-publish","hentry"],"yoast_head":"<!-- This site is optimized with the Yoast SEO plugin v27.5 - https:\/\/yoast.com\/product\/yoast-seo-wordpress\/ -->\n<title>Cours de conversation en fran\u00e7ais pour \u00e9trangers - French English Lessons<\/title>\n<meta name=\"description\" content=\"Am\u00e9liorez votre aisance \u00e0 l\u2019oral avec nos cours de conversation en fran\u00e7ais pour \u00e9trangers. M\u00e9thode interactive et adapt\u00e9e \u00e0 tous les niveaux. R\u00e9servez maintenant\u202f!\" \/>\n<meta name=\"robots\" content=\"index, follow, max-snippet:-1, max-image-preview:large, max-video-preview:-1\" \/>\n<link rel=\"canonical\" href=\"https:\/\/french-english-lessons.com\/en\/french-conversation-classes-for-foreigners\/\" \/>\n<meta property=\"og:locale\" content=\"en_GB\" \/>\n<meta property=\"og:type\" content=\"article\" \/>\n<meta property=\"og:title\" content=\"Cours de conversation en fran\u00e7ais pour \u00e9trangers - French English Lessons\" \/>\n<meta property=\"og:description\" content=\"Am\u00e9liorez votre aisance \u00e0 l\u2019oral avec nos cours de conversation en fran\u00e7ais pour \u00e9trangers. M\u00e9thode interactive et adapt\u00e9e \u00e0 tous les niveaux. R\u00e9servez maintenant\u202f!\" \/>\n<meta property=\"og:url\" content=\"https:\/\/french-english-lessons.com\/en\/french-conversation-classes-for-foreigners\/\" \/>\n<meta property=\"og:site_name\" content=\"French English Lessons\" \/>\n<meta property=\"article:modified_time\" content=\"2024-11-27T16:03:37+00:00\" \/>\n<meta name=\"twitter:card\" content=\"summary_large_image\" \/>\n<meta name=\"twitter:label1\" content=\"Estimated reading time\" \/>\n\t<meta name=\"twitter:data1\" content=\"3 minutes\" \/>\n<script type=\"application\/ld+json\" class=\"yoast-schema-graph\">{\"@context\":\"https:\\\/\\\/schema.org\",\"@graph\":[{\"@type\":\"WebPage\",\"@id\":\"https:\\\/\\\/french-english-lessons.com\\\/cours-de-conversation-en-francais-pour-etrangers\\\/\",\"url\":\"https:\\\/\\\/french-english-lessons.com\\\/cours-de-conversation-en-francais-pour-etrangers\\\/\",\"name\":\"Cours de conversation en fran\u00e7ais pour \u00e9trangers - French English Lessons\",\"isPartOf\":{\"@id\":\"https:\\\/\\\/french-english-lessons.com\\\/#website\"},\"datePublished\":\"2024-11-27T16:02:09+00:00\",\"dateModified\":\"2024-11-27T16:03:37+00:00\",\"description\":\"Am\u00e9liorez votre aisance \u00e0 l\u2019oral avec nos cours de conversation en fran\u00e7ais pour \u00e9trangers. M\u00e9thode interactive et adapt\u00e9e \u00e0 tous les niveaux. R\u00e9servez maintenant\u202f!\",\"breadcrumb\":{\"@id\":\"https:\\\/\\\/french-english-lessons.com\\\/cours-de-conversation-en-francais-pour-etrangers\\\/#breadcrumb\"},\"inLanguage\":\"en-GB\",\"potentialAction\":[{\"@type\":\"ReadAction\",\"target\":[\"https:\\\/\\\/french-english-lessons.com\\\/cours-de-conversation-en-francais-pour-etrangers\\\/\"]}]},{\"@type\":\"BreadcrumbList\",\"@id\":\"https:\\\/\\\/french-english-lessons.com\\\/cours-de-conversation-en-francais-pour-etrangers\\\/#breadcrumb\",\"itemListElement\":[{\"@type\":\"ListItem\",\"position\":1,\"name\":\"Home\",\"item\":\"https:\\\/\\\/french-english-lessons.com\\\/\"},{\"@type\":\"ListItem\",\"position\":2,\"name\":\"Cours de conversation en fran\u00e7ais pour \u00e9trangers\"}]},{\"@type\":\"WebSite\",\"@id\":\"https:\\\/\\\/french-english-lessons.com\\\/#website\",\"url\":\"https:\\\/\\\/french-english-lessons.com\\\/\",\"name\":\"French English Lessons\",\"description\":\"\",\"potentialAction\":[{\"@type\":\"SearchAction\",\"target\":{\"@type\":\"EntryPoint\",\"urlTemplate\":\"https:\\\/\\\/french-english-lessons.com\\\/?s={search_term_string}\"},\"query-input\":{\"@type\":\"PropertyValueSpecification\",\"valueRequired\":true,\"valueName\":\"search_term_string\"}}],\"inLanguage\":\"en-GB\"}]}<\/script>\n<!-- \/ Yoast SEO plugin. -->","yoast_head_json":{"title":"French conversation classes for foreigners - French English Lessons","description":"Improve your oral fluency with our French conversation classes for foreigners. An interactive method adapted to all levels. Book your course now!","robots":{"index":"index","follow":"follow","max-snippet":"max-snippet:-1","max-image-preview":"max-image-preview:large","max-video-preview":"max-video-preview:-1"},"canonical":"https:\/\/french-english-lessons.com\/en\/french-conversation-classes-for-foreigners\/","og_locale":"en_GB","og_type":"article","og_title":"Cours de conversation en fran\u00e7ais pour \u00e9trangers - French English Lessons","og_description":"Am\u00e9liorez votre aisance \u00e0 l\u2019oral avec nos cours de conversation en fran\u00e7ais pour \u00e9trangers. M\u00e9thode interactive et adapt\u00e9e \u00e0 tous les niveaux. R\u00e9servez maintenant\u202f!","og_url":"https:\/\/french-english-lessons.com\/en\/french-conversation-classes-for-foreigners\/","og_site_name":"French English Lessons","article_modified_time":"2024-11-27T16:03:37+00:00","twitter_card":"summary_large_image","twitter_misc":{"Estimated reading time":"3 minutes"},"schema":{"@context":"https:\/\/schema.org","@graph":[{"@type":"WebPage","@id":"https:\/\/french-english-lessons.com\/cours-de-conversation-en-francais-pour-etrangers\/","url":"https:\/\/french-english-lessons.com\/cours-de-conversation-en-francais-pour-etrangers\/","name":"French conversation classes for foreigners - French English Lessons","isPartOf":{"@id":"https:\/\/french-english-lessons.com\/#website"},"datePublished":"2024-11-27T16:02:09+00:00","dateModified":"2024-11-27T16:03:37+00:00","description":"Improve your oral fluency with our French conversation classes for foreigners. An interactive method adapted to all levels. Book your course now!","breadcrumb":{"@id":"https:\/\/french-english-lessons.com\/cours-de-conversation-en-francais-pour-etrangers\/#breadcrumb"},"inLanguage":"en-GB","potentialAction":[{"@type":"ReadAction","target":["https:\/\/french-english-lessons.com\/cours-de-conversation-en-francais-pour-etrangers\/"]}]},{"@type":"BreadcrumbList","@id":"https:\/\/french-english-lessons.com\/cours-de-conversation-en-francais-pour-etrangers\/#breadcrumb","itemListElement":[{"@type":"ListItem","position":1,"name":"Home","item":"https:\/\/french-english-lessons.com\/"},{"@type":"ListItem","position":2,"name":"Cours de conversation en fran\u00e7ais pour \u00e9trangers"}]},{"@type":"WebSite","@id":"https:\/\/french-english-lessons.com\/#website","url":"https:\/\/french-english-lessons.com\/","name":"French English Lessons","description":"","potentialAction":[{"@type":"SearchAction","target":{"@type":"EntryPoint","urlTemplate":"https:\/\/french-english-lessons.com\/?s={search_term_string}"},"query-input":{"@type":"PropertyValueSpecification","valueRequired":true,"valueName":"search_term_string"}}],"inLanguage":"en-GB"}]}},"_links":{"self":[{"href":"https:\/\/french-english-lessons.com\/en\/wp-json\/wp\/v2\/pages\/250","targetHints":{"allow":["GET"]}}],"collection":[{"href":"https:\/\/french-english-lessons.com\/en\/wp-json\/wp\/v2\/pages"}],"about":[{"href":"https:\/\/french-english-lessons.com\/en\/wp-json\/wp\/v2\/types\/page"}],"author":[{"embeddable":true,"href":"https:\/\/french-english-lessons.com\/en\/wp-json\/wp\/v2\/users\/1"}],"replies":[{"embeddable":true,"href":"https:\/\/french-english-lessons.com\/en\/wp-json\/wp\/v2\/comments?post=250"}],"version-history":[{"count":4,"href":"https:\/\/french-english-lessons.com\/en\/wp-json\/wp\/v2\/pages\/250\/revisions"}],"predecessor-version":[{"id":254,"href":"https:\/\/french-english-lessons.com\/en\/wp-json\/wp\/v2\/pages\/250\/revisions\/254"}],"wp:attachment":[{"href":"https:\/\/french-english-lessons.com\/en\/wp-json\/wp\/v2\/media?parent=250"}],"curies":[{"name":"wp","href":"https:\/\/api.w.org\/{rel}","templated":true}]}}